{"id":987,"date":"2025-07-15T19:07:43","date_gmt":"2025-07-16T01:07:43","guid":{"rendered":"https:\/\/segurosgam.com\/?page_id=987"},"modified":"2026-02-04T19:28:28","modified_gmt":"2026-02-05T01:28:28","slug":"patrimonio-a-futuro-y-heredable","status":"publish","type":"page","link":"https:\/\/segurosgam.com\/en\/vivienda-vertical\/patrimonio-a-futuro-y-heredable\/","title":{"rendered":"PATRIMONIO A FUTURO Y HEREDABLE."},"content":{"rendered":"\n\n\n\n\n<h2>\u00a1\u00a1Est\u00e1s haciendo una gran elecci\u00f3n!!<\/h2>\n\n\n\n\n\n\n\n\n\n\n\n\n\n<h2>VIVIR BIEN TAMBI\u00c9N ES UNA INVERSI\u00d3N INTELIGENTE<\/h2>\n\n\n\n\n\n\n\n\n<strong>Vive como quieres, donde lo mereces, donde todo sucede:<\/strong>\n\n\n\nUbicaci\u00f3n estrat\u00e9gica en zonas de <strong>alta plusval\u00eda<\/strong>, cerca de todo: trabajo, diversi\u00f3n, estudio y salud.\n\n\n\n\n\n\n\n\n\n\n\n\n\n\n\n<strong><\/strong>Bajo mantenimiento, \u00a1y muchos gastos compartidos!\n\n\n\nDisfruta amenidades que hacen la diferencia: <strong>elevadores, vigilancia, estacionamiento, gimnasio, coworking, roof garden y m\u00e1s<\/strong>.\n\n\n\n\n\n\n\n\n<h2>Tu espacio, tu estilo:<\/h2>\n\n\n\n\n\n\n\n<p>Departamentos de lujo, <strong>modernos y funcionales<\/strong>, pensados para un estilo de vida <strong>c\u00f3modo, pr\u00e1ctico y con identidad<\/strong>.<br><br><br>Adem\u00e1s, puedes <strong>capitalizar tu inversi\u00f3n<\/strong> si as\u00ed lo decides. \u00a1Nosotros te ayudamos!<br><\/p>\n\n\n\n\n\n\n\n\n\n\n\n\n\n\nSolo necesitas aportar un <strong>enganche accesible<\/strong>, y aprovechar el financiamiento que el desarrollador te ofrece .\n\n\n\nTambi\u00e9n puedes comprar de contado con recurso propio, o utilizando tu cr\u00e9dito.\n\n\n\n\n\n\n\n\n<h3>\u00bfCorto de presupuesto? <br>No importa: hay formas de hacerlo posible.<\/h3>\n\n\n\n\n\n\n\n\n\n\n\n\n\n<p [object NamedNodeMap]><span style=\"color:#0b0bc6ff;\"><strong style=\"font-size: x-large;\">\u00a1\u00a1No es cuesti\u00f3n de tenerlo todo, sino de tener las opciones correctas. Y ac\u00e1 est\u00e1n.!!<\/strong><br><\/span><br><br>Tenemos <strong>planes de pago flexibles <\/strong>y muchas opciones para que puedas <strong>obtener tu unidad<\/strong> como siempre la so\u00f1aste y <strong>con total tranquilidad<\/strong>.<\/p>\n\n\n\n\n\n\n\n<h2>Vivir bien y crecer financieramente es posible.<\/h2>\n\n\n\n\n\n\n\n<h2>\u00a1\u00a1Cont\u00e1ctanos y te lo demostramos!!<\/h2>\n\n\n\n\n\n\n\n<h4> \u00bfQUE TIPO DE COMPRA PREFIERES?<\/h4>\n\n\n\n\n\n\n\n\n\n\n\n\n\n\n\n\n\n\n","protected":false},"excerpt":{"rendered":"","protected":false},"author":1,"featured_media":825,"parent":736,"menu_order":0,"comment_status":"closed","ping_status":"closed","template":"","meta":{"pagelayer_contact_templates":[],"_pagelayer_content":"","ngg_post_thumbnail":0,"footnotes":""},"class_list":["post-987","page","type-page","status-publish","has-post-thumbnail","hentry"],"yoast_head":"<!-- This site is optimized with the Yoast SEO plugin v27.1.1 - https:\/\/yoast.com\/product\/yoast-seo-wordpress\/ -->\n<title>PATRIMONIO A FUTURO Y HEREDABLE. | SEGUROS GAM<\/title>\n<meta name=\"description\" content=\"Asesoramiento profesional en Vivienda Vertical como inversi\u00f3n y capitalizaci\u00f3n. Tenemos m\u00e1s de 15 a\u00f1os de experiencia en el ramo.\" \/>\n<meta name=\"robots\" content=\"index, follow, max-snippet:-1, max-image-preview:large, max-video-preview:-1\" \/>\n<link rel=\"canonical\" href=\"https:\/\/segurosgam.com\/en\/vivienda-vertical\/patrimonio-a-futuro-y-heredable\/\" \/>\n<meta property=\"og:locale\" content=\"en_US\" \/>\n<meta property=\"og:type\" content=\"article\" \/>\n<meta property=\"og:title\" content=\"PATRIMONIO A FUTURO Y HEREDABLE. | SEGUROS GAM\" \/>\n<meta property=\"og:description\" content=\"Asesoramiento profesional en Vivienda Vertical como inversi\u00f3n y capitalizaci\u00f3n. Tenemos m\u00e1s de 15 a\u00f1os de experiencia en el ramo.\" \/>\n<meta property=\"og:url\" content=\"https:\/\/segurosgam.com\/en\/vivienda-vertical\/patrimonio-a-futuro-y-heredable\/\" \/>\n<meta property=\"og:site_name\" content=\"SEGUROS GAM\" \/>\n<meta property=\"article:modified_time\" content=\"2026-02-05T01:28:28+00:00\" \/>\n<meta property=\"og:image\" content=\"https:\/\/segurosgam.com\/wp-content\/uploads\/2025\/07\/face-fan-page.jpg\" \/>\n\t<meta property=\"og:image:width\" content=\"851\" \/>\n\t<meta property=\"og:image:height\" content=\"315\" \/>\n\t<meta property=\"og:image:type\" content=\"image\/jpeg\" \/>\n<meta name=\"twitter:card\" content=\"summary_large_image\" \/>\n<meta name=\"twitter:label1\" content=\"Est. reading time\" \/>\n\t<meta name=\"twitter:data1\" content=\"2 minutes\" \/>\n<script type=\"application\/ld+json\" class=\"yoast-schema-graph\">{\"@context\":\"https:\/\/schema.org\",\"@graph\":[{\"@type\":\"WebPage\",\"@id\":\"https:\/\/segurosgam.com\/en\/vivienda-vertical\/patrimonio-a-futuro-y-heredable\/\",\"url\":\"https:\/\/segurosgam.com\/en\/vivienda-vertical\/patrimonio-a-futuro-y-heredable\/\",\"name\":\"PATRIMONIO A FUTURO Y HEREDABLE. | SEGUROS GAM\",\"isPartOf\":{\"@id\":\"http:\/\/segurosgam.com\/#website\"},\"primaryImageOfPage\":{\"@id\":\"https:\/\/segurosgam.com\/en\/vivienda-vertical\/patrimonio-a-futuro-y-heredable\/#primaryimage\"},\"image\":{\"@id\":\"https:\/\/segurosgam.com\/en\/vivienda-vertical\/patrimonio-a-futuro-y-heredable\/#primaryimage\"},\"thumbnailUrl\":\"https:\/\/segurosgam.com\/wp-content\/uploads\/2025\/07\/face-fan-page.jpg\",\"datePublished\":\"2025-07-16T01:07:43+00:00\",\"dateModified\":\"2026-02-05T01:28:28+00:00\",\"description\":\"Asesoramiento profesional en Vivienda Vertical como inversi\u00f3n y capitalizaci\u00f3n. Tenemos m\u00e1s de 15 a\u00f1os de experiencia en el ramo.\",\"breadcrumb\":{\"@id\":\"https:\/\/segurosgam.com\/en\/vivienda-vertical\/patrimonio-a-futuro-y-heredable\/#breadcrumb\"},\"inLanguage\":\"en-US\",\"potentialAction\":[{\"@type\":\"ReadAction\",\"target\":[\"https:\/\/segurosgam.com\/en\/vivienda-vertical\/patrimonio-a-futuro-y-heredable\/\"]}]},{\"@type\":\"ImageObject\",\"inLanguage\":\"en-US\",\"@id\":\"https:\/\/segurosgam.com\/en\/vivienda-vertical\/patrimonio-a-futuro-y-heredable\/#primaryimage\",\"url\":\"https:\/\/segurosgam.com\/wp-content\/uploads\/2025\/07\/face-fan-page.jpg\",\"contentUrl\":\"https:\/\/segurosgam.com\/wp-content\/uploads\/2025\/07\/face-fan-page.jpg\",\"width\":851,\"height\":315},{\"@type\":\"BreadcrumbList\",\"@id\":\"https:\/\/segurosgam.com\/en\/vivienda-vertical\/patrimonio-a-futuro-y-heredable\/#breadcrumb\",\"itemListElement\":[{\"@type\":\"ListItem\",\"position\":1,\"name\":\"Portada\",\"item\":\"http:\/\/segurosgam.com\/\"},{\"@type\":\"ListItem\",\"position\":2,\"name\":\"VIVIENDA VERTICAL\",\"item\":\"https:\/\/segurosgam.com\/vivienda-vertical\/\"},{\"@type\":\"ListItem\",\"position\":3,\"name\":\"PATRIMONIO A FUTURO Y HEREDABLE.\"}]},{\"@type\":\"WebSite\",\"@id\":\"http:\/\/segurosgam.com\/#website\",\"url\":\"http:\/\/segurosgam.com\/\",\"name\":\"SEGUROS GAM\",\"description\":\"SEGUROS A TU MEDIDA\",\"publisher\":{\"@id\":\"http:\/\/segurosgam.com\/#organization\"},\"potentialAction\":[{\"@type\":\"SearchAction\",\"target\":{\"@type\":\"EntryPoint\",\"urlTemplate\":\"http:\/\/segurosgam.com\/?s={search_term_string}\"},\"query-input\":{\"@type\":\"PropertyValueSpecification\",\"valueRequired\":true,\"valueName\":\"search_term_string\"}}],\"inLanguage\":\"en-US\"},{\"@type\":\"Organization\",\"@id\":\"http:\/\/segurosgam.com\/#organization\",\"name\":\"GAM ASESORES\",\"url\":\"http:\/\/segurosgam.com\/\",\"logo\":{\"@type\":\"ImageObject\",\"inLanguage\":\"en-US\",\"@id\":\"http:\/\/segurosgam.com\/#\/schema\/logo\/image\/\",\"url\":\"https:\/\/segurosgam.com\/wp-content\/uploads\/2020\/07\/logo-gera-3.jpg\",\"contentUrl\":\"https:\/\/segurosgam.com\/wp-content\/uploads\/2020\/07\/logo-gera-3.jpg\",\"width\":205,\"height\":154,\"caption\":\"GAM ASESORES\"},\"image\":{\"@id\":\"http:\/\/segurosgam.com\/#\/schema\/logo\/image\/\"}}]}<\/script>\n<!-- \/ Yoast SEO plugin. -->","yoast_head_json":{"title":"PATRIMONIO A FUTURO Y HEREDABLE. | SEGUROS GAM","description":"Asesoramiento profesional en Vivienda Vertical como inversi\u00f3n y capitalizaci\u00f3n. Tenemos m\u00e1s de 15 a\u00f1os de experiencia en el ramo.","robots":{"index":"index","follow":"follow","max-snippet":"max-snippet:-1","max-image-preview":"max-image-preview:large","max-video-preview":"max-video-preview:-1"},"canonical":"https:\/\/segurosgam.com\/en\/vivienda-vertical\/patrimonio-a-futuro-y-heredable\/","og_locale":"en_US","og_type":"article","og_title":"PATRIMONIO A FUTURO Y HEREDABLE. | SEGUROS GAM","og_description":"Asesoramiento profesional en Vivienda Vertical como inversi\u00f3n y capitalizaci\u00f3n. Tenemos m\u00e1s de 15 a\u00f1os de experiencia en el ramo.","og_url":"https:\/\/segurosgam.com\/en\/vivienda-vertical\/patrimonio-a-futuro-y-heredable\/","og_site_name":"SEGUROS GAM","article_modified_time":"2026-02-05T01:28:28+00:00","og_image":[{"width":851,"height":315,"url":"https:\/\/segurosgam.com\/wp-content\/uploads\/2025\/07\/face-fan-page.jpg","type":"image\/jpeg"}],"twitter_card":"summary_large_image","twitter_misc":{"Est. reading time":"2 minutes"},"schema":{"@context":"https:\/\/schema.org","@graph":[{"@type":"WebPage","@id":"https:\/\/segurosgam.com\/en\/vivienda-vertical\/patrimonio-a-futuro-y-heredable\/","url":"https:\/\/segurosgam.com\/en\/vivienda-vertical\/patrimonio-a-futuro-y-heredable\/","name":"PATRIMONIO A FUTURO Y HEREDABLE. | SEGUROS GAM","isPartOf":{"@id":"http:\/\/segurosgam.com\/#website"},"primaryImageOfPage":{"@id":"https:\/\/segurosgam.com\/en\/vivienda-vertical\/patrimonio-a-futuro-y-heredable\/#primaryimage"},"image":{"@id":"https:\/\/segurosgam.com\/en\/vivienda-vertical\/patrimonio-a-futuro-y-heredable\/#primaryimage"},"thumbnailUrl":"https:\/\/segurosgam.com\/wp-content\/uploads\/2025\/07\/face-fan-page.jpg","datePublished":"2025-07-16T01:07:43+00:00","dateModified":"2026-02-05T01:28:28+00:00","description":"Asesoramiento profesional en Vivienda Vertical como inversi\u00f3n y capitalizaci\u00f3n. Tenemos m\u00e1s de 15 a\u00f1os de experiencia en el ramo.","breadcrumb":{"@id":"https:\/\/segurosgam.com\/en\/vivienda-vertical\/patrimonio-a-futuro-y-heredable\/#breadcrumb"},"inLanguage":"en-US","potentialAction":[{"@type":"ReadAction","target":["https:\/\/segurosgam.com\/en\/vivienda-vertical\/patrimonio-a-futuro-y-heredable\/"]}]},{"@type":"ImageObject","inLanguage":"en-US","@id":"https:\/\/segurosgam.com\/en\/vivienda-vertical\/patrimonio-a-futuro-y-heredable\/#primaryimage","url":"https:\/\/segurosgam.com\/wp-content\/uploads\/2025\/07\/face-fan-page.jpg","contentUrl":"https:\/\/segurosgam.com\/wp-content\/uploads\/2025\/07\/face-fan-page.jpg","width":851,"height":315},{"@type":"BreadcrumbList","@id":"https:\/\/segurosgam.com\/en\/vivienda-vertical\/patrimonio-a-futuro-y-heredable\/#breadcrumb","itemListElement":[{"@type":"ListItem","position":1,"name":"Portada","item":"http:\/\/segurosgam.com\/"},{"@type":"ListItem","position":2,"name":"VIVIENDA VERTICAL","item":"https:\/\/segurosgam.com\/vivienda-vertical\/"},{"@type":"ListItem","position":3,"name":"PATRIMONIO A FUTURO Y HEREDABLE."}]},{"@type":"WebSite","@id":"http:\/\/segurosgam.com\/#website","url":"http:\/\/segurosgam.com\/","name":"GAM INSURANCES","description":"SEGUROS A TU MEDIDA","publisher":{"@id":"http:\/\/segurosgam.com\/#organization"},"potentialAction":[{"@type":"SearchAction","target":{"@type":"EntryPoint","urlTemplate":"http:\/\/segurosgam.com\/?s={search_term_string}"},"query-input":{"@type":"PropertyValueSpecification","valueRequired":true,"valueName":"search_term_string"}}],"inLanguage":"en-US"},{"@type":"Organization","@id":"http:\/\/segurosgam.com\/#organization","name":"GAM ASESORES","url":"http:\/\/segurosgam.com\/","logo":{"@type":"ImageObject","inLanguage":"en-US","@id":"http:\/\/segurosgam.com\/#\/schema\/logo\/image\/","url":"https:\/\/segurosgam.com\/wp-content\/uploads\/2020\/07\/logo-gera-3.jpg","contentUrl":"https:\/\/segurosgam.com\/wp-content\/uploads\/2020\/07\/logo-gera-3.jpg","width":205,"height":154,"caption":"GAM ASESORES"},"image":{"@id":"http:\/\/segurosgam.com\/#\/schema\/logo\/image\/"}}]}},"_links":{"self":[{"href":"https:\/\/segurosgam.com\/en\/wp-json\/wp\/v2\/pages\/987","targetHints":{"allow":["GET"]}}],"collection":[{"href":"https:\/\/segurosgam.com\/en\/wp-json\/wp\/v2\/pages"}],"about":[{"href":"https:\/\/segurosgam.com\/en\/wp-json\/wp\/v2\/types\/page"}],"author":[{"embeddable":true,"href":"https:\/\/segurosgam.com\/en\/wp-json\/wp\/v2\/users\/1"}],"replies":[{"embeddable":true,"href":"https:\/\/segurosgam.com\/en\/wp-json\/wp\/v2\/comments?post=987"}],"version-history":[{"count":14,"href":"https:\/\/segurosgam.com\/en\/wp-json\/wp\/v2\/pages\/987\/revisions"}],"predecessor-version":[{"id":1184,"href":"https:\/\/segurosgam.com\/en\/wp-json\/wp\/v2\/pages\/987\/revisions\/1184"}],"up":[{"embeddable":true,"href":"https:\/\/segurosgam.com\/en\/wp-json\/wp\/v2\/pages\/736"}],"wp:featuredmedia":[{"embeddable":true,"href":"https:\/\/segurosgam.com\/en\/wp-json\/wp\/v2\/media\/825"}],"wp:attachment":[{"href":"https:\/\/segurosgam.com\/en\/wp-json\/wp\/v2\/media?parent=987"}],"curies":[{"name":"wp","href":"https:\/\/api.w.org\/{rel}","templated":true}]}}