{"id":980,"date":"2025-07-15T18:10:48","date_gmt":"2025-07-16T00:10:48","guid":{"rendered":"https:\/\/segurosgam.com\/?page_id=980"},"modified":"2026-02-04T19:27:48","modified_gmt":"2026-02-05T01:27:48","slug":"generacion-de-ingresos-pasivos","status":"publish","type":"page","link":"https:\/\/segurosgam.com\/en\/vivienda-vertical\/generacion-de-ingresos-pasivos\/","title":{"rendered":"GENERACI\u00d3N DE INGRESOS PASIVOS"},"content":{"rendered":"\n\n\n\n\n<h2>\u00a1\u00a1Has tomado una sabia decisi\u00f3n!!<\/h2>\n\n\n\n\n\n\n\n\n\n\n\n\n\n<h3>\u00a1Haz crecer tu patrimonio sin complicarte!<\/h3>\n\n\n\n\n\n\n\n\n<strong>\u00bfBuscas ingresos extra cada mes?&nbsp;<\/strong>\n\n\n\nPoner a rentar un departamento o local comercial es una forma inteligente de <strong>generar dinero constante<\/strong> mientras tu inversi\u00f3n sigue creciendo.\n\n\n\n\n\n\n\n\n\n\n\n\n\n\n\nAdem\u00e1s, el valor de tu propiedad puede <strong>aumentar entre un 9% y 12%<\/strong> anual, solo por la <strong>plusval\u00eda de la zona<\/strong>.\n\n\n\n<strong>\u00bfLo mejor? <\/strong>Si compras una unidad de entrega inmediata, <strong>puedes rentarla desde este mismo mes.<\/strong>\n\n\n\n\n\n\n\n\n\nSolo necesitas aportar un <strong>enganche accesible<\/strong>, y aprovechar el financiamiento que el desarrollador te ofrece .\n\n\n\nTambi\u00e9n puedes comprar de contado con recurso propio, o utilizando tu cr\u00e9dito.\n\n\n\n\n\n\n\n\n<h3>Si el dinero es un tema, tenemos la respuesta. <br>F\u00e1cil, claro y a tu medida.<\/h3>\n\n\n\n\n\n\n\n\n\n\n\n\n\n<h3>\u00a1\u00a1Te entendemos: <br>Por eso dise\u00f1amos opciones que se adaptan a tu bolsillo!!<\/h3>\n\n\n\n\n\n\n\n<p [object NamedNodeMap]>Tenemos opciones de financiamiento flexibles para que tu unidad <strong>se pague sola,<\/strong> con las rentas.<br><br><br>Tu inversi\u00f3n se convierte en un ingreso\u2026 <strong>\u00a1sin estr\u00e9s!<br><\/strong><\/p>\n\n\n\n\n\n\n\n<p><span style=\"color:#af1f1fff;\">Invierte f\u00e1cil, gana desde ya.<br><br>\u00a0 \u00a0 \u00a0 \u00bfTe lo demuestro?<\/span> <br><\/p>\n\n\n\n\n\n\n\n<h2>Cont\u00e1ctanos y te explicamos c\u00f3mo.<\/h2>\n\n\n\n\n\n\n\n<h4> \u00bfQUE TIPO DE INVERSI\u00d3N PREFIERES?<\/h4>\n\n\n\n\n\n\n\n\n\n\n\n\n\n\n\n\n","protected":false},"excerpt":{"rendered":"","protected":false},"author":1,"featured_media":825,"parent":736,"menu_order":0,"comment_status":"closed","ping_status":"closed","template":"","meta":{"pagelayer_contact_templates":[],"_pagelayer_content":"","ngg_post_thumbnail":0,"footnotes":""},"class_list":["post-980","page","type-page","status-publish","has-post-thumbnail","hentry"],"yoast_head":"<!-- This site is optimized with the Yoast SEO plugin v27.1.1 - https:\/\/yoast.com\/product\/yoast-seo-wordpress\/ -->\n<title>GENERACI\u00d3N DE INGRESOS PASIVOS | SEGUROS GAM<\/title>\n<meta name=\"description\" content=\"Asesoramiento profesional en Vivienda Vertical como inversi\u00f3n y capitalizaci\u00f3n. Tenemos m\u00e1s de 15 a\u00f1os de experiencia en el ramo.\" \/>\n<meta name=\"robots\" content=\"index, follow, max-snippet:-1, max-image-preview:large, max-video-preview:-1\" \/>\n<link rel=\"canonical\" href=\"https:\/\/segurosgam.com\/en\/vivienda-vertical\/generacion-de-ingresos-pasivos\/\" \/>\n<meta property=\"og:locale\" content=\"en_US\" \/>\n<meta property=\"og:type\" content=\"article\" \/>\n<meta property=\"og:title\" content=\"GENERACI\u00d3N DE INGRESOS PASIVOS | SEGUROS GAM\" \/>\n<meta property=\"og:description\" content=\"Asesoramiento profesional en Vivienda Vertical como inversi\u00f3n y capitalizaci\u00f3n. Tenemos m\u00e1s de 15 a\u00f1os de experiencia en el ramo.\" \/>\n<meta property=\"og:url\" content=\"https:\/\/segurosgam.com\/en\/vivienda-vertical\/generacion-de-ingresos-pasivos\/\" \/>\n<meta property=\"og:site_name\" content=\"SEGUROS GAM\" \/>\n<meta property=\"article:modified_time\" content=\"2026-02-05T01:27:48+00:00\" \/>\n<meta property=\"og:image\" content=\"https:\/\/segurosgam.com\/wp-content\/uploads\/2025\/07\/face-fan-page.jpg\" \/>\n\t<meta property=\"og:image:width\" content=\"851\" \/>\n\t<meta property=\"og:image:height\" content=\"315\" \/>\n\t<meta property=\"og:image:type\" content=\"image\/jpeg\" \/>\n<meta name=\"twitter:card\" content=\"summary_large_image\" \/>\n<meta name=\"twitter:label1\" content=\"Est. reading time\" \/>\n\t<meta name=\"twitter:data1\" content=\"1 minute\" \/>\n<script type=\"application\/ld+json\" class=\"yoast-schema-graph\">{\"@context\":\"https:\/\/schema.org\",\"@graph\":[{\"@type\":\"WebPage\",\"@id\":\"https:\/\/segurosgam.com\/vivienda-vertical\/generacion-de-ingresos-pasivos\/\",\"url\":\"https:\/\/segurosgam.com\/vivienda-vertical\/generacion-de-ingresos-pasivos\/\",\"name\":\"GENERACI\u00d3N DE INGRESOS PASIVOS | SEGUROS GAM\",\"isPartOf\":{\"@id\":\"http:\/\/segurosgam.com\/#website\"},\"primaryImageOfPage\":{\"@id\":\"https:\/\/segurosgam.com\/vivienda-vertical\/generacion-de-ingresos-pasivos\/#primaryimage\"},\"image\":{\"@id\":\"https:\/\/segurosgam.com\/vivienda-vertical\/generacion-de-ingresos-pasivos\/#primaryimage\"},\"thumbnailUrl\":\"https:\/\/segurosgam.com\/wp-content\/uploads\/2025\/07\/face-fan-page.jpg\",\"datePublished\":\"2025-07-16T00:10:48+00:00\",\"dateModified\":\"2026-02-05T01:27:48+00:00\",\"description\":\"Asesoramiento profesional en Vivienda Vertical como inversi\u00f3n y capitalizaci\u00f3n. Tenemos m\u00e1s de 15 a\u00f1os de experiencia en el ramo.\",\"breadcrumb\":{\"@id\":\"https:\/\/segurosgam.com\/vivienda-vertical\/generacion-de-ingresos-pasivos\/#breadcrumb\"},\"inLanguage\":\"en-US\",\"potentialAction\":[{\"@type\":\"ReadAction\",\"target\":[\"https:\/\/segurosgam.com\/vivienda-vertical\/generacion-de-ingresos-pasivos\/\"]}]},{\"@type\":\"ImageObject\",\"inLanguage\":\"en-US\",\"@id\":\"https:\/\/segurosgam.com\/vivienda-vertical\/generacion-de-ingresos-pasivos\/#primaryimage\",\"url\":\"https:\/\/segurosgam.com\/wp-content\/uploads\/2025\/07\/face-fan-page.jpg\",\"contentUrl\":\"https:\/\/segurosgam.com\/wp-content\/uploads\/2025\/07\/face-fan-page.jpg\",\"width\":851,\"height\":315},{\"@type\":\"BreadcrumbList\",\"@id\":\"https:\/\/segurosgam.com\/vivienda-vertical\/generacion-de-ingresos-pasivos\/#breadcrumb\",\"itemListElement\":[{\"@type\":\"ListItem\",\"position\":1,\"name\":\"Portada\",\"item\":\"http:\/\/segurosgam.com\/\"},{\"@type\":\"ListItem\",\"position\":2,\"name\":\"VIVIENDA VERTICAL\",\"item\":\"https:\/\/segurosgam.com\/vivienda-vertical\/\"},{\"@type\":\"ListItem\",\"position\":3,\"name\":\"GENERACI\u00d3N DE INGRESOS PASIVOS\"}]},{\"@type\":\"WebSite\",\"@id\":\"http:\/\/segurosgam.com\/#website\",\"url\":\"http:\/\/segurosgam.com\/\",\"name\":\"SEGUROS GAM\",\"description\":\"SEGUROS A TU MEDIDA\",\"publisher\":{\"@id\":\"http:\/\/segurosgam.com\/#organization\"},\"potentialAction\":[{\"@type\":\"SearchAction\",\"target\":{\"@type\":\"EntryPoint\",\"urlTemplate\":\"http:\/\/segurosgam.com\/?s={search_term_string}\"},\"query-input\":{\"@type\":\"PropertyValueSpecification\",\"valueRequired\":true,\"valueName\":\"search_term_string\"}}],\"inLanguage\":\"en-US\"},{\"@type\":\"Organization\",\"@id\":\"http:\/\/segurosgam.com\/#organization\",\"name\":\"GAM ASESORES\",\"url\":\"http:\/\/segurosgam.com\/\",\"logo\":{\"@type\":\"ImageObject\",\"inLanguage\":\"en-US\",\"@id\":\"http:\/\/segurosgam.com\/#\/schema\/logo\/image\/\",\"url\":\"https:\/\/segurosgam.com\/wp-content\/uploads\/2020\/07\/logo-gera-3.jpg\",\"contentUrl\":\"https:\/\/segurosgam.com\/wp-content\/uploads\/2020\/07\/logo-gera-3.jpg\",\"width\":205,\"height\":154,\"caption\":\"GAM ASESORES\"},\"image\":{\"@id\":\"http:\/\/segurosgam.com\/#\/schema\/logo\/image\/\"}}]}<\/script>\n<!-- \/ Yoast SEO plugin. -->","yoast_head_json":{"title":"GENERACI\u00d3N DE INGRESOS PASIVOS | SEGUROS GAM","description":"Asesoramiento profesional en Vivienda Vertical como inversi\u00f3n y capitalizaci\u00f3n. Tenemos m\u00e1s de 15 a\u00f1os de experiencia en el ramo.","robots":{"index":"index","follow":"follow","max-snippet":"max-snippet:-1","max-image-preview":"max-image-preview:large","max-video-preview":"max-video-preview:-1"},"canonical":"https:\/\/segurosgam.com\/en\/vivienda-vertical\/generacion-de-ingresos-pasivos\/","og_locale":"en_US","og_type":"article","og_title":"GENERACI\u00d3N DE INGRESOS PASIVOS | SEGUROS GAM","og_description":"Asesoramiento profesional en Vivienda Vertical como inversi\u00f3n y capitalizaci\u00f3n. Tenemos m\u00e1s de 15 a\u00f1os de experiencia en el ramo.","og_url":"https:\/\/segurosgam.com\/en\/vivienda-vertical\/generacion-de-ingresos-pasivos\/","og_site_name":"SEGUROS GAM","article_modified_time":"2026-02-05T01:27:48+00:00","og_image":[{"width":851,"height":315,"url":"https:\/\/segurosgam.com\/wp-content\/uploads\/2025\/07\/face-fan-page.jpg","type":"image\/jpeg"}],"twitter_card":"summary_large_image","twitter_misc":{"Est. reading time":"1 minute"},"schema":{"@context":"https:\/\/schema.org","@graph":[{"@type":"WebPage","@id":"https:\/\/segurosgam.com\/vivienda-vertical\/generacion-de-ingresos-pasivos\/","url":"https:\/\/segurosgam.com\/vivienda-vertical\/generacion-de-ingresos-pasivos\/","name":"GENERACI\u00d3N DE INGRESOS PASIVOS | SEGUROS GAM","isPartOf":{"@id":"http:\/\/segurosgam.com\/#website"},"primaryImageOfPage":{"@id":"https:\/\/segurosgam.com\/vivienda-vertical\/generacion-de-ingresos-pasivos\/#primaryimage"},"image":{"@id":"https:\/\/segurosgam.com\/vivienda-vertical\/generacion-de-ingresos-pasivos\/#primaryimage"},"thumbnailUrl":"https:\/\/segurosgam.com\/wp-content\/uploads\/2025\/07\/face-fan-page.jpg","datePublished":"2025-07-16T00:10:48+00:00","dateModified":"2026-02-05T01:27:48+00:00","description":"Asesoramiento profesional en Vivienda Vertical como inversi\u00f3n y capitalizaci\u00f3n. Tenemos m\u00e1s de 15 a\u00f1os de experiencia en el ramo.","breadcrumb":{"@id":"https:\/\/segurosgam.com\/vivienda-vertical\/generacion-de-ingresos-pasivos\/#breadcrumb"},"inLanguage":"en-US","potentialAction":[{"@type":"ReadAction","target":["https:\/\/segurosgam.com\/vivienda-vertical\/generacion-de-ingresos-pasivos\/"]}]},{"@type":"ImageObject","inLanguage":"en-US","@id":"https:\/\/segurosgam.com\/vivienda-vertical\/generacion-de-ingresos-pasivos\/#primaryimage","url":"https:\/\/segurosgam.com\/wp-content\/uploads\/2025\/07\/face-fan-page.jpg","contentUrl":"https:\/\/segurosgam.com\/wp-content\/uploads\/2025\/07\/face-fan-page.jpg","width":851,"height":315},{"@type":"BreadcrumbList","@id":"https:\/\/segurosgam.com\/vivienda-vertical\/generacion-de-ingresos-pasivos\/#breadcrumb","itemListElement":[{"@type":"ListItem","position":1,"name":"Portada","item":"http:\/\/segurosgam.com\/"},{"@type":"ListItem","position":2,"name":"VIVIENDA VERTICAL","item":"https:\/\/segurosgam.com\/vivienda-vertical\/"},{"@type":"ListItem","position":3,"name":"GENERACI\u00d3N DE INGRESOS PASIVOS"}]},{"@type":"WebSite","@id":"http:\/\/segurosgam.com\/#website","url":"http:\/\/segurosgam.com\/","name":"GAM INSURANCES","description":"SEGUROS A TU MEDIDA","publisher":{"@id":"http:\/\/segurosgam.com\/#organization"},"potentialAction":[{"@type":"SearchAction","target":{"@type":"EntryPoint","urlTemplate":"http:\/\/segurosgam.com\/?s={search_term_string}"},"query-input":{"@type":"PropertyValueSpecification","valueRequired":true,"valueName":"search_term_string"}}],"inLanguage":"en-US"},{"@type":"Organization","@id":"http:\/\/segurosgam.com\/#organization","name":"GAM ASESORES","url":"http:\/\/segurosgam.com\/","logo":{"@type":"ImageObject","inLanguage":"en-US","@id":"http:\/\/segurosgam.com\/#\/schema\/logo\/image\/","url":"https:\/\/segurosgam.com\/wp-content\/uploads\/2020\/07\/logo-gera-3.jpg","contentUrl":"https:\/\/segurosgam.com\/wp-content\/uploads\/2020\/07\/logo-gera-3.jpg","width":205,"height":154,"caption":"GAM ASESORES"},"image":{"@id":"http:\/\/segurosgam.com\/#\/schema\/logo\/image\/"}}]}},"_links":{"self":[{"href":"https:\/\/segurosgam.com\/en\/wp-json\/wp\/v2\/pages\/980","targetHints":{"allow":["GET"]}}],"collection":[{"href":"https:\/\/segurosgam.com\/en\/wp-json\/wp\/v2\/pages"}],"about":[{"href":"https:\/\/segurosgam.com\/en\/wp-json\/wp\/v2\/types\/page"}],"author":[{"embeddable":true,"href":"https:\/\/segurosgam.com\/en\/wp-json\/wp\/v2\/users\/1"}],"replies":[{"embeddable":true,"href":"https:\/\/segurosgam.com\/en\/wp-json\/wp\/v2\/comments?post=980"}],"version-history":[{"count":18,"href":"https:\/\/segurosgam.com\/en\/wp-json\/wp\/v2\/pages\/980\/revisions"}],"predecessor-version":[{"id":1182,"href":"https:\/\/segurosgam.com\/en\/wp-json\/wp\/v2\/pages\/980\/revisions\/1182"}],"up":[{"embeddable":true,"href":"https:\/\/segurosgam.com\/en\/wp-json\/wp\/v2\/pages\/736"}],"wp:featuredmedia":[{"embeddable":true,"href":"https:\/\/segurosgam.com\/en\/wp-json\/wp\/v2\/media\/825"}],"wp:attachment":[{"href":"https:\/\/segurosgam.com\/en\/wp-json\/wp\/v2\/media?parent=980"}],"curies":[{"name":"wp","href":"https:\/\/api.w.org\/{rel}","templated":true}]}}