{"id":955,"date":"2025-07-14T22:53:14","date_gmt":"2025-07-15T04:53:14","guid":{"rendered":"https:\/\/segurosgam.com\/?page_id=955"},"modified":"2026-02-04T19:27:12","modified_gmt":"2026-02-05T01:27:12","slug":"departamentos-para-capitalizar-mi-inversion","status":"publish","type":"page","link":"https:\/\/segurosgam.com\/en\/vivienda-vertical\/departamentos-para-capitalizar-mi-inversion\/","title":{"rendered":"DEPARTAMENTOS PARA CAPITALIZAR MI INVERSI\u00d3N"},"content":{"rendered":"<p>Lorem Ipsum has been the industry&#8217;s standard dummy text ever since the 1500s.<\/p>\n\n\n\n\n\n\n\n<h2>\u00a1\u00a1Est\u00e1s tomando una excelente decisi\u00f3n!!<\/h2>\n\n\n\n\n\n\n\n\nAprovechar precios preferenciales en desarrollos en preventa. Solo necesitas un enganche accesible, y el desarrollador te ofrece opciones de apalancamiento financiero.<br>\n\n\n\nEl precio queda congelado, mientras la zona gana plusval\u00eda y t\u00fa te proteges contra la inflaci\u00f3n.\n\n\n\nPuedes invertir en departamentos o locales comerciales.\n\n\n\nAl terminar el proyecto, el valor puede subir entre 9% y 12% anual, y hasta 30% m\u00e1s al salir a precio de mercado.\n\n\n\n\n\n\n<p>Lorem Ipsum has been the industry&#8217;s standard dummy text ever since the 1500s.<\/p>\n\n\n\n\n\n\n\n<h2>\u00bfEl resultado?<\/h2>\n\n\n\n\n\n\n\n<p>Recuperas tu inversi\u00f3n inicial con una ganancia superior al 20%. <br><br>\u00a1\u00a1Sin esfuerzo!!<br><\/p>\n\n\n\n\n\n\n\n\n\n\n\n\n\n<p>Tu dinero crece mientras el desarrollo avanza, sin haber hecho absolutamente nada m\u00e1s.<\/p>\n\n\n\n\n\n\n\n\nSin remodelar.\n\n\n\nSin rentar.\n\n\n\nSin esfuerzo.\n\n\n\nTu dinero trabaja por ti, y t\u00fa solo tomaste una buena decisi\u00f3n desde el principio.\n\n\n\n\n\n\n\n\n<p>Lorem Ipsum has been the industry&#8217;s standard dummy text ever since the 1500s.<\/p>\n\n\n\n\n\n\n\n<h2>\u00bfQUIERES HACER CRECER TU INVERSI\u00d3N CON ESTRATEGIA?<\/h2>\n\n\n\n\n\n\n\n<h4> \u00bfQUE TIPO DE INVERSI\u00d3N PREFIERES?<\/h4>","protected":false},"excerpt":{"rendered":"","protected":false},"author":1,"featured_media":825,"parent":736,"menu_order":0,"comment_status":"closed","ping_status":"closed","template":"","meta":{"pagelayer_contact_templates":[],"_pagelayer_content":"","ngg_post_thumbnail":0,"footnotes":""},"class_list":["post-955","page","type-page","status-publish","has-post-thumbnail","hentry"],"yoast_head":"<!-- This site is optimized with the Yoast SEO plugin v27.1.1 - https:\/\/yoast.com\/product\/yoast-seo-wordpress\/ -->\n<title>DEPARTAMENTOS PARA CAPITALIZAR MI INVERSI\u00d3N | SEGUROS GAM<\/title>\n<meta name=\"description\" content=\"Asesoramiento profesional en Vivienda Vertical como inversi\u00f3n y capitalizaci\u00f3n. Tenemos m\u00e1s de 15 a\u00f1os de experiencia en el ramo.\" \/>\n<meta name=\"robots\" content=\"index, follow, max-snippet:-1, max-image-preview:large, max-video-preview:-1\" \/>\n<link rel=\"canonical\" href=\"http:\/\/segurosgam.com\/en\/vivienda-vertical\/departamentos-para-capitalizar-mi-inversion\/\" \/>\n<meta property=\"og:locale\" content=\"en_US\" \/>\n<meta property=\"og:type\" content=\"article\" \/>\n<meta property=\"og:title\" content=\"DEPARTAMENTOS PARA CAPITALIZAR MI INVERSI\u00d3N | SEGUROS GAM\" \/>\n<meta property=\"og:description\" content=\"Asesoramiento profesional en Vivienda Vertical como inversi\u00f3n y capitalizaci\u00f3n. Tenemos m\u00e1s de 15 a\u00f1os de experiencia en el ramo.\" \/>\n<meta property=\"og:url\" content=\"http:\/\/segurosgam.com\/en\/vivienda-vertical\/departamentos-para-capitalizar-mi-inversion\/\" \/>\n<meta property=\"og:site_name\" content=\"SEGUROS GAM\" \/>\n<meta property=\"article:modified_time\" content=\"2026-02-05T01:27:12+00:00\" \/>\n<meta property=\"og:image\" content=\"http:\/\/segurosgam.com\/wp-content\/uploads\/2025\/07\/face-fan-page.jpg\" \/>\n\t<meta property=\"og:image:width\" content=\"851\" \/>\n\t<meta property=\"og:image:height\" content=\"315\" \/>\n\t<meta property=\"og:image:type\" content=\"image\/jpeg\" \/>\n<meta name=\"twitter:card\" content=\"summary_large_image\" \/>\n<meta name=\"twitter:label1\" content=\"Est. reading time\" \/>\n\t<meta name=\"twitter:data1\" content=\"1 minute\" \/>\n<script type=\"application\/ld+json\" class=\"yoast-schema-graph\">{\"@context\":\"https:\/\/schema.org\",\"@graph\":[{\"@type\":\"WebPage\",\"@id\":\"http:\/\/segurosgam.com\/vivienda-vertical\/departamentos-para-capitalizar-mi-inversion\/\",\"url\":\"http:\/\/segurosgam.com\/vivienda-vertical\/departamentos-para-capitalizar-mi-inversion\/\",\"name\":\"DEPARTAMENTOS PARA CAPITALIZAR MI INVERSI\u00d3N | SEGUROS GAM\",\"isPartOf\":{\"@id\":\"http:\/\/segurosgam.com\/#website\"},\"primaryImageOfPage\":{\"@id\":\"http:\/\/segurosgam.com\/vivienda-vertical\/departamentos-para-capitalizar-mi-inversion\/#primaryimage\"},\"image\":{\"@id\":\"http:\/\/segurosgam.com\/vivienda-vertical\/departamentos-para-capitalizar-mi-inversion\/#primaryimage\"},\"thumbnailUrl\":\"https:\/\/segurosgam.com\/wp-content\/uploads\/2025\/07\/face-fan-page.jpg\",\"datePublished\":\"2025-07-15T04:53:14+00:00\",\"dateModified\":\"2026-02-05T01:27:12+00:00\",\"description\":\"Asesoramiento profesional en Vivienda Vertical como inversi\u00f3n y capitalizaci\u00f3n. Tenemos m\u00e1s de 15 a\u00f1os de experiencia en el ramo.\",\"breadcrumb\":{\"@id\":\"http:\/\/segurosgam.com\/vivienda-vertical\/departamentos-para-capitalizar-mi-inversion\/#breadcrumb\"},\"inLanguage\":\"en-US\",\"potentialAction\":[{\"@type\":\"ReadAction\",\"target\":[\"http:\/\/segurosgam.com\/vivienda-vertical\/departamentos-para-capitalizar-mi-inversion\/\"]}]},{\"@type\":\"ImageObject\",\"inLanguage\":\"en-US\",\"@id\":\"http:\/\/segurosgam.com\/vivienda-vertical\/departamentos-para-capitalizar-mi-inversion\/#primaryimage\",\"url\":\"https:\/\/segurosgam.com\/wp-content\/uploads\/2025\/07\/face-fan-page.jpg\",\"contentUrl\":\"https:\/\/segurosgam.com\/wp-content\/uploads\/2025\/07\/face-fan-page.jpg\",\"width\":851,\"height\":315},{\"@type\":\"BreadcrumbList\",\"@id\":\"http:\/\/segurosgam.com\/vivienda-vertical\/departamentos-para-capitalizar-mi-inversion\/#breadcrumb\",\"itemListElement\":[{\"@type\":\"ListItem\",\"position\":1,\"name\":\"Portada\",\"item\":\"http:\/\/segurosgam.com\/\"},{\"@type\":\"ListItem\",\"position\":2,\"name\":\"VIVIENDA VERTICAL\",\"item\":\"https:\/\/segurosgam.com\/vivienda-vertical\/\"},{\"@type\":\"ListItem\",\"position\":3,\"name\":\"DEPARTAMENTOS PARA CAPITALIZAR MI INVERSI\u00d3N\"}]},{\"@type\":\"WebSite\",\"@id\":\"http:\/\/segurosgam.com\/#website\",\"url\":\"http:\/\/segurosgam.com\/\",\"name\":\"SEGUROS GAM\",\"description\":\"SEGUROS A TU MEDIDA\",\"publisher\":{\"@id\":\"http:\/\/segurosgam.com\/#organization\"},\"potentialAction\":[{\"@type\":\"SearchAction\",\"target\":{\"@type\":\"EntryPoint\",\"urlTemplate\":\"http:\/\/segurosgam.com\/?s={search_term_string}\"},\"query-input\":{\"@type\":\"PropertyValueSpecification\",\"valueRequired\":true,\"valueName\":\"search_term_string\"}}],\"inLanguage\":\"en-US\"},{\"@type\":\"Organization\",\"@id\":\"http:\/\/segurosgam.com\/#organization\",\"name\":\"GAM ASESORES\",\"url\":\"http:\/\/segurosgam.com\/\",\"logo\":{\"@type\":\"ImageObject\",\"inLanguage\":\"en-US\",\"@id\":\"http:\/\/segurosgam.com\/#\/schema\/logo\/image\/\",\"url\":\"https:\/\/segurosgam.com\/wp-content\/uploads\/2020\/07\/logo-gera-3.jpg\",\"contentUrl\":\"https:\/\/segurosgam.com\/wp-content\/uploads\/2020\/07\/logo-gera-3.jpg\",\"width\":205,\"height\":154,\"caption\":\"GAM ASESORES\"},\"image\":{\"@id\":\"http:\/\/segurosgam.com\/#\/schema\/logo\/image\/\"}}]}<\/script>\n<!-- \/ Yoast SEO plugin. -->","yoast_head_json":{"title":"DEPARTAMENTOS PARA CAPITALIZAR MI INVERSI\u00d3N | SEGUROS GAM","description":"Asesoramiento profesional en Vivienda Vertical como inversi\u00f3n y capitalizaci\u00f3n. Tenemos m\u00e1s de 15 a\u00f1os de experiencia en el ramo.","robots":{"index":"index","follow":"follow","max-snippet":"max-snippet:-1","max-image-preview":"max-image-preview:large","max-video-preview":"max-video-preview:-1"},"canonical":"http:\/\/segurosgam.com\/en\/vivienda-vertical\/departamentos-para-capitalizar-mi-inversion\/","og_locale":"en_US","og_type":"article","og_title":"DEPARTAMENTOS PARA CAPITALIZAR MI INVERSI\u00d3N | SEGUROS GAM","og_description":"Asesoramiento profesional en Vivienda Vertical como inversi\u00f3n y capitalizaci\u00f3n. Tenemos m\u00e1s de 15 a\u00f1os de experiencia en el ramo.","og_url":"http:\/\/segurosgam.com\/en\/vivienda-vertical\/departamentos-para-capitalizar-mi-inversion\/","og_site_name":"SEGUROS GAM","article_modified_time":"2026-02-05T01:27:12+00:00","og_image":[{"width":851,"height":315,"url":"http:\/\/segurosgam.com\/wp-content\/uploads\/2025\/07\/face-fan-page.jpg","type":"image\/jpeg"}],"twitter_card":"summary_large_image","twitter_misc":{"Est. reading time":"1 minute"},"schema":{"@context":"https:\/\/schema.org","@graph":[{"@type":"WebPage","@id":"http:\/\/segurosgam.com\/vivienda-vertical\/departamentos-para-capitalizar-mi-inversion\/","url":"http:\/\/segurosgam.com\/vivienda-vertical\/departamentos-para-capitalizar-mi-inversion\/","name":"DEPARTAMENTOS PARA CAPITALIZAR MI INVERSI\u00d3N | SEGUROS GAM","isPartOf":{"@id":"http:\/\/segurosgam.com\/#website"},"primaryImageOfPage":{"@id":"http:\/\/segurosgam.com\/vivienda-vertical\/departamentos-para-capitalizar-mi-inversion\/#primaryimage"},"image":{"@id":"http:\/\/segurosgam.com\/vivienda-vertical\/departamentos-para-capitalizar-mi-inversion\/#primaryimage"},"thumbnailUrl":"https:\/\/segurosgam.com\/wp-content\/uploads\/2025\/07\/face-fan-page.jpg","datePublished":"2025-07-15T04:53:14+00:00","dateModified":"2026-02-05T01:27:12+00:00","description":"Asesoramiento profesional en Vivienda Vertical como inversi\u00f3n y capitalizaci\u00f3n. Tenemos m\u00e1s de 15 a\u00f1os de experiencia en el ramo.","breadcrumb":{"@id":"http:\/\/segurosgam.com\/vivienda-vertical\/departamentos-para-capitalizar-mi-inversion\/#breadcrumb"},"inLanguage":"en-US","potentialAction":[{"@type":"ReadAction","target":["http:\/\/segurosgam.com\/vivienda-vertical\/departamentos-para-capitalizar-mi-inversion\/"]}]},{"@type":"ImageObject","inLanguage":"en-US","@id":"http:\/\/segurosgam.com\/vivienda-vertical\/departamentos-para-capitalizar-mi-inversion\/#primaryimage","url":"https:\/\/segurosgam.com\/wp-content\/uploads\/2025\/07\/face-fan-page.jpg","contentUrl":"https:\/\/segurosgam.com\/wp-content\/uploads\/2025\/07\/face-fan-page.jpg","width":851,"height":315},{"@type":"BreadcrumbList","@id":"http:\/\/segurosgam.com\/vivienda-vertical\/departamentos-para-capitalizar-mi-inversion\/#breadcrumb","itemListElement":[{"@type":"ListItem","position":1,"name":"Portada","item":"http:\/\/segurosgam.com\/"},{"@type":"ListItem","position":2,"name":"VIVIENDA VERTICAL","item":"https:\/\/segurosgam.com\/vivienda-vertical\/"},{"@type":"ListItem","position":3,"name":"DEPARTAMENTOS PARA CAPITALIZAR MI INVERSI\u00d3N"}]},{"@type":"WebSite","@id":"http:\/\/segurosgam.com\/#website","url":"http:\/\/segurosgam.com\/","name":"GAM INSURANCES","description":"SEGUROS A TU MEDIDA","publisher":{"@id":"http:\/\/segurosgam.com\/#organization"},"potentialAction":[{"@type":"SearchAction","target":{"@type":"EntryPoint","urlTemplate":"http:\/\/segurosgam.com\/?s={search_term_string}"},"query-input":{"@type":"PropertyValueSpecification","valueRequired":true,"valueName":"search_term_string"}}],"inLanguage":"en-US"},{"@type":"Organization","@id":"http:\/\/segurosgam.com\/#organization","name":"GAM ASESORES","url":"http:\/\/segurosgam.com\/","logo":{"@type":"ImageObject","inLanguage":"en-US","@id":"http:\/\/segurosgam.com\/#\/schema\/logo\/image\/","url":"https:\/\/segurosgam.com\/wp-content\/uploads\/2020\/07\/logo-gera-3.jpg","contentUrl":"https:\/\/segurosgam.com\/wp-content\/uploads\/2020\/07\/logo-gera-3.jpg","width":205,"height":154,"caption":"GAM ASESORES"},"image":{"@id":"http:\/\/segurosgam.com\/#\/schema\/logo\/image\/"}}]}},"_links":{"self":[{"href":"https:\/\/segurosgam.com\/en\/wp-json\/wp\/v2\/pages\/955","targetHints":{"allow":["GET"]}}],"collection":[{"href":"https:\/\/segurosgam.com\/en\/wp-json\/wp\/v2\/pages"}],"about":[{"href":"https:\/\/segurosgam.com\/en\/wp-json\/wp\/v2\/types\/page"}],"author":[{"embeddable":true,"href":"https:\/\/segurosgam.com\/en\/wp-json\/wp\/v2\/users\/1"}],"replies":[{"embeddable":true,"href":"https:\/\/segurosgam.com\/en\/wp-json\/wp\/v2\/comments?post=955"}],"version-history":[{"count":30,"href":"https:\/\/segurosgam.com\/en\/wp-json\/wp\/v2\/pages\/955\/revisions"}],"predecessor-version":[{"id":1180,"href":"https:\/\/segurosgam.com\/en\/wp-json\/wp\/v2\/pages\/955\/revisions\/1180"}],"up":[{"embeddable":true,"href":"https:\/\/segurosgam.com\/en\/wp-json\/wp\/v2\/pages\/736"}],"wp:featuredmedia":[{"embeddable":true,"href":"https:\/\/segurosgam.com\/en\/wp-json\/wp\/v2\/media\/825"}],"wp:attachment":[{"href":"https:\/\/segurosgam.com\/en\/wp-json\/wp\/v2\/media?parent=955"}],"curies":[{"name":"wp","href":"https:\/\/api.w.org\/{rel}","templated":true}]}}