{"id":736,"date":"2025-06-17T18:42:21","date_gmt":"2025-06-18T00:42:21","guid":{"rendered":"https:\/\/segurosgam.com\/?page_id=736"},"modified":"2026-02-04T19:26:02","modified_gmt":"2026-02-05T01:26:02","slug":"vivienda-vertical","status":"publish","type":"page","link":"https:\/\/segurosgam.com\/en\/vivienda-vertical\/","title":{"rendered":"VIVIENDA VERTICAL"},"content":{"rendered":"\n\n\n\n\n<h1>\u00a1\u00a1Bienvenido a Tu Nuevo Estilo de Vida!!<\/h1>\n\n\n\n\n\n\n\n\n<p><span style=\"font-family:&quot;Arial Rounded MT Bold&quot;,sans-serif\">La <\/span><strong><span style=\"font-family:&quot;Arial Rounded MT Bold&quot;,sans-serif;mso-fareast-font-family:\n&quot;Times New Roman&quot;;mso-fareast-theme-font:major-fareast\">vivienda vertical<\/span><\/strong><span style=\"font-family:&quot;Arial Rounded MT Bold&quot;,sans-serif\"> es un estilo de vida basado en <\/span><strong><span style=\"font-family:&quot;Arial Rounded MT Bold&quot;,sans-serif;\nmso-fareast-font-family:&quot;Times New Roman&quot;;mso-fareast-theme-font:major-fareast\">edificios<br>de varios niveles<\/span><\/strong><span style=\"font-family:&quot;Arial Rounded MT Bold&quot;,sans-serif\"><br>que concentran m\u00faltiples departamentos en un solo terreno. Este concepto busca <\/span><strong><span style=\"font-family:&quot;Arial Rounded MT Bold&quot;,sans-serif;mso-fareast-font-family:\n&quot;Times New Roman&quot;;mso-fareast-theme-font:major-fareast\">aprovechar mejor el<br>espacio urbano<\/span><\/strong><span style=\"font-family:&quot;Arial Rounded MT Bold&quot;,sans-serif\">,<br>ofrecer <\/span><strong><span style=\"font-family:&quot;Arial Rounded MT Bold&quot;,sans-serif;\nmso-fareast-font-family:&quot;Times New Roman&quot;;mso-fareast-theme-font:major-fareast\">servicios<br>compartidos<\/span><\/strong><span style=\"font-family:&quot;Arial Rounded MT Bold&quot;,sans-serif\"><br>y facilitar el acceso a ubicaciones estrat\u00e9gicas: Escuelas, Hospitales, Centros de Esparcimiento y de trabajo, Principales Avenidas, etc.\u00a0<\/span><\/p>\n\n\n\n\n\n<p>Lorem Ipsum has been the industry&#8217;s standard dummy text ever since the 1500s.<\/p>\n\n\n\n\n\n\n\n\n\n\n\n<p>Departamentos equipados con un estilo moderno e innovador, contando con las mejores amenidades dentro del desarrollo, para tu seguridad y confort.<\/p>\n\n\n\n<p>Con metrajes que van desde los 40 m2, hasta m\u00e1s de 100 m2 por departamento.<\/p>\n\n\n\n\n\n\n\n<p><strong style=\"color: rgb(11, 11, 198);\"><span style=\"font-size:x-large;\">\u00a1\u00a1ATREVETE Y AGENDA UNA CITA!!<\/span><br><\/strong><\/p>\n\n\n\n\n\n\n\n\n\n\n\n\n\n\n\n\n\n\n\n\n\n<h2 [object NamedNodeMap]>\ud83d\udd11 <span style=\"color: rgb(175, 31, 31);\">\u00bfPorqu\u00e9 quieres una Vivienda Vertical?<\/span><\/h2>\n\n\n\n\n\n\n\n\nPorque deseas un estilo de vida moderno y actual, Ideal para: Profesionistas, Inversionistas, Parejas j\u00f3venes, o Personas&nbsp;que desean un espacio para facilitar su d\u00eda a d\u00eda.<br><br>\n\n\n\n<br>Por su ubicaci\u00f3n exclusiva en las mejores zonas (Alta Plusval\u00eda).<br><br>\n\n\n\n<br>Por su cercan\u00eda a las principales zonas estrat\u00e9gicas. (Diversi\u00f3n, trabajo, escuelas, hospitales, Avenidas principales, etc.)<br><br>\n\n\n\n<br>Por su facilidad para generar Ingresos o para darle uso Patrimonial.\n\n\n\n\n\n\n\n\n\n\n\n<h2>TIENES OPCIONES EN VARIAS UBICACIONES<\/h2>\n\n\n\n\n\n\n\n\n\n\nCd. de Chihuahua\n\n\n\nCd. de Guadalajara\n\n\n\nCiudad de M\u00e9xico\n\n\n\nRiviera Maya: (Canc\u00fan, Playa del Carmen, Tulum)\n\n\n\nM\u00e9rida\n\n\n\nFuera de M\u00e9xico\n\n\n\n\n\n\n\n\n<h2>\u00bfC\u00d3MO ME BENEFICIA UNA VIVIENDA VERTICAL?<\/h2>\n\n\n\n\n\n\n\nA mediano plazo (de 1 a 2 a\u00f1os).&nbsp;&nbsp;<div><br><p>A Largo plazo (mayor a dos a\u00f1os).<\/p><\/div>\n\n\n\n\n\nRenta de corta y mediana estancia (desde un d\u00eda, hasta seis meses).<div>&nbsp;<p>Renta de larga estancia (mayor a seis meses)<\/p><\/div>\n\n\n\n\n\nPara uso familiar propio, disfrutando de un estilo de vida moderno, actual, de alta plusval\u00eda y confort.\n\n\n\n\n\n\n\n<p><strong style=\"color: rgb(11, 11, 198);\"><span style=\"font-size:x-large;\">\u00bfDESEAS AGENDAR UNA CITA?<\/span><br><\/strong><\/p>\n\n\n\n\n\n\n\n\n<div class=\"wpcf7 no-js\" id=\"wpcf7-f1152-o1\" lang=\"es-ES\" dir=\"ltr\" data-wpcf7-id=\"1152\">\n<div class=\"screen-reader-response\"><p role=\"status\" aria-live=\"polite\" aria-atomic=\"true\"><\/p> <ul><\/ul><\/div>\n<form action=\"\/en\/wp-json\/wp\/v2\/pages\/736#wpcf7-f1152-o1\" method=\"post\" class=\"wpcf7-form init\" aria-label=\"Formulario de contacto\" novalidate=\"novalidate\" data-status=\"init\">\n<fieldset class=\"hidden-fields-container\"><input type=\"hidden\" name=\"_wpcf7\" value=\"1152\" \/><input type=\"hidden\" name=\"_wpcf7_version\" value=\"6.1.5\" \/><input type=\"hidden\" name=\"_wpcf7_locale\" value=\"es_ES\" \/><input type=\"hidden\" name=\"_wpcf7_unit_tag\" value=\"wpcf7-f1152-o1\" \/><input type=\"hidden\" name=\"_wpcf7_container_post\" value=\"0\" \/><input type=\"hidden\" name=\"_wpcf7_posted_data_hash\" value=\"\" \/>\n<\/fieldset>\n<p><label> Nombre (obligatorio)<br \/>\n<span class=\"wpcf7-form-control-wrap\" data-name=\"your-name\"><input size=\"40\" maxlength=\"400\" class=\"wpcf7-form-control wpcf7-text wpcf7-validates-as-required\" aria-required=\"true\" aria-invalid=\"false\" value=\"\" type=\"text\" name=\"your-name\" \/><\/span> <\/label>\n<\/p>\n<p><label> Correo electr\u00f3nico (obligatorio)<br \/>\n<span class=\"wpcf7-form-control-wrap\" data-name=\"your-email\"><input size=\"40\" maxlength=\"400\" class=\"wpcf7-form-control wpcf7-email wpcf7-validates-as-required wpcf7-text wpcf7-validates-as-email\" aria-required=\"true\" aria-invalid=\"false\" value=\"\" type=\"email\" name=\"your-email\" \/><\/span> <\/label>\n<\/p>\n<p><label> mensaje (Opcional)<br \/>\n<span class=\"wpcf7-form-control-wrap\" data-name=\"your-message\"><textarea cols=\"40\" rows=\"10\" maxlength=\"2000\" class=\"wpcf7-form-control wpcf7-textarea\" aria-invalid=\"false\" name=\"your-message\"><\/textarea><\/span> <\/label>\n<\/p>\n<p><label> WhatsApp (Obligatorio)<br \/>\n<span class=\"wpcf7-form-control-wrap\" data-name=\"tlf-cod\"><input size=\"40\" class=\"wpcf7-form-control wpcf7-phonetext wpcf7-validates-as-required wpcf7-text wpcf7-validates-as-phonetext\" data-numberonly=\"true\" aria-required=\"true\" aria-invalid=\"false\" value=\"\" type=\"text\" name=\"tlf-cod\" \/><input type=\"hidden\" name=\"tlf-cod-country-code\" class=\"wpcf7-phonetext-country-code\" \/><\/span> <\/label>\n<\/p>\n<p><label> TIPO DE INVERSION 1 O M\u00c1S (Obligatorio):<br \/>\n<span class=\"wpcf7-form-control-wrap\" data-name=\"radio-642\"><span class=\"wpcf7-form-control wpcf7-radio ENGANCHE DISPONIBLE\"><span class=\"wpcf7-list-item first\"><label><input type=\"radio\" name=\"radio-642\" value=\"CAPITALIZAR MI INVERSI\u00d3N\" \/><span class=\"wpcf7-list-item-label\">CAPITALIZAR MI INVERSI\u00d3N<\/span><\/label><\/span><span class=\"wpcf7-list-item\"><label><input type=\"radio\" name=\"radio-642\" value=\"GENERAR INGRESOS PASIVOS\" \/><span class=\"wpcf7-list-item-label\">GENERAR INGRESOS PASIVOS<\/span><\/label><\/span><span class=\"wpcf7-list-item last\"><label><input type=\"radio\" name=\"radio-642\" value=\"PATRIMONIO HEREDABLE\" \/><span class=\"wpcf7-list-item-label\">PATRIMONIO HEREDABLE<\/span><\/label><\/span><\/span><\/span><br \/>\n<input class=\"wpcf7-form-control wpcf7-submit has-spinner\" type=\"submit\" value=\"ENVIAR\" \/><\/label>\n<\/p><p style=\"display: none !important;\" class=\"akismet-fields-container\" data-prefix=\"_wpcf7_ak_\"><label>&#916;<textarea name=\"_wpcf7_ak_hp_textarea\" cols=\"45\" rows=\"8\" maxlength=\"100\"><\/textarea><\/label><input type=\"hidden\" id=\"ak_js_1\" name=\"_wpcf7_ak_js\" value=\"75\"\/><script>document.getElementById( \"ak_js_1\" ).setAttribute( \"value\", ( new Date() ).getTime() );<\/script><\/p><div class=\"wpcf7-response-output\" aria-hidden=\"true\"><\/div>\n<\/form>\n<\/div>\n\n\n\n\n\n\n\n\n<h2>\u00bfNo deseas esperar?&#8230; Te respondemos en menos de 10 mins.<\/h2>\n\n\n\n\n\n\n\n\n\n\n\n\n","protected":false},"excerpt":{"rendered":"","protected":false},"author":1,"featured_media":825,"parent":0,"menu_order":0,"comment_status":"closed","ping_status":"closed","template":"page-templates\/template-fullwidth.php","meta":{"pagelayer_contact_templates":[],"_pagelayer_content":"","ngg_post_thumbnail":0,"footnotes":""},"class_list":["post-736","page","type-page","status-publish","has-post-thumbnail","hentry"],"yoast_head":"<!-- This site is optimized with the Yoast SEO plugin v27.1.1 - https:\/\/yoast.com\/product\/yoast-seo-wordpress\/ -->\n<title>VIVIENDA VERTICAL | SEGUROS GAM<\/title>\n<meta name=\"description\" content=\"Asesoramiento profesional en Vivienda Vertical como inversi\u00f3n y capitalizaci\u00f3n. Tenemos m\u00e1s de 15 a\u00f1os de experiencia en el ramo.\" \/>\n<meta name=\"robots\" content=\"index, follow, max-snippet:-1, max-image-preview:large, max-video-preview:-1\" \/>\n<link rel=\"canonical\" href=\"https:\/\/segurosgam.com\/en\/vivienda-vertical\/\" \/>\n<meta property=\"og:locale\" content=\"en_US\" \/>\n<meta property=\"og:type\" content=\"article\" \/>\n<meta property=\"og:title\" content=\"VIVIENDA VERTICAL | SEGUROS GAM\" \/>\n<meta property=\"og:description\" content=\"Asesoramiento profesional en Vivienda Vertical como inversi\u00f3n y capitalizaci\u00f3n. Tenemos m\u00e1s de 15 a\u00f1os de experiencia en el ramo.\" \/>\n<meta property=\"og:url\" content=\"https:\/\/segurosgam.com\/en\/vivienda-vertical\/\" \/>\n<meta property=\"og:site_name\" content=\"SEGUROS GAM\" \/>\n<meta property=\"article:modified_time\" content=\"2026-02-05T01:26:02+00:00\" \/>\n<meta property=\"og:image\" content=\"https:\/\/segurosgam.com\/wp-content\/uploads\/2025\/07\/face-fan-page.jpg\" \/>\n\t<meta property=\"og:image:width\" content=\"851\" \/>\n\t<meta property=\"og:image:height\" content=\"315\" \/>\n\t<meta property=\"og:image:type\" content=\"image\/jpeg\" \/>\n<meta name=\"twitter:card\" content=\"summary_large_image\" \/>\n<meta name=\"twitter:label1\" content=\"Est. reading time\" \/>\n\t<meta name=\"twitter:data1\" content=\"2 minutes\" \/>\n<script type=\"application\/ld+json\" class=\"yoast-schema-graph\">{\"@context\":\"https:\/\/schema.org\",\"@graph\":[{\"@type\":\"WebPage\",\"@id\":\"https:\/\/segurosgam.com\/vivienda-vertical\/\",\"url\":\"https:\/\/segurosgam.com\/vivienda-vertical\/\",\"name\":\"VIVIENDA VERTICAL | SEGUROS GAM\",\"isPartOf\":{\"@id\":\"http:\/\/segurosgam.com\/#website\"},\"primaryImageOfPage\":{\"@id\":\"https:\/\/segurosgam.com\/vivienda-vertical\/#primaryimage\"},\"image\":{\"@id\":\"https:\/\/segurosgam.com\/vivienda-vertical\/#primaryimage\"},\"thumbnailUrl\":\"https:\/\/segurosgam.com\/wp-content\/uploads\/2025\/07\/face-fan-page.jpg\",\"datePublished\":\"2025-06-18T00:42:21+00:00\",\"dateModified\":\"2026-02-05T01:26:02+00:00\",\"description\":\"Asesoramiento profesional en Vivienda Vertical como inversi\u00f3n y capitalizaci\u00f3n. Tenemos m\u00e1s de 15 a\u00f1os de experiencia en el ramo.\",\"breadcrumb\":{\"@id\":\"https:\/\/segurosgam.com\/vivienda-vertical\/#breadcrumb\"},\"inLanguage\":\"en-US\",\"potentialAction\":[{\"@type\":\"ReadAction\",\"target\":[\"https:\/\/segurosgam.com\/vivienda-vertical\/\"]}]},{\"@type\":\"ImageObject\",\"inLanguage\":\"en-US\",\"@id\":\"https:\/\/segurosgam.com\/vivienda-vertical\/#primaryimage\",\"url\":\"https:\/\/segurosgam.com\/wp-content\/uploads\/2025\/07\/face-fan-page.jpg\",\"contentUrl\":\"https:\/\/segurosgam.com\/wp-content\/uploads\/2025\/07\/face-fan-page.jpg\",\"width\":851,\"height\":315},{\"@type\":\"BreadcrumbList\",\"@id\":\"https:\/\/segurosgam.com\/vivienda-vertical\/#breadcrumb\",\"itemListElement\":[{\"@type\":\"ListItem\",\"position\":1,\"name\":\"Portada\",\"item\":\"http:\/\/segurosgam.com\/\"},{\"@type\":\"ListItem\",\"position\":2,\"name\":\"VIVIENDA VERTICAL\"}]},{\"@type\":\"WebSite\",\"@id\":\"http:\/\/segurosgam.com\/#website\",\"url\":\"http:\/\/segurosgam.com\/\",\"name\":\"SEGUROS GAM\",\"description\":\"SEGUROS A TU MEDIDA\",\"publisher\":{\"@id\":\"http:\/\/segurosgam.com\/#organization\"},\"potentialAction\":[{\"@type\":\"SearchAction\",\"target\":{\"@type\":\"EntryPoint\",\"urlTemplate\":\"http:\/\/segurosgam.com\/?s={search_term_string}\"},\"query-input\":{\"@type\":\"PropertyValueSpecification\",\"valueRequired\":true,\"valueName\":\"search_term_string\"}}],\"inLanguage\":\"en-US\"},{\"@type\":\"Organization\",\"@id\":\"http:\/\/segurosgam.com\/#organization\",\"name\":\"GAM ASESORES\",\"url\":\"http:\/\/segurosgam.com\/\",\"logo\":{\"@type\":\"ImageObject\",\"inLanguage\":\"en-US\",\"@id\":\"http:\/\/segurosgam.com\/#\/schema\/logo\/image\/\",\"url\":\"https:\/\/segurosgam.com\/wp-content\/uploads\/2020\/07\/logo-gera-3.jpg\",\"contentUrl\":\"https:\/\/segurosgam.com\/wp-content\/uploads\/2020\/07\/logo-gera-3.jpg\",\"width\":205,\"height\":154,\"caption\":\"GAM ASESORES\"},\"image\":{\"@id\":\"http:\/\/segurosgam.com\/#\/schema\/logo\/image\/\"}}]}<\/script>\n<!-- \/ Yoast SEO plugin. -->","yoast_head_json":{"title":"VIVIENDA VERTICAL | SEGUROS GAM","description":"Asesoramiento profesional en Vivienda Vertical como inversi\u00f3n y capitalizaci\u00f3n. Tenemos m\u00e1s de 15 a\u00f1os de experiencia en el ramo.","robots":{"index":"index","follow":"follow","max-snippet":"max-snippet:-1","max-image-preview":"max-image-preview:large","max-video-preview":"max-video-preview:-1"},"canonical":"https:\/\/segurosgam.com\/en\/vivienda-vertical\/","og_locale":"en_US","og_type":"article","og_title":"VIVIENDA VERTICAL | SEGUROS GAM","og_description":"Asesoramiento profesional en Vivienda Vertical como inversi\u00f3n y capitalizaci\u00f3n. Tenemos m\u00e1s de 15 a\u00f1os de experiencia en el ramo.","og_url":"https:\/\/segurosgam.com\/en\/vivienda-vertical\/","og_site_name":"SEGUROS GAM","article_modified_time":"2026-02-05T01:26:02+00:00","og_image":[{"width":851,"height":315,"url":"https:\/\/segurosgam.com\/wp-content\/uploads\/2025\/07\/face-fan-page.jpg","type":"image\/jpeg"}],"twitter_card":"summary_large_image","twitter_misc":{"Est. reading time":"2 minutes"},"schema":{"@context":"https:\/\/schema.org","@graph":[{"@type":"WebPage","@id":"https:\/\/segurosgam.com\/vivienda-vertical\/","url":"https:\/\/segurosgam.com\/vivienda-vertical\/","name":"VIVIENDA VERTICAL | SEGUROS GAM","isPartOf":{"@id":"http:\/\/segurosgam.com\/#website"},"primaryImageOfPage":{"@id":"https:\/\/segurosgam.com\/vivienda-vertical\/#primaryimage"},"image":{"@id":"https:\/\/segurosgam.com\/vivienda-vertical\/#primaryimage"},"thumbnailUrl":"https:\/\/segurosgam.com\/wp-content\/uploads\/2025\/07\/face-fan-page.jpg","datePublished":"2025-06-18T00:42:21+00:00","dateModified":"2026-02-05T01:26:02+00:00","description":"Asesoramiento profesional en Vivienda Vertical como inversi\u00f3n y capitalizaci\u00f3n. Tenemos m\u00e1s de 15 a\u00f1os de experiencia en el ramo.","breadcrumb":{"@id":"https:\/\/segurosgam.com\/vivienda-vertical\/#breadcrumb"},"inLanguage":"en-US","potentialAction":[{"@type":"ReadAction","target":["https:\/\/segurosgam.com\/vivienda-vertical\/"]}]},{"@type":"ImageObject","inLanguage":"en-US","@id":"https:\/\/segurosgam.com\/vivienda-vertical\/#primaryimage","url":"https:\/\/segurosgam.com\/wp-content\/uploads\/2025\/07\/face-fan-page.jpg","contentUrl":"https:\/\/segurosgam.com\/wp-content\/uploads\/2025\/07\/face-fan-page.jpg","width":851,"height":315},{"@type":"BreadcrumbList","@id":"https:\/\/segurosgam.com\/vivienda-vertical\/#breadcrumb","itemListElement":[{"@type":"ListItem","position":1,"name":"Portada","item":"http:\/\/segurosgam.com\/"},{"@type":"ListItem","position":2,"name":"VIVIENDA VERTICAL"}]},{"@type":"WebSite","@id":"http:\/\/segurosgam.com\/#website","url":"http:\/\/segurosgam.com\/","name":"GAM INSURANCES","description":"SEGUROS A TU MEDIDA","publisher":{"@id":"http:\/\/segurosgam.com\/#organization"},"potentialAction":[{"@type":"SearchAction","target":{"@type":"EntryPoint","urlTemplate":"http:\/\/segurosgam.com\/?s={search_term_string}"},"query-input":{"@type":"PropertyValueSpecification","valueRequired":true,"valueName":"search_term_string"}}],"inLanguage":"en-US"},{"@type":"Organization","@id":"http:\/\/segurosgam.com\/#organization","name":"GAM ASESORES","url":"http:\/\/segurosgam.com\/","logo":{"@type":"ImageObject","inLanguage":"en-US","@id":"http:\/\/segurosgam.com\/#\/schema\/logo\/image\/","url":"https:\/\/segurosgam.com\/wp-content\/uploads\/2020\/07\/logo-gera-3.jpg","contentUrl":"https:\/\/segurosgam.com\/wp-content\/uploads\/2020\/07\/logo-gera-3.jpg","width":205,"height":154,"caption":"GAM ASESORES"},"image":{"@id":"http:\/\/segurosgam.com\/#\/schema\/logo\/image\/"}}]}},"_links":{"self":[{"href":"https:\/\/segurosgam.com\/en\/wp-json\/wp\/v2\/pages\/736","targetHints":{"allow":["GET"]}}],"collection":[{"href":"https:\/\/segurosgam.com\/en\/wp-json\/wp\/v2\/pages"}],"about":[{"href":"https:\/\/segurosgam.com\/en\/wp-json\/wp\/v2\/types\/page"}],"author":[{"embeddable":true,"href":"https:\/\/segurosgam.com\/en\/wp-json\/wp\/v2\/users\/1"}],"replies":[{"embeddable":true,"href":"https:\/\/segurosgam.com\/en\/wp-json\/wp\/v2\/comments?post=736"}],"version-history":[{"count":76,"href":"https:\/\/segurosgam.com\/en\/wp-json\/wp\/v2\/pages\/736\/revisions"}],"predecessor-version":[{"id":1202,"href":"https:\/\/segurosgam.com\/en\/wp-json\/wp\/v2\/pages\/736\/revisions\/1202"}],"wp:featuredmedia":[{"embeddable":true,"href":"https:\/\/segurosgam.com\/en\/wp-json\/wp\/v2\/media\/825"}],"wp:attachment":[{"href":"https:\/\/segurosgam.com\/en\/wp-json\/wp\/v2\/media?parent=736"}],"curies":[{"name":"wp","href":"https:\/\/api.w.org\/{rel}","templated":true}]}}