{"id":575,"date":"2020-08-08T15:10:41","date_gmt":"2020-08-08T21:10:41","guid":{"rendered":"https:\/\/segurosgam.com\/?page_id=575"},"modified":"2020-08-08T15:15:29","modified_gmt":"2020-08-08T21:15:29","slug":"descargo-de-responsabilidad-a","status":"publish","type":"page","link":"https:\/\/segurosgam.com\/en\/descargo-de-responsabilidad-a\/","title":{"rendered":"DISCLAIMER"},"content":{"rendered":"<h2 class=\"wp-block-heading\">DISCLAIMER<\/h2>\n\n\n\n<p>Toda la informaci\u00f3n en este sitio web &#8211; https:\/\/segurosgam.com\/ &#8211; se publica de buena fe y solo con fines de informaci\u00f3n general.&nbsp;Seguros GAM no ofrece ninguna garant\u00eda sobre la integridad, fiabilidad y precisi\u00f3n de esta informaci\u00f3n.&nbsp;Cualquier acci\u00f3n que realice sobre la informaci\u00f3n que encuentre en este sitio web (Seguros GAM) es estrictamente bajo su propio riesgo.&nbsp;Seguros GAM no ser\u00e1 responsable de ninguna p\u00e9rdida y \/ o da\u00f1o en relaci\u00f3n con el uso de nuestro sitio web.<\/p>\n\n\n\n<p>Desde nuestro sitio web, puede visitar otros sitios web siguiendo hiperv\u00ednculos a dichos sitios externos.&nbsp;Si bien nos esforzamos por proporcionar solo enlaces de calidad a sitios web \u00fatiles y \u00e9ticos, no tenemos control sobre el contenido y la naturaleza de estos sitios.&nbsp;Estos enlaces a otros sitios web no implican una recomendaci\u00f3n para todo el contenido encontrado en estos sitios.&nbsp;Los propietarios del sitio y el contenido pueden cambiar sin previo aviso y pueden ocurrir antes de que tengamos la oportunidad de eliminar un enlace que puede haber salido &#8220;mal&#8221;.<\/p>\n\n\n\n<p>Tenga en cuenta tambi\u00e9n que cuando abandona nuestro sitio web, otros sitios pueden tener pol\u00edticas y t\u00e9rminos de privacidad diferentes que est\u00e1n fuera de nuestro control.&nbsp;Aseg\u00farese de consultar las Pol\u00edticas de privacidad de estos sitios, as\u00ed como sus &#8220;T\u00e9rminos de servicio&#8221; antes de realizar cualquier negocio o cargar cualquier informaci\u00f3n.<\/p>\n\n\n\n<h2 class=\"wp-block-heading\">Consentimiento<\/h2>\n\n\n\n<p>Al utilizar nuestro sitio web, usted acepta nuestro descargo de responsabilidad y acepta sus t\u00e9rminos.<\/p>\n\n\n\n<h2 class=\"wp-block-heading\">Actualizar<\/h2>\n\n\n\n<p>En caso de que actualicemos, modifiquemos o realicemos cambios en este documento, dichos cambios se publicar\u00e1n de manera destacada aqu\u00ed.<\/p>","protected":false},"excerpt":{"rendered":"<p>DESCARGO DE RESPONSABILIDAD Toda la informaci\u00f3n en este sitio web &#8211; https:\/\/segurosgam.com\/ &#8211; se publica de buena fe y solo con fines de informaci\u00f3n general.&nbsp;Seguros GAM no ofrece ninguna garant\u00eda sobre la integridad, fiabilidad y precisi\u00f3n de esta informaci\u00f3n.&nbsp;Cualquier acci\u00f3n que realice sobre la informaci\u00f3n que encuentre en este sitio [&hellip;]<\/p>\n","protected":false},"author":1,"featured_media":0,"parent":0,"menu_order":0,"comment_status":"closed","ping_status":"closed","template":"","meta":{"pagelayer_contact_templates":[],"_pagelayer_content":"","ngg_post_thumbnail":0,"footnotes":""},"class_list":["post-575","page","type-page","status-publish","hentry"],"yoast_head":"<!-- This site is optimized with the Yoast SEO plugin v27.1.1 - https:\/\/yoast.com\/product\/yoast-seo-wordpress\/ -->\n<title>DESCARGO DE RESPONSABILIDAD | SEGUROS GAM<\/title>\n<meta name=\"robots\" content=\"index, follow, max-snippet:-1, max-image-preview:large, max-video-preview:-1\" \/>\n<link rel=\"canonical\" href=\"http:\/\/segurosgam.com\/en\/descargo-de-responsabilidad-a\/\" \/>\n<meta property=\"og:locale\" content=\"en_US\" \/>\n<meta property=\"og:type\" content=\"article\" \/>\n<meta property=\"og:title\" content=\"DESCARGO DE RESPONSABILIDAD | SEGUROS GAM\" \/>\n<meta property=\"og:description\" content=\"DESCARGO DE RESPONSABILIDAD Toda la informaci\u00f3n en este sitio web &#8211; https:\/\/segurosgam.com\/ &#8211; se publica de buena fe y solo con fines de informaci\u00f3n general.&nbsp;Seguros GAM no ofrece ninguna garant\u00eda sobre la integridad, fiabilidad y precisi\u00f3n de esta informaci\u00f3n.&nbsp;Cualquier acci\u00f3n que realice sobre la informaci\u00f3n que encuentre en este sitio [&hellip;]\" \/>\n<meta property=\"og:url\" content=\"http:\/\/segurosgam.com\/en\/descargo-de-responsabilidad-a\/\" \/>\n<meta property=\"og:site_name\" content=\"SEGUROS GAM\" \/>\n<meta property=\"article:modified_time\" content=\"2020-08-08T21:15:29+00:00\" \/>\n<meta name=\"twitter:card\" content=\"summary_large_image\" \/>\n<meta name=\"twitter:label1\" content=\"Est. reading time\" \/>\n\t<meta name=\"twitter:data1\" content=\"1 minute\" \/>\n<script type=\"application\/ld+json\" class=\"yoast-schema-graph\">{\"@context\":\"https:\/\/schema.org\",\"@graph\":[{\"@type\":\"WebPage\",\"@id\":\"http:\/\/segurosgam.com\/descargo-de-responsabilidad-a\/\",\"url\":\"http:\/\/segurosgam.com\/descargo-de-responsabilidad-a\/\",\"name\":\"DESCARGO DE RESPONSABILIDAD | SEGUROS GAM\",\"isPartOf\":{\"@id\":\"http:\/\/segurosgam.com\/#website\"},\"datePublished\":\"2020-08-08T21:10:41+00:00\",\"dateModified\":\"2020-08-08T21:15:29+00:00\",\"breadcrumb\":{\"@id\":\"http:\/\/segurosgam.com\/descargo-de-responsabilidad-a\/#breadcrumb\"},\"inLanguage\":\"en-US\",\"potentialAction\":[{\"@type\":\"ReadAction\",\"target\":[\"http:\/\/segurosgam.com\/descargo-de-responsabilidad-a\/\"]}]},{\"@type\":\"BreadcrumbList\",\"@id\":\"http:\/\/segurosgam.com\/descargo-de-responsabilidad-a\/#breadcrumb\",\"itemListElement\":[{\"@type\":\"ListItem\",\"position\":1,\"name\":\"Portada\",\"item\":\"http:\/\/segurosgam.com\/\"},{\"@type\":\"ListItem\",\"position\":2,\"name\":\"DESCARGO DE RESPONSABILIDAD\"}]},{\"@type\":\"WebSite\",\"@id\":\"http:\/\/segurosgam.com\/#website\",\"url\":\"http:\/\/segurosgam.com\/\",\"name\":\"SEGUROS GAM\",\"description\":\"SEGUROS A TU MEDIDA\",\"publisher\":{\"@id\":\"http:\/\/segurosgam.com\/#organization\"},\"potentialAction\":[{\"@type\":\"SearchAction\",\"target\":{\"@type\":\"EntryPoint\",\"urlTemplate\":\"http:\/\/segurosgam.com\/?s={search_term_string}\"},\"query-input\":{\"@type\":\"PropertyValueSpecification\",\"valueRequired\":true,\"valueName\":\"search_term_string\"}}],\"inLanguage\":\"en-US\"},{\"@type\":\"Organization\",\"@id\":\"http:\/\/segurosgam.com\/#organization\",\"name\":\"GAM ASESORES\",\"url\":\"http:\/\/segurosgam.com\/\",\"logo\":{\"@type\":\"ImageObject\",\"inLanguage\":\"en-US\",\"@id\":\"http:\/\/segurosgam.com\/#\/schema\/logo\/image\/\",\"url\":\"https:\/\/segurosgam.com\/wp-content\/uploads\/2020\/07\/logo-gera-3.jpg\",\"contentUrl\":\"https:\/\/segurosgam.com\/wp-content\/uploads\/2020\/07\/logo-gera-3.jpg\",\"width\":205,\"height\":154,\"caption\":\"GAM ASESORES\"},\"image\":{\"@id\":\"http:\/\/segurosgam.com\/#\/schema\/logo\/image\/\"}}]}<\/script>\n<!-- \/ Yoast SEO plugin. -->","yoast_head_json":{"title":"DESCARGO DE RESPONSABILIDAD | SEGUROS GAM","robots":{"index":"index","follow":"follow","max-snippet":"max-snippet:-1","max-image-preview":"max-image-preview:large","max-video-preview":"max-video-preview:-1"},"canonical":"http:\/\/segurosgam.com\/en\/descargo-de-responsabilidad-a\/","og_locale":"en_US","og_type":"article","og_title":"DESCARGO DE RESPONSABILIDAD | SEGUROS GAM","og_description":"DESCARGO DE RESPONSABILIDAD Toda la informaci\u00f3n en este sitio web &#8211; https:\/\/segurosgam.com\/ &#8211; se publica de buena fe y solo con fines de informaci\u00f3n general.&nbsp;Seguros GAM no ofrece ninguna garant\u00eda sobre la integridad, fiabilidad y precisi\u00f3n de esta informaci\u00f3n.&nbsp;Cualquier acci\u00f3n que realice sobre la informaci\u00f3n que encuentre en este sitio [&hellip;]","og_url":"http:\/\/segurosgam.com\/en\/descargo-de-responsabilidad-a\/","og_site_name":"SEGUROS GAM","article_modified_time":"2020-08-08T21:15:29+00:00","twitter_card":"summary_large_image","twitter_misc":{"Est. reading time":"1 minute"},"schema":{"@context":"https:\/\/schema.org","@graph":[{"@type":"WebPage","@id":"http:\/\/segurosgam.com\/descargo-de-responsabilidad-a\/","url":"http:\/\/segurosgam.com\/descargo-de-responsabilidad-a\/","name":"DESCARGO DE RESPONSABILIDAD | SEGUROS GAM","isPartOf":{"@id":"http:\/\/segurosgam.com\/#website"},"datePublished":"2020-08-08T21:10:41+00:00","dateModified":"2020-08-08T21:15:29+00:00","breadcrumb":{"@id":"http:\/\/segurosgam.com\/descargo-de-responsabilidad-a\/#breadcrumb"},"inLanguage":"en-US","potentialAction":[{"@type":"ReadAction","target":["http:\/\/segurosgam.com\/descargo-de-responsabilidad-a\/"]}]},{"@type":"BreadcrumbList","@id":"http:\/\/segurosgam.com\/descargo-de-responsabilidad-a\/#breadcrumb","itemListElement":[{"@type":"ListItem","position":1,"name":"Portada","item":"http:\/\/segurosgam.com\/"},{"@type":"ListItem","position":2,"name":"DESCARGO DE RESPONSABILIDAD"}]},{"@type":"WebSite","@id":"http:\/\/segurosgam.com\/#website","url":"http:\/\/segurosgam.com\/","name":"GAM INSURANCES","description":"SEGUROS A TU MEDIDA","publisher":{"@id":"http:\/\/segurosgam.com\/#organization"},"potentialAction":[{"@type":"SearchAction","target":{"@type":"EntryPoint","urlTemplate":"http:\/\/segurosgam.com\/?s={search_term_string}"},"query-input":{"@type":"PropertyValueSpecification","valueRequired":true,"valueName":"search_term_string"}}],"inLanguage":"en-US"},{"@type":"Organization","@id":"http:\/\/segurosgam.com\/#organization","name":"GAM ASESORES","url":"http:\/\/segurosgam.com\/","logo":{"@type":"ImageObject","inLanguage":"en-US","@id":"http:\/\/segurosgam.com\/#\/schema\/logo\/image\/","url":"https:\/\/segurosgam.com\/wp-content\/uploads\/2020\/07\/logo-gera-3.jpg","contentUrl":"https:\/\/segurosgam.com\/wp-content\/uploads\/2020\/07\/logo-gera-3.jpg","width":205,"height":154,"caption":"GAM ASESORES"},"image":{"@id":"http:\/\/segurosgam.com\/#\/schema\/logo\/image\/"}}]}},"_links":{"self":[{"href":"https:\/\/segurosgam.com\/en\/wp-json\/wp\/v2\/pages\/575","targetHints":{"allow":["GET"]}}],"collection":[{"href":"https:\/\/segurosgam.com\/en\/wp-json\/wp\/v2\/pages"}],"about":[{"href":"https:\/\/segurosgam.com\/en\/wp-json\/wp\/v2\/types\/page"}],"author":[{"embeddable":true,"href":"https:\/\/segurosgam.com\/en\/wp-json\/wp\/v2\/users\/1"}],"replies":[{"embeddable":true,"href":"https:\/\/segurosgam.com\/en\/wp-json\/wp\/v2\/comments?post=575"}],"version-history":[{"count":3,"href":"https:\/\/segurosgam.com\/en\/wp-json\/wp\/v2\/pages\/575\/revisions"}],"predecessor-version":[{"id":581,"href":"https:\/\/segurosgam.com\/en\/wp-json\/wp\/v2\/pages\/575\/revisions\/581"}],"wp:attachment":[{"href":"https:\/\/segurosgam.com\/en\/wp-json\/wp\/v2\/media?parent=575"}],"curies":[{"name":"wp","href":"https:\/\/api.w.org\/{rel}","templated":true}]}}