{"id":560,"date":"2020-08-08T13:06:25","date_gmt":"2020-08-08T19:06:25","guid":{"rendered":"https:\/\/segurosgam.com\/?page_id=560"},"modified":"2020-08-08T13:06:32","modified_gmt":"2020-08-08T19:06:32","slug":"solicitud-de-cotizacion-de-gastos-medicos","status":"publish","type":"page","link":"https:\/\/segurosgam.com\/en\/solicitud-de-cotizacion-de-gastos-medicos\/","title":{"rendered":"SOLICITUD DE COTIZACI\u00d3N DE GASTOS M\u00c9DICOS"},"content":{"rendered":"\n<h3 class=\"has-text-align-center wp-block-heading\"><span style=\"color:#63c91a\" class=\"tadv-color\">COMPARTE CON NOSOTROS TUS DATOS Y CON GUSTO TE PROPORCIONAREMOS TU COTIZACI\u00d3N SIN NING\u00daN COMPROMISO<\/span><\/h3>\n\n\n\n<div class=\"wpforms-container wpforms-container-full\" id=\"wpforms-559\"><form id=\"wpforms-form-559\" class=\"wpforms-validate wpforms-form\" data-formid=\"559\" method=\"post\" enctype=\"multipart\/form-data\" action=\"\/en\/wp-json\/wp\/v2\/pages\/560\" data-token=\"ab520cf5c8f975d7b32e3a008bbdbd18\" data-token-time=\"1775294737\"><noscript class=\"wpforms-error-noscript\">Please enable JavaScript in your browser to complete this form.<\/noscript><div class=\"wpforms-field-container\"><div id=\"wpforms-559-field_0-container\" class=\"wpforms-field wpforms-field-name\" data-field-id=\"0\"><label class=\"wpforms-field-label wpforms-label-hide\" for=\"wpforms-559-field_0\">Nombre <span class=\"wpforms-required-label\">*<\/span><\/label><input type=\"text\" id=\"wpforms-559-field_0\" class=\"wpforms-field-medium wpforms-field-required\" name=\"wpforms[fields][0]\" placeholder=\"Nombre\" required><div class=\"wpforms-field-description\">Escribe tu nombre o Raz\u00f3n Social<\/div><\/div><div id=\"wpforms-559-field_5-container\" class=\"wpforms-field wpforms-field-number\" data-field-id=\"5\"><label class=\"wpforms-field-label wpforms-label-hide\" for=\"wpforms-559-field_5\">N\u00fameros <span class=\"wpforms-required-label\">*<\/span><\/label><input type=\"number\" id=\"wpforms-559-field_5\" class=\"wpforms-field-medium wpforms-field-required\" name=\"wpforms[fields][5]\" placeholder=\"Edad\" step=\"any\" required><div class=\"wpforms-field-description\">Edad en a\u00f1os de qui\u00e9n cotiza<\/div><\/div><div id=\"wpforms-559-field_1-container\" class=\"wpforms-field wpforms-field-email\" data-field-id=\"1\"><label class=\"wpforms-field-label wpforms-label-hide\" for=\"wpforms-559-field_1\">Correo electr\u00f3nico <span class=\"wpforms-required-label\">*<\/span><\/label><input type=\"email\" id=\"wpforms-559-field_1\" class=\"wpforms-field-medium wpforms-field-required\" name=\"wpforms[fields][1]\" placeholder=\"Correo\" spellcheck=\"false\" required><div class=\"wpforms-field-description\">Escribe tu direcci\u00f3n de correo<\/div><\/div><div id=\"wpforms-559-field_3-container\" class=\"wpforms-field wpforms-field-number\" data-field-id=\"3\"><label class=\"wpforms-field-label wpforms-label-hide\" for=\"wpforms-559-field_3\">N\u00fameros <span class=\"wpforms-required-label\">*<\/span><\/label><input type=\"number\" id=\"wpforms-559-field_3\" class=\"wpforms-field-medium wpforms-field-required\" name=\"wpforms[fields][3]\" placeholder=\"Ej. 614 888 8888\" step=\"any\" required><div class=\"wpforms-field-description\">Escribe tu n\u00famero de contacto (10 d\u00edgitos)<\/div><\/div><div id=\"wpforms-559-field_4-container\" class=\"wpforms-field wpforms-field-select wpforms-field-select-style-classic\" data-field-id=\"4\"><label class=\"wpforms-field-label\" for=\"wpforms-559-field_4\">Desplegable<\/label><select id=\"wpforms-559-field_4\" class=\"wpforms-field-medium\" name=\"wpforms[fields][4]\"><option value=\"\" class=\"placeholder\" disabled  selected='selected'>Sin Selecci\u00f3n<\/option><option value=\"COTIZAR GASTOS M\u00c9DICOS MENORES\"  class=\"choice-1 depth-1\"  >COTIZAR GASTOS M\u00c9DICOS MENORES<\/option><option value=\"COTIZAR GASTOS M\u00c9DICOS MAYORES\"  class=\"choice-2 depth-1\"  >COTIZAR GASTOS M\u00c9DICOS MAYORES<\/option><option value=\"COTIZAR SEGURO DE ACCIDENTES\"  class=\"choice-3 depth-1\"  >COTIZAR SEGURO DE ACCIDENTES<\/option><option value=\"COTIZAR SEGURO INDEMNIZATORIO\"  class=\"choice-4 depth-1\"  >COTIZAR SEGURO INDEMNIZATORIO<\/option><\/select><div class=\"wpforms-field-description\">\u00bfQue tipo de seguro deseas cotizar?\n<\/div><\/div><div id=\"wpforms-559-field_2-container\" class=\"wpforms-field wpforms-field-textarea\" data-field-id=\"2\"><label class=\"wpforms-field-label wpforms-label-hide\" for=\"wpforms-559-field_2\">Comentario o mensaje<\/label><textarea id=\"wpforms-559-field_2\" class=\"wpforms-field-medium\" name=\"wpforms[fields][2]\" placeholder=\"Nombre y Edad de personas adicionales\" ><\/textarea><div class=\"wpforms-field-description\">Si quieres una cotizaci\u00f3n de Gastos M\u00e9dicos Familiar o M\u00faltiple, d\u00e9janos el nombre y edad de los dem\u00e1s integrantes.<\/div><\/div><\/div><!-- .wpforms-field-container --><div class=\"wpforms-field wpforms-field-hp\"><label for=\"wpforms-559-field-hp\" class=\"wpforms-field-label\">Comment<\/label><input type=\"text\" name=\"wpforms[hp]\" id=\"wpforms-559-field-hp\" class=\"wpforms-field-medium\"><\/div><div class=\"wpforms-submit-container\" ><input type=\"hidden\" name=\"wpforms[id]\" value=\"559\"><input type=\"hidden\" name=\"page_title\" value=\"\"><input type=\"hidden\" name=\"page_url\" value=\"https:\/\/segurosgam.com\/en\/wp-json\/wp\/v2\/pages\/560\"><input type=\"hidden\" name=\"url_referer\" value=\"\"><button type=\"submit\" name=\"wpforms[submit]\" id=\"wpforms-submit-559\" class=\"wpforms-submit\" data-alt-text=\"Enviando...\" data-submit-text=\"Enviar\" aria-live=\"assertive\" value=\"wpforms-submit\">Enviar<\/button><\/div><\/form><\/div>  <!-- .wpforms-container -->\n\n\n\n<p style=\"font-size:8px\">De conformidad con lo establecido en la Ley Federal de Protecci\u00f3n de Datos Personales en Posesi\u00f3n de Particulares, <a href=\"https:\/\/segurosgam.com\/\">https:\/\/segurosgam.com\/<\/a> se compromete a tratar toda la informaci\u00f3n recabada de forma confidencial y a adoptar las medidas necesarias que est\u00e9n a su alcance para asegurar la privacidad de los datos personales recabados de forma que se garantice su seguridad, se evite su alteraci\u00f3n, p\u00e9rdida o tratamiento no autorizada.<\/p>\n\n\n\n<p style=\"font-size:8px\">Para mayor informaci\u00f3n ver: <strong><a href=\"https:\/\/segurosgam.com\/terminosycondiciones\/\">T\u00c9RMINOS Y CONDICIONES<\/a><\/strong><\/p>\n","protected":false},"excerpt":{"rendered":"<p>COMPARTE CON NOSOTROS TUS DATOS Y CON GUSTO TE PROPORCIONAREMOS TU COTIZACI\u00d3N SIN NING\u00daN COMPROMISO De conformidad con lo establecido en la Ley Federal de Protecci\u00f3n de Datos Personales en Posesi\u00f3n de Particulares, https:\/\/segurosgam.com\/ se compromete a tratar toda la informaci\u00f3n recabada de forma confidencial y a adoptar las medidas [&hellip;]<\/p>\n","protected":false},"author":1,"featured_media":188,"parent":0,"menu_order":0,"comment_status":"closed","ping_status":"closed","template":"","meta":{"pagelayer_contact_templates":[],"_pagelayer_content":"","ngg_post_thumbnail":0,"footnotes":""},"class_list":["post-560","page","type-page","status-publish","has-post-thumbnail","hentry"],"yoast_head":"<!-- This site is optimized with the Yoast SEO plugin v27.1.1 - https:\/\/yoast.com\/product\/yoast-seo-wordpress\/ -->\n<title>SOLICITUD DE COTIZACI\u00d3N DE GASTOS M\u00c9DICOS | SEGUROS GAM<\/title>\n<meta name=\"robots\" content=\"index, follow, max-snippet:-1, max-image-preview:large, max-video-preview:-1\" \/>\n<link rel=\"canonical\" href=\"https:\/\/segurosgam.com\/en\/solicitud-de-cotizacion-de-gastos-medicos\/\" \/>\n<meta property=\"og:locale\" content=\"en_US\" \/>\n<meta property=\"og:type\" content=\"article\" \/>\n<meta property=\"og:title\" content=\"SOLICITUD DE COTIZACI\u00d3N DE GASTOS M\u00c9DICOS | SEGUROS GAM\" \/>\n<meta property=\"og:description\" content=\"COMPARTE CON NOSOTROS TUS DATOS Y CON GUSTO TE PROPORCIONAREMOS TU COTIZACI\u00d3N SIN NING\u00daN COMPROMISO De conformidad con lo establecido en la Ley Federal de Protecci\u00f3n de Datos Personales en Posesi\u00f3n de Particulares, https:\/\/segurosgam.com\/ se compromete a tratar toda la informaci\u00f3n recabada de forma confidencial y a adoptar las medidas [&hellip;]\" \/>\n<meta property=\"og:url\" content=\"https:\/\/segurosgam.com\/en\/solicitud-de-cotizacion-de-gastos-medicos\/\" \/>\n<meta property=\"og:site_name\" content=\"SEGUROS GAM\" \/>\n<meta property=\"article:modified_time\" content=\"2020-08-08T19:06:32+00:00\" \/>\n<meta property=\"og:image\" content=\"https:\/\/segurosgam.com\/wp-content\/uploads\/2020\/07\/logo-gera-3.jpg\" \/>\n\t<meta property=\"og:image:width\" content=\"205\" \/>\n\t<meta property=\"og:image:height\" content=\"154\" \/>\n\t<meta property=\"og:image:type\" content=\"image\/jpeg\" \/>\n<meta name=\"twitter:card\" content=\"summary_large_image\" \/>\n<meta name=\"twitter:label1\" content=\"Est. reading time\" \/>\n\t<meta name=\"twitter:data1\" content=\"1 minute\" \/>\n<script type=\"application\/ld+json\" class=\"yoast-schema-graph\">{\"@context\":\"https:\/\/schema.org\",\"@graph\":[{\"@type\":\"WebPage\",\"@id\":\"https:\/\/segurosgam.com\/solicitud-de-cotizacion-de-gastos-medicos\/\",\"url\":\"https:\/\/segurosgam.com\/solicitud-de-cotizacion-de-gastos-medicos\/\",\"name\":\"SOLICITUD DE COTIZACI\u00d3N DE GASTOS M\u00c9DICOS | SEGUROS GAM\",\"isPartOf\":{\"@id\":\"http:\/\/segurosgam.com\/#website\"},\"primaryImageOfPage\":{\"@id\":\"https:\/\/segurosgam.com\/solicitud-de-cotizacion-de-gastos-medicos\/#primaryimage\"},\"image\":{\"@id\":\"https:\/\/segurosgam.com\/solicitud-de-cotizacion-de-gastos-medicos\/#primaryimage\"},\"thumbnailUrl\":\"https:\/\/segurosgam.com\/wp-content\/uploads\/2020\/07\/logo-gera-3.jpg\",\"datePublished\":\"2020-08-08T19:06:25+00:00\",\"dateModified\":\"2020-08-08T19:06:32+00:00\",\"breadcrumb\":{\"@id\":\"https:\/\/segurosgam.com\/solicitud-de-cotizacion-de-gastos-medicos\/#breadcrumb\"},\"inLanguage\":\"en-US\",\"potentialAction\":[{\"@type\":\"ReadAction\",\"target\":[\"https:\/\/segurosgam.com\/solicitud-de-cotizacion-de-gastos-medicos\/\"]}]},{\"@type\":\"ImageObject\",\"inLanguage\":\"en-US\",\"@id\":\"https:\/\/segurosgam.com\/solicitud-de-cotizacion-de-gastos-medicos\/#primaryimage\",\"url\":\"https:\/\/segurosgam.com\/wp-content\/uploads\/2020\/07\/logo-gera-3.jpg\",\"contentUrl\":\"https:\/\/segurosgam.com\/wp-content\/uploads\/2020\/07\/logo-gera-3.jpg\",\"width\":205,\"height\":154,\"caption\":\"GAM ASESORES\"},{\"@type\":\"BreadcrumbList\",\"@id\":\"https:\/\/segurosgam.com\/solicitud-de-cotizacion-de-gastos-medicos\/#breadcrumb\",\"itemListElement\":[{\"@type\":\"ListItem\",\"position\":1,\"name\":\"Portada\",\"item\":\"http:\/\/segurosgam.com\/\"},{\"@type\":\"ListItem\",\"position\":2,\"name\":\"SOLICITUD DE COTIZACI\u00d3N DE GASTOS M\u00c9DICOS\"}]},{\"@type\":\"WebSite\",\"@id\":\"http:\/\/segurosgam.com\/#website\",\"url\":\"http:\/\/segurosgam.com\/\",\"name\":\"SEGUROS GAM\",\"description\":\"SEGUROS A TU MEDIDA\",\"publisher\":{\"@id\":\"http:\/\/segurosgam.com\/#organization\"},\"potentialAction\":[{\"@type\":\"SearchAction\",\"target\":{\"@type\":\"EntryPoint\",\"urlTemplate\":\"http:\/\/segurosgam.com\/?s={search_term_string}\"},\"query-input\":{\"@type\":\"PropertyValueSpecification\",\"valueRequired\":true,\"valueName\":\"search_term_string\"}}],\"inLanguage\":\"en-US\"},{\"@type\":\"Organization\",\"@id\":\"http:\/\/segurosgam.com\/#organization\",\"name\":\"GAM ASESORES\",\"url\":\"http:\/\/segurosgam.com\/\",\"logo\":{\"@type\":\"ImageObject\",\"inLanguage\":\"en-US\",\"@id\":\"http:\/\/segurosgam.com\/#\/schema\/logo\/image\/\",\"url\":\"https:\/\/segurosgam.com\/wp-content\/uploads\/2020\/07\/logo-gera-3.jpg\",\"contentUrl\":\"https:\/\/segurosgam.com\/wp-content\/uploads\/2020\/07\/logo-gera-3.jpg\",\"width\":205,\"height\":154,\"caption\":\"GAM ASESORES\"},\"image\":{\"@id\":\"http:\/\/segurosgam.com\/#\/schema\/logo\/image\/\"}}]}<\/script>\n<!-- \/ Yoast SEO plugin. -->","yoast_head_json":{"title":"SOLICITUD DE COTIZACI\u00d3N DE GASTOS M\u00c9DICOS | SEGUROS GAM","robots":{"index":"index","follow":"follow","max-snippet":"max-snippet:-1","max-image-preview":"max-image-preview:large","max-video-preview":"max-video-preview:-1"},"canonical":"https:\/\/segurosgam.com\/en\/solicitud-de-cotizacion-de-gastos-medicos\/","og_locale":"en_US","og_type":"article","og_title":"SOLICITUD DE COTIZACI\u00d3N DE GASTOS M\u00c9DICOS | SEGUROS GAM","og_description":"COMPARTE CON NOSOTROS TUS DATOS Y CON GUSTO TE PROPORCIONAREMOS TU COTIZACI\u00d3N SIN NING\u00daN COMPROMISO De conformidad con lo establecido en la Ley Federal de Protecci\u00f3n de Datos Personales en Posesi\u00f3n de Particulares, https:\/\/segurosgam.com\/ se compromete a tratar toda la informaci\u00f3n recabada de forma confidencial y a adoptar las medidas [&hellip;]","og_url":"https:\/\/segurosgam.com\/en\/solicitud-de-cotizacion-de-gastos-medicos\/","og_site_name":"SEGUROS GAM","article_modified_time":"2020-08-08T19:06:32+00:00","og_image":[{"width":205,"height":154,"url":"https:\/\/segurosgam.com\/wp-content\/uploads\/2020\/07\/logo-gera-3.jpg","type":"image\/jpeg"}],"twitter_card":"summary_large_image","twitter_misc":{"Est. reading time":"1 minute"},"schema":{"@context":"https:\/\/schema.org","@graph":[{"@type":"WebPage","@id":"https:\/\/segurosgam.com\/solicitud-de-cotizacion-de-gastos-medicos\/","url":"https:\/\/segurosgam.com\/solicitud-de-cotizacion-de-gastos-medicos\/","name":"SOLICITUD DE COTIZACI\u00d3N DE GASTOS M\u00c9DICOS | SEGUROS GAM","isPartOf":{"@id":"http:\/\/segurosgam.com\/#website"},"primaryImageOfPage":{"@id":"https:\/\/segurosgam.com\/solicitud-de-cotizacion-de-gastos-medicos\/#primaryimage"},"image":{"@id":"https:\/\/segurosgam.com\/solicitud-de-cotizacion-de-gastos-medicos\/#primaryimage"},"thumbnailUrl":"https:\/\/segurosgam.com\/wp-content\/uploads\/2020\/07\/logo-gera-3.jpg","datePublished":"2020-08-08T19:06:25+00:00","dateModified":"2020-08-08T19:06:32+00:00","breadcrumb":{"@id":"https:\/\/segurosgam.com\/solicitud-de-cotizacion-de-gastos-medicos\/#breadcrumb"},"inLanguage":"en-US","potentialAction":[{"@type":"ReadAction","target":["https:\/\/segurosgam.com\/solicitud-de-cotizacion-de-gastos-medicos\/"]}]},{"@type":"ImageObject","inLanguage":"en-US","@id":"https:\/\/segurosgam.com\/solicitud-de-cotizacion-de-gastos-medicos\/#primaryimage","url":"https:\/\/segurosgam.com\/wp-content\/uploads\/2020\/07\/logo-gera-3.jpg","contentUrl":"https:\/\/segurosgam.com\/wp-content\/uploads\/2020\/07\/logo-gera-3.jpg","width":205,"height":154,"caption":"GAM ASESORES"},{"@type":"BreadcrumbList","@id":"https:\/\/segurosgam.com\/solicitud-de-cotizacion-de-gastos-medicos\/#breadcrumb","itemListElement":[{"@type":"ListItem","position":1,"name":"Portada","item":"http:\/\/segurosgam.com\/"},{"@type":"ListItem","position":2,"name":"SOLICITUD DE COTIZACI\u00d3N DE GASTOS M\u00c9DICOS"}]},{"@type":"WebSite","@id":"http:\/\/segurosgam.com\/#website","url":"http:\/\/segurosgam.com\/","name":"GAM INSURANCES","description":"SEGUROS A TU MEDIDA","publisher":{"@id":"http:\/\/segurosgam.com\/#organization"},"potentialAction":[{"@type":"SearchAction","target":{"@type":"EntryPoint","urlTemplate":"http:\/\/segurosgam.com\/?s={search_term_string}"},"query-input":{"@type":"PropertyValueSpecification","valueRequired":true,"valueName":"search_term_string"}}],"inLanguage":"en-US"},{"@type":"Organization","@id":"http:\/\/segurosgam.com\/#organization","name":"GAM ASESORES","url":"http:\/\/segurosgam.com\/","logo":{"@type":"ImageObject","inLanguage":"en-US","@id":"http:\/\/segurosgam.com\/#\/schema\/logo\/image\/","url":"https:\/\/segurosgam.com\/wp-content\/uploads\/2020\/07\/logo-gera-3.jpg","contentUrl":"https:\/\/segurosgam.com\/wp-content\/uploads\/2020\/07\/logo-gera-3.jpg","width":205,"height":154,"caption":"GAM ASESORES"},"image":{"@id":"http:\/\/segurosgam.com\/#\/schema\/logo\/image\/"}}]}},"_links":{"self":[{"href":"https:\/\/segurosgam.com\/en\/wp-json\/wp\/v2\/pages\/560","targetHints":{"allow":["GET"]}}],"collection":[{"href":"https:\/\/segurosgam.com\/en\/wp-json\/wp\/v2\/pages"}],"about":[{"href":"https:\/\/segurosgam.com\/en\/wp-json\/wp\/v2\/types\/page"}],"author":[{"embeddable":true,"href":"https:\/\/segurosgam.com\/en\/wp-json\/wp\/v2\/users\/1"}],"replies":[{"embeddable":true,"href":"https:\/\/segurosgam.com\/en\/wp-json\/wp\/v2\/comments?post=560"}],"version-history":[{"count":2,"href":"https:\/\/segurosgam.com\/en\/wp-json\/wp\/v2\/pages\/560\/revisions"}],"predecessor-version":[{"id":562,"href":"https:\/\/segurosgam.com\/en\/wp-json\/wp\/v2\/pages\/560\/revisions\/562"}],"wp:featuredmedia":[{"embeddable":true,"href":"https:\/\/segurosgam.com\/en\/wp-json\/wp\/v2\/media\/188"}],"wp:attachment":[{"href":"https:\/\/segurosgam.com\/en\/wp-json\/wp\/v2\/media?parent=560"}],"curies":[{"name":"wp","href":"https:\/\/api.w.org\/{rel}","templated":true}]}}