{"id":434,"date":"2020-07-29T13:08:38","date_gmt":"2020-07-29T19:08:38","guid":{"rendered":"https:\/\/segurosgam.com\/?page_id=434"},"modified":"2026-02-04T18:50:41","modified_gmt":"2026-02-05T00:50:41","slug":"ahorro-retiro-y-vida","status":"publish","type":"page","link":"https:\/\/segurosgam.com\/en\/ahorro-retiro-y-vida\/","title":{"rendered":"AHORRO, RETIRO Y VIDA"},"content":{"rendered":"<h2 class=\"has-text-color has-text-align-center wp-block-heading\" style=\"color:#d09910\">\u00bfPorque necesito un Seguro de Vida?<\/h2>\n\n\n\n<div class=\"wp-block-themeisle-blocks-advanced-columns has-4-columns has-desktop-equal-layout has-tablet-equal-layout has-mobile-collapsedRows-layout has-default-gap has-vertical-unset\" id=\"wp-block-themeisle-blocks-advanced-columns-d45d0b08\"><div class=\"wp-block-themeisle-blocks-advanced-columns-overlay\"><\/div><div class=\"innerblocks-wrap\">\n<div class=\"wp-block-themeisle-blocks-advanced-column\" id=\"wp-block-themeisle-blocks-advanced-column-6ee4f31e\">\n<figure class=\"wp-block-image size-large\"><a href=\"https:\/\/segurosgam.com\/en\/seguros\/que-cubre-un-seguro-de-vida\/\"><img decoding=\"async\" width=\"500\" height=\"400\" data-src=\"https:\/\/segurosgam.com\/wp-content\/uploads\/2020\/08\/VIDA.png\" alt=\"SEGURO DE VIDA\" class=\"wp-image-586 lazyload\" data-srcset=\"https:\/\/segurosgam.com\/wp-content\/uploads\/2020\/08\/VIDA.png 500w, https:\/\/segurosgam.com\/wp-content\/uploads\/2020\/08\/VIDA-300x240.png 300w\" data-sizes=\"(max-width: 500px) 100vw, 500px\" src=\"data:image\/svg+xml;base64,PHN2ZyB3aWR0aD0iMSIgaGVpZ2h0PSIxIiB4bWxucz0iaHR0cDovL3d3dy53My5vcmcvMjAwMC9zdmciPjwvc3ZnPg==\" style=\"--smush-placeholder-width: 500px; --smush-placeholder-aspect-ratio: 500\/400;\" \/><\/a><figcaption>\u00bfQUE CUBRE UN SEGURO DE VIDA?<\/figcaption><\/figure>\n<\/div>\n\n\n\n<div class=\"wp-block-themeisle-blocks-advanced-column\" id=\"wp-block-themeisle-blocks-advanced-column-df628b32\">\n<figure class=\"wp-block-image size-large\"><a href=\"https:\/\/segurosgam.com\/en\/seguros\/para-que-sirve-un-seguro-de-ahorro-y-vida\/\"><img decoding=\"async\" width=\"895\" height=\"536\" data-src=\"https:\/\/segurosgam.com\/wp-content\/uploads\/2020\/08\/seguro-de-ahorro-3.jpg\" alt=\"SEGURO DE AHORRO Y VIDA\" class=\"wp-image-590 lazyload\" data-srcset=\"https:\/\/segurosgam.com\/wp-content\/uploads\/2020\/08\/seguro-de-ahorro-3.jpg 895w, https:\/\/segurosgam.com\/wp-content\/uploads\/2020\/08\/seguro-de-ahorro-3-300x180.jpg 300w, https:\/\/segurosgam.com\/wp-content\/uploads\/2020\/08\/seguro-de-ahorro-3-768x460.jpg 768w\" data-sizes=\"(max-width: 895px) 100vw, 895px\" src=\"data:image\/svg+xml;base64,PHN2ZyB3aWR0aD0iMSIgaGVpZ2h0PSIxIiB4bWxucz0iaHR0cDovL3d3dy53My5vcmcvMjAwMC9zdmciPjwvc3ZnPg==\" style=\"--smush-placeholder-width: 895px; --smush-placeholder-aspect-ratio: 895\/536;\" \/><\/a><figcaption>\u00bfPARA QUE SIRVE UN SEGURO DE AHORRO Y VIDA?<\/figcaption><\/figure>\n<\/div>\n\n\n\n<div class=\"wp-block-themeisle-blocks-advanced-column\" id=\"wp-block-themeisle-blocks-advanced-column-88118572\">\n<figure class=\"wp-block-image size-large\"><a href=\"https:\/\/segurosgam.com\/en\/seguros\/como-funciona-un-seguro-de-jubilacion\/\"><img decoding=\"async\" width=\"452\" height=\"300\" data-src=\"https:\/\/segurosgam.com\/wp-content\/uploads\/2020\/08\/seguros-de-retiro-3.jpg\" alt=\"SEGURO DE JUBILACI\u00d3N\" class=\"wp-image-593 lazyload\" data-srcset=\"https:\/\/segurosgam.com\/wp-content\/uploads\/2020\/08\/seguros-de-retiro-3.jpg 452w, https:\/\/segurosgam.com\/wp-content\/uploads\/2020\/08\/seguros-de-retiro-3-300x199.jpg 300w, https:\/\/segurosgam.com\/wp-content\/uploads\/2020\/08\/seguros-de-retiro-3-360x240.jpg 360w\" data-sizes=\"(max-width: 452px) 100vw, 452px\" src=\"data:image\/svg+xml;base64,PHN2ZyB3aWR0aD0iMSIgaGVpZ2h0PSIxIiB4bWxucz0iaHR0cDovL3d3dy53My5vcmcvMjAwMC9zdmciPjwvc3ZnPg==\" style=\"--smush-placeholder-width: 452px; --smush-placeholder-aspect-ratio: 452\/300;\" \/><\/a><figcaption>\u00bfCOMO FUNCIONA UN SEGURO DE JUBILACI\u00d3N?<\/figcaption><\/figure>\n<\/div>\n\n\n\n<div class=\"wp-block-themeisle-blocks-advanced-column\" id=\"wp-block-themeisle-blocks-advanced-column-8ebd06f1\">\n<figure class=\"wp-block-image size-large\"><a href=\"https:\/\/segurosgam.com\/en\/seguros\/como-me-ayuda-un-seguro-con-rendimientos\/\"><img decoding=\"async\" width=\"300\" height=\"235\" data-src=\"https:\/\/segurosgam.com\/wp-content\/uploads\/2020\/08\/SEGURO-DE-VIDA-Y-RENDIM.jpg\" alt=\"SEGURO CON RENDIMIENTOS\" class=\"wp-image-596 lazyload\" src=\"data:image\/svg+xml;base64,PHN2ZyB3aWR0aD0iMSIgaGVpZ2h0PSIxIiB4bWxucz0iaHR0cDovL3d3dy53My5vcmcvMjAwMC9zdmciPjwvc3ZnPg==\" style=\"--smush-placeholder-width: 300px; --smush-placeholder-aspect-ratio: 300\/235;\" \/><\/a><figcaption>\u00bfCOMO ME AYUDA UN SEGURO CON RENDIMIENTOS?<\/figcaption><\/figure>\n<\/div>\n<\/div><\/div>\n\n\n\n<p><strong>La gente normalmente piensa en sus seguros para proteger sus propiedades: sus casas, sus coches, sus negocios.&nbsp;<\/strong><\/p>\n\n\n\n<h3 class=\"has-text-color has-text-align-center wp-block-heading\" style=\"color:#b41421\"><br><strong>Pero&nbsp;\u00bfqu\u00e9 pasa&nbsp;contigo?<\/strong><\/h3>\n\n\n\n<div class=\"wp-block-image\"><figure class=\"alignleft\"><img decoding=\"async\" data-src=\"https:\/\/sites.google.com\/site\/gamasesor\/_\/rsrc\/1425517609439\/ASESORA\/clasificacion-de-seguros\/seguro-de-vida\/accidentes%202.gif?height=185&amp;width=200\" alt=\"\" src=\"data:image\/svg+xml;base64,PHN2ZyB3aWR0aD0iMSIgaGVpZ2h0PSIxIiB4bWxucz0iaHR0cDovL3d3dy53My5vcmcvMjAwMC9zdmciPjwvc3ZnPg==\" class=\"lazyload\" \/><figcaption>ACCIDENTE<\/figcaption><\/figure><\/div>\n\n\n\n<p>\u00bfQu\u00e9 pasa si te enfermas, tienes un accidente grave o incluso qu\u00e9 sucede si mueres?&nbsp;<\/p>\n\n\n\n<p><a href=\"https:\/\/sites.google.com\/site\/gamasesor\/ASESORA\/clasificacion-de-seguros\/seguro-de-vida\/accidentes%202.gif?attredirects=0\"><\/a>\u00bfC\u00f3mo te proteges a ti y a tu familia en estos casos?<\/p>\n\n\n\n<p>\u00bfQu\u00e9 pasa si sufres una enfermedad grave o un accidente que te obligue a incurrir en gastos enormes y te prive de tus ingresos porque no puedes trabajar?<\/p>\n\n\n\n<div class=\"wp-block-themeisle-blocks-advanced-columns has-2-columns has-desktop-equal-layout has-tablet-equal-layout has-mobile-collapsedRows-layout has-default-gap has-vertical-unset\" id=\"wp-block-themeisle-blocks-advanced-columns-b540d171\"><div class=\"wp-block-themeisle-blocks-advanced-columns-overlay\"><\/div><div class=\"innerblocks-wrap\">\n<div class=\"wp-block-themeisle-blocks-advanced-column\" id=\"wp-block-themeisle-blocks-advanced-column-e74a7e4d\">\n<figure class=\"wp-block-image size-large\"><img decoding=\"async\" width=\"202\" height=\"203\" data-src=\"https:\/\/segurosgam.com\/wp-content\/uploads\/2020\/07\/discapacidad5.jpg\" alt=\"INCAPACIDAD\" class=\"wp-image-361 lazyload\" data-srcset=\"https:\/\/segurosgam.com\/wp-content\/uploads\/2020\/07\/discapacidad5.jpg 202w, https:\/\/segurosgam.com\/wp-content\/uploads\/2020\/07\/discapacidad5-150x150.jpg 150w\" data-sizes=\"(max-width: 202px) 100vw, 202px\" src=\"data:image\/svg+xml;base64,PHN2ZyB3aWR0aD0iMSIgaGVpZ2h0PSIxIiB4bWxucz0iaHR0cDovL3d3dy53My5vcmcvMjAwMC9zdmciPjwvc3ZnPg==\" style=\"--smush-placeholder-width: 202px; --smush-placeholder-aspect-ratio: 202\/203;\" \/><figcaption>INCAPACIDAD<\/figcaption><\/figure>\n<\/div>\n\n\n\n<div class=\"wp-block-themeisle-blocks-advanced-column\" id=\"wp-block-themeisle-blocks-advanced-column-2f06ace1\">\n<figure class=\"wp-block-image size-large is-resized\"><img decoding=\"async\" data-src=\"https:\/\/segurosgam.com\/wp-content\/uploads\/2020\/07\/discapacidad1.jpg\" alt=\"DISCAPACIDAD\" class=\"wp-image-358 lazyload\" width=\"184\" height=\"205\" src=\"data:image\/svg+xml;base64,PHN2ZyB3aWR0aD0iMSIgaGVpZ2h0PSIxIiB4bWxucz0iaHR0cDovL3d3dy53My5vcmcvMjAwMC9zdmciPjwvc3ZnPg==\" style=\"--smush-placeholder-width: 184px; --smush-placeholder-aspect-ratio: 184\/205;\" \/><figcaption>DISCAPACIDAD<\/figcaption><\/figure>\n<\/div>\n<\/div><\/div>\n\n\n\n<p>\u00bfC\u00f3mo vas a afrontar en casa todos los gastos si no puedes trabajar por un largo periodo de tiempo?<\/p>\n\n\n\n<p><strong>Obviamente&nbsp;no es agradable pensar en estas cosas, pero no plantearse los escenarios&nbsp;posibles,&nbsp;antes de que suceda aquello a lo que&nbsp;tememos,&nbsp;es el error m\u00e1s grave que podemos cometer en la vida.<\/strong><\/p>\n\n\n\n<h2 class=\"has-text-color has-text-align-center wp-block-heading\" style=\"color:#af1f1f\">RAZONES PARA NO ADQUIRIR UNA P\u00d3LIZA DE SEGURO DE VIDA<\/h2>\n\n\n\n<p><strong>Existen tres razones por las cuales una persona no comprar\u00eda un seguro de vida:<\/strong><\/p>\n\n\n\n<p><strong>La primera:<\/strong>&nbsp;<strong>Es porque no pasa los ex\u00e1menes m\u00e9dicos exigidos por la aseguradora.&nbsp;<\/strong><\/p>\n\n\n\n<p>En este sentido, es importante que contratemos nuestra p\u00f3liza de seguro de vida a edad temprana, ya que no sabemos que nos depara el d\u00eda de ma\u00f1ana.<\/p>\n\n\n\n<p><strong>La segunda raz\u00f3n:<\/strong>&nbsp;<strong>Es porque no tiene el dinero para adquirirlo.<\/strong><\/p>\n\n\n\n<p>En este punto es importante saber que una p\u00f3liza de seguro de vida puede ser adquirida con la suma asegurada que queramos, por lo que si en el momento no podemos comprar el l\u00edmite mayor, compremos el que nuestro presupuesto del momento nos permita, teniendo siempre presente que podemos incrementarlo en el momento que lo deseemos.<\/p>\n\n\n\n<p><strong>Y\u00a0la tercera<\/strong>\u00a0e<strong>s porque no sentimos una responsabilidad con nuestros familiares<\/strong>\u00a0y consideramos que, el que faltemos, no impedir\u00e1 que ellos sigan con su vida normal.<\/p>\n\n\n\n<p>Esto \u00faltimo es muy dif\u00edcil que se de, incluso aquellas personas que no tienen ning\u00fan dependiente, como por ejemplo un ejecutivo joven que no est\u00e1 casado y no tiene hijos,&nbsp;<\/p>\n\n\n\n<div class=\"wp-block-image\"><figure class=\"alignleft\"><img decoding=\"async\" data-src=\"https:\/\/sites.google.com\/site\/gamasesor\/_\/rsrc\/1425517609454\/ASESORA\/clasificacion-de-seguros\/seguro-de-vida\/familia%201.jpg?height=186&amp;width=200\" alt=\"\" src=\"data:image\/svg+xml;base64,PHN2ZyB3aWR0aD0iMSIgaGVpZ2h0PSIxIiB4bWxucz0iaHR0cDovL3d3dy53My5vcmcvMjAwMC9zdmciPjwvc3ZnPg==\" class=\"lazyload\" \/><figcaption>BIENESTAR FAMILIAR<\/figcaption><\/figure><\/div>\n\n\n\n<p>deben pensar en adquirir una p\u00f3liza de seguro de vida, por innumerables razones.<\/p>\n\n\n\n<p>Lo m\u00e1s seguro es que tendr\u00e1 familia o alguna persona que necesitar\u00e1 de su apoyo econ\u00f3mico, como por ejemplo sus padres, los cuales podr\u00e1n continuar con su vida en caso de \u00e9l faltar.<\/p>\n\n\n\n<p>Sin embargo, si no se adquiere la p\u00f3liza de seguro al momento de contar con las condiciones que requieren las aseguradoras, ya no podr\u00e1 adquirirlo.<\/p>\n\n\n\n<p><strong>El seguro de vida es inembargable, por lo cual&nbsp;representa un excelente medio de respaldo financiero, para nuestros seres queridos, a\u00fan cuando ya no estemos con ellos.<\/strong><\/p>\n\n\n\n<h1 class=\"has-text-align-center wp-block-heading\"><span style=\"color:#1ca300\" class=\"tadv-color\">Solicita tu cotizaci\u00f3n sin compromiso:<\/span><\/h1>\n\n\n\n<div class=\"wp-block-themeisle-blocks-advanced-columns has-4-columns has-desktop-equal-layout has-tablet-equal-layout has-mobile-collapsedRows-layout has-default-gap has-vertical-unset\" id=\"wp-block-themeisle-blocks-advanced-columns-17843ee7\"><div class=\"wp-block-themeisle-blocks-advanced-columns-overlay\"><\/div><div class=\"innerblocks-wrap\">\n<div class=\"wp-block-themeisle-blocks-advanced-column\" id=\"wp-block-themeisle-blocks-advanced-column-0f7fefa5\">\n<figure class=\"wp-block-image size-large\"><a href=\"https:\/\/segurosgam.com\/en\/solicitud-de-cotizacion-de-seguro-de-vida\/\"><img decoding=\"async\" width=\"1000\" height=\"667\" data-src=\"https:\/\/segurosgam.com\/wp-content\/uploads\/2020\/08\/VIDA-2.jpg\" alt=\"COTIZA SEGURO DE VIDA\" class=\"wp-image-588 lazyload\" data-srcset=\"https:\/\/segurosgam.com\/wp-content\/uploads\/2020\/08\/VIDA-2.jpg 1000w, https:\/\/segurosgam.com\/wp-content\/uploads\/2020\/08\/VIDA-2-300x200.jpg 300w, https:\/\/segurosgam.com\/wp-content\/uploads\/2020\/08\/VIDA-2-768x512.jpg 768w, https:\/\/segurosgam.com\/wp-content\/uploads\/2020\/08\/VIDA-2-360x240.jpg 360w\" data-sizes=\"(max-width: 1000px) 100vw, 1000px\" src=\"data:image\/svg+xml;base64,PHN2ZyB3aWR0aD0iMSIgaGVpZ2h0PSIxIiB4bWxucz0iaHR0cDovL3d3dy53My5vcmcvMjAwMC9zdmciPjwvc3ZnPg==\" style=\"--smush-placeholder-width: 1000px; --smush-placeholder-aspect-ratio: 1000\/667;\" \/><\/a><figcaption>COTIZA SEGURO DE VIDA<\/figcaption><\/figure>\n<\/div>\n\n\n\n<div class=\"wp-block-themeisle-blocks-advanced-column\" id=\"wp-block-themeisle-blocks-advanced-column-ffa59806\">\n<figure class=\"wp-block-image size-large\"><a href=\"https:\/\/segurosgam.com\/en\/solicitud-de-cotizacion-de-seguro-de-vida\/\"><img decoding=\"async\" width=\"1024\" height=\"512\" data-src=\"https:\/\/segurosgam.com\/wp-content\/uploads\/2020\/08\/seguro-de-ahorro-2-1024x512.jpg\" alt=\"COTIZA SEGURO DE AHORRO Y VIDA\" class=\"wp-image-589 lazyload\" data-srcset=\"https:\/\/segurosgam.com\/wp-content\/uploads\/2020\/08\/seguro-de-ahorro-2-1024x512.jpg 1024w, https:\/\/segurosgam.com\/wp-content\/uploads\/2020\/08\/seguro-de-ahorro-2-300x150.jpg 300w, https:\/\/segurosgam.com\/wp-content\/uploads\/2020\/08\/seguro-de-ahorro-2-768x384.jpg 768w, https:\/\/segurosgam.com\/wp-content\/uploads\/2020\/08\/seguro-de-ahorro-2.jpg 1170w\" data-sizes=\"(max-width: 1024px) 100vw, 1024px\" src=\"data:image\/svg+xml;base64,PHN2ZyB3aWR0aD0iMSIgaGVpZ2h0PSIxIiB4bWxucz0iaHR0cDovL3d3dy53My5vcmcvMjAwMC9zdmciPjwvc3ZnPg==\" style=\"--smush-placeholder-width: 1024px; --smush-placeholder-aspect-ratio: 1024\/512;\" \/><\/a><figcaption>COTIZA SEGURO DE AHORRO Y VIDA<\/figcaption><\/figure>\n<\/div>\n\n\n\n<div class=\"wp-block-themeisle-blocks-advanced-column\" id=\"wp-block-themeisle-blocks-advanced-column-bbaab783\">\n<figure class=\"wp-block-image size-large\"><a href=\"https:\/\/segurosgam.com\/en\/solicitud-de-cotizacion-de-seguro-de-vida\/\"><img decoding=\"async\" width=\"901\" height=\"544\" data-src=\"https:\/\/segurosgam.com\/wp-content\/uploads\/2020\/08\/seguros-de-retiro-2.jpg\" alt=\"COTIZA SEGURO DE JUBILACI\u00d3N\" class=\"wp-image-592 lazyload\" data-srcset=\"https:\/\/segurosgam.com\/wp-content\/uploads\/2020\/08\/seguros-de-retiro-2.jpg 901w, https:\/\/segurosgam.com\/wp-content\/uploads\/2020\/08\/seguros-de-retiro-2-300x181.jpg 300w, https:\/\/segurosgam.com\/wp-content\/uploads\/2020\/08\/seguros-de-retiro-2-768x464.jpg 768w\" data-sizes=\"(max-width: 901px) 100vw, 901px\" src=\"data:image\/svg+xml;base64,PHN2ZyB3aWR0aD0iMSIgaGVpZ2h0PSIxIiB4bWxucz0iaHR0cDovL3d3dy53My5vcmcvMjAwMC9zdmciPjwvc3ZnPg==\" style=\"--smush-placeholder-width: 901px; --smush-placeholder-aspect-ratio: 901\/544;\" \/><\/a><figcaption>COTIZA SEGURO DE JUBILACI\u00d3N<\/figcaption><\/figure>\n<\/div>\n\n\n\n<div class=\"wp-block-themeisle-blocks-advanced-column\" id=\"wp-block-themeisle-blocks-advanced-column-f06f846b\">\n<figure class=\"wp-block-image size-large\"><a href=\"https:\/\/segurosgam.com\/en\/solicitud-de-cotizacion-de-seguro-de-vida\/\"><img decoding=\"async\" width=\"1024\" height=\"683\" data-src=\"https:\/\/segurosgam.com\/wp-content\/uploads\/2020\/08\/SEGURO-DE-VIDA-Y-RENDIM-2-1024x683.jpeg\" alt=\"COTIZA SEGURO CON RENDIMIENTOS\" class=\"wp-image-597 lazyload\" data-srcset=\"https:\/\/segurosgam.com\/wp-content\/uploads\/2020\/08\/SEGURO-DE-VIDA-Y-RENDIM-2-1024x683.jpeg 1024w, https:\/\/segurosgam.com\/wp-content\/uploads\/2020\/08\/SEGURO-DE-VIDA-Y-RENDIM-2-300x200.jpeg 300w, https:\/\/segurosgam.com\/wp-content\/uploads\/2020\/08\/SEGURO-DE-VIDA-Y-RENDIM-2-768x512.jpeg 768w, https:\/\/segurosgam.com\/wp-content\/uploads\/2020\/08\/SEGURO-DE-VIDA-Y-RENDIM-2-360x240.jpeg 360w, https:\/\/segurosgam.com\/wp-content\/uploads\/2020\/08\/SEGURO-DE-VIDA-Y-RENDIM-2.jpeg 1300w\" data-sizes=\"(max-width: 1024px) 100vw, 1024px\" src=\"data:image\/svg+xml;base64,PHN2ZyB3aWR0aD0iMSIgaGVpZ2h0PSIxIiB4bWxucz0iaHR0cDovL3d3dy53My5vcmcvMjAwMC9zdmciPjwvc3ZnPg==\" style=\"--smush-placeholder-width: 1024px; --smush-placeholder-aspect-ratio: 1024\/683;\" \/><\/a><figcaption>COTIZA SEGURO CON RENDIMIENTOS<\/figcaption><\/figure>\n<\/div>\n<\/div><\/div>\n\n\n\n<div class=\"wp-block-buttons aligncenter is-layout-flex wp-block-buttons-is-layout-flex\">\n<div class=\"wp-block-button\"><a class=\"wp-block-button__link has-background\" href=\"https:\/\/segurosgam.com\/en\/contacto\/\" style=\"background-color:#af1f1f\"><strong>\u00bfDUDAS?<\/strong><br><strong>CONTACT US<\/strong><\/a><\/div>\n<\/div>\n\n\n\n<div class=\"wp-block-image\"><figure class=\"aligncenter size-large\"><img decoding=\"async\" width=\"260\" height=\"390\" data-src=\"https:\/\/segurosgam.com\/wp-content\/uploads\/2020\/07\/prevenir_260_390.jpg\" alt=\"SEGURO DE VIDA\" class=\"wp-image-366 lazyload\" data-srcset=\"https:\/\/segurosgam.com\/wp-content\/uploads\/2020\/07\/prevenir_260_390.jpg 260w, https:\/\/segurosgam.com\/wp-content\/uploads\/2020\/07\/prevenir_260_390-200x300.jpg 200w\" data-sizes=\"(max-width: 260px) 100vw, 260px\" src=\"data:image\/svg+xml;base64,PHN2ZyB3aWR0aD0iMSIgaGVpZ2h0PSIxIiB4bWxucz0iaHR0cDovL3d3dy53My5vcmcvMjAwMC9zdmciPjwvc3ZnPg==\" style=\"--smush-placeholder-width: 260px; --smush-placeholder-aspect-ratio: 260\/390;\" \/><figcaption>SEGURO DE VIDA<\/figcaption><\/figure><\/div>","protected":false},"excerpt":{"rendered":"<p>\u00bfPorque necesito un Seguro de Vida? La gente normalmente piensa en sus seguros para proteger sus propiedades: sus casas, sus coches, sus negocios.&nbsp; Pero&nbsp;\u00bfqu\u00e9 pasa&nbsp;contigo? \u00bfQu\u00e9 pasa si te enfermas, tienes un accidente grave o incluso qu\u00e9 sucede si mueres?&nbsp; \u00bfC\u00f3mo te proteges a ti y a tu familia en [&hellip;]<\/p>\n","protected":false},"author":1,"featured_media":435,"parent":0,"menu_order":0,"comment_status":"closed","ping_status":"closed","template":"","meta":{"pagelayer_contact_templates":[],"_pagelayer_content":"","ngg_post_thumbnail":0,"footnotes":""},"class_list":["post-434","page","type-page","status-publish","has-post-thumbnail","hentry"],"yoast_head":"<!-- This site is optimized with the Yoast SEO plugin v27.1.1 - https:\/\/yoast.com\/product\/yoast-seo-wordpress\/ -->\n<title>AHORRO, RETIRO Y VIDA | SEGUROS GAM<\/title>\n<meta name=\"description\" content=\"El no plantearse los escenarios posibles, antes de que suceda aquello a lo que tememos, es el error m\u00e1s grave que podemos cometer en la vida.\" \/>\n<meta name=\"robots\" content=\"index, follow, max-snippet:-1, max-image-preview:large, max-video-preview:-1\" \/>\n<link rel=\"canonical\" href=\"http:\/\/segurosgam.com\/en\/ahorro-retiro-y-vida\/\" \/>\n<meta property=\"og:locale\" content=\"en_US\" \/>\n<meta property=\"og:type\" content=\"article\" \/>\n<meta property=\"og:title\" content=\"AHORRO, RETIRO Y VIDA | SEGUROS GAM\" \/>\n<meta property=\"og:description\" content=\"El no plantearse los escenarios posibles, antes de que suceda aquello a lo que tememos, es el error m\u00e1s grave que podemos cometer en la vida.\" \/>\n<meta property=\"og:url\" content=\"http:\/\/segurosgam.com\/en\/ahorro-retiro-y-vida\/\" \/>\n<meta property=\"og:site_name\" content=\"SEGUROS GAM\" \/>\n<meta property=\"article:modified_time\" content=\"2026-02-05T00:50:41+00:00\" \/>\n<meta property=\"og:image\" content=\"http:\/\/segurosgam.com\/wp-content\/uploads\/2020\/07\/ENVEJECER.jpg\" \/>\n\t<meta property=\"og:image:width\" content=\"800\" \/>\n\t<meta property=\"og:image:height\" content=\"416\" \/>\n\t<meta property=\"og:image:type\" content=\"image\/jpeg\" \/>\n<meta name=\"twitter:card\" content=\"summary_large_image\" \/>\n<meta name=\"twitter:label1\" content=\"Est. reading time\" \/>\n\t<meta name=\"twitter:data1\" content=\"6 minutes\" \/>\n<script type=\"application\/ld+json\" class=\"yoast-schema-graph\">{\"@context\":\"https:\/\/schema.org\",\"@graph\":[{\"@type\":\"WebPage\",\"@id\":\"http:\/\/segurosgam.com\/ahorro-retiro-y-vida\/\",\"url\":\"http:\/\/segurosgam.com\/ahorro-retiro-y-vida\/\",\"name\":\"AHORRO, RETIRO Y VIDA | SEGUROS GAM\",\"isPartOf\":{\"@id\":\"http:\/\/segurosgam.com\/#website\"},\"primaryImageOfPage\":{\"@id\":\"http:\/\/segurosgam.com\/ahorro-retiro-y-vida\/#primaryimage\"},\"image\":{\"@id\":\"http:\/\/segurosgam.com\/ahorro-retiro-y-vida\/#primaryimage\"},\"thumbnailUrl\":\"https:\/\/segurosgam.com\/wp-content\/uploads\/2020\/07\/ENVEJECER.jpg\",\"datePublished\":\"2020-07-29T19:08:38+00:00\",\"dateModified\":\"2026-02-05T00:50:41+00:00\",\"description\":\"El no plantearse los escenarios posibles, antes de que suceda aquello a lo que tememos, es el error m\u00e1s grave que podemos cometer en la vida.\",\"breadcrumb\":{\"@id\":\"http:\/\/segurosgam.com\/ahorro-retiro-y-vida\/#breadcrumb\"},\"inLanguage\":\"en-US\",\"potentialAction\":[{\"@type\":\"ReadAction\",\"target\":[\"http:\/\/segurosgam.com\/ahorro-retiro-y-vida\/\"]}]},{\"@type\":\"ImageObject\",\"inLanguage\":\"en-US\",\"@id\":\"http:\/\/segurosgam.com\/ahorro-retiro-y-vida\/#primaryimage\",\"url\":\"https:\/\/segurosgam.com\/wp-content\/uploads\/2020\/07\/ENVEJECER.jpg\",\"contentUrl\":\"https:\/\/segurosgam.com\/wp-content\/uploads\/2020\/07\/ENVEJECER.jpg\",\"width\":800,\"height\":416,\"caption\":\"AHORRO, RETIRO, PENSI\u00d3N\"},{\"@type\":\"BreadcrumbList\",\"@id\":\"http:\/\/segurosgam.com\/ahorro-retiro-y-vida\/#breadcrumb\",\"itemListElement\":[{\"@type\":\"ListItem\",\"position\":1,\"name\":\"Portada\",\"item\":\"http:\/\/segurosgam.com\/\"},{\"@type\":\"ListItem\",\"position\":2,\"name\":\"AHORRO, RETIRO Y VIDA\"}]},{\"@type\":\"WebSite\",\"@id\":\"http:\/\/segurosgam.com\/#website\",\"url\":\"http:\/\/segurosgam.com\/\",\"name\":\"SEGUROS GAM\",\"description\":\"SEGUROS A TU MEDIDA\",\"publisher\":{\"@id\":\"http:\/\/segurosgam.com\/#organization\"},\"potentialAction\":[{\"@type\":\"SearchAction\",\"target\":{\"@type\":\"EntryPoint\",\"urlTemplate\":\"http:\/\/segurosgam.com\/?s={search_term_string}\"},\"query-input\":{\"@type\":\"PropertyValueSpecification\",\"valueRequired\":true,\"valueName\":\"search_term_string\"}}],\"inLanguage\":\"en-US\"},{\"@type\":\"Organization\",\"@id\":\"http:\/\/segurosgam.com\/#organization\",\"name\":\"GAM ASESORES\",\"url\":\"http:\/\/segurosgam.com\/\",\"logo\":{\"@type\":\"ImageObject\",\"inLanguage\":\"en-US\",\"@id\":\"http:\/\/segurosgam.com\/#\/schema\/logo\/image\/\",\"url\":\"https:\/\/segurosgam.com\/wp-content\/uploads\/2020\/07\/logo-gera-3.jpg\",\"contentUrl\":\"https:\/\/segurosgam.com\/wp-content\/uploads\/2020\/07\/logo-gera-3.jpg\",\"width\":205,\"height\":154,\"caption\":\"GAM ASESORES\"},\"image\":{\"@id\":\"http:\/\/segurosgam.com\/#\/schema\/logo\/image\/\"}}]}<\/script>\n<!-- \/ Yoast SEO plugin. -->","yoast_head_json":{"title":"AHORRO, RETIRO Y VIDA | SEGUROS GAM","description":"El no plantearse los escenarios posibles, antes de que suceda aquello a lo que tememos, es el error m\u00e1s grave que podemos cometer en la vida.","robots":{"index":"index","follow":"follow","max-snippet":"max-snippet:-1","max-image-preview":"max-image-preview:large","max-video-preview":"max-video-preview:-1"},"canonical":"http:\/\/segurosgam.com\/en\/ahorro-retiro-y-vida\/","og_locale":"en_US","og_type":"article","og_title":"AHORRO, RETIRO Y VIDA | SEGUROS GAM","og_description":"El no plantearse los escenarios posibles, antes de que suceda aquello a lo que tememos, es el error m\u00e1s grave que podemos cometer en la vida.","og_url":"http:\/\/segurosgam.com\/en\/ahorro-retiro-y-vida\/","og_site_name":"SEGUROS GAM","article_modified_time":"2026-02-05T00:50:41+00:00","og_image":[{"width":800,"height":416,"url":"http:\/\/segurosgam.com\/wp-content\/uploads\/2020\/07\/ENVEJECER.jpg","type":"image\/jpeg"}],"twitter_card":"summary_large_image","twitter_misc":{"Est. reading time":"6 minutes"},"schema":{"@context":"https:\/\/schema.org","@graph":[{"@type":"WebPage","@id":"http:\/\/segurosgam.com\/ahorro-retiro-y-vida\/","url":"http:\/\/segurosgam.com\/ahorro-retiro-y-vida\/","name":"AHORRO, RETIRO Y VIDA | SEGUROS GAM","isPartOf":{"@id":"http:\/\/segurosgam.com\/#website"},"primaryImageOfPage":{"@id":"http:\/\/segurosgam.com\/ahorro-retiro-y-vida\/#primaryimage"},"image":{"@id":"http:\/\/segurosgam.com\/ahorro-retiro-y-vida\/#primaryimage"},"thumbnailUrl":"https:\/\/segurosgam.com\/wp-content\/uploads\/2020\/07\/ENVEJECER.jpg","datePublished":"2020-07-29T19:08:38+00:00","dateModified":"2026-02-05T00:50:41+00:00","description":"El no plantearse los escenarios posibles, antes de que suceda aquello a lo que tememos, es el error m\u00e1s grave que podemos cometer en la vida.","breadcrumb":{"@id":"http:\/\/segurosgam.com\/ahorro-retiro-y-vida\/#breadcrumb"},"inLanguage":"en-US","potentialAction":[{"@type":"ReadAction","target":["http:\/\/segurosgam.com\/ahorro-retiro-y-vida\/"]}]},{"@type":"ImageObject","inLanguage":"en-US","@id":"http:\/\/segurosgam.com\/ahorro-retiro-y-vida\/#primaryimage","url":"https:\/\/segurosgam.com\/wp-content\/uploads\/2020\/07\/ENVEJECER.jpg","contentUrl":"https:\/\/segurosgam.com\/wp-content\/uploads\/2020\/07\/ENVEJECER.jpg","width":800,"height":416,"caption":"AHORRO, RETIRO, PENSI\u00d3N"},{"@type":"BreadcrumbList","@id":"http:\/\/segurosgam.com\/ahorro-retiro-y-vida\/#breadcrumb","itemListElement":[{"@type":"ListItem","position":1,"name":"Portada","item":"http:\/\/segurosgam.com\/"},{"@type":"ListItem","position":2,"name":"AHORRO, RETIRO Y VIDA"}]},{"@type":"WebSite","@id":"http:\/\/segurosgam.com\/#website","url":"http:\/\/segurosgam.com\/","name":"GAM INSURANCES","description":"SEGUROS A TU MEDIDA","publisher":{"@id":"http:\/\/segurosgam.com\/#organization"},"potentialAction":[{"@type":"SearchAction","target":{"@type":"EntryPoint","urlTemplate":"http:\/\/segurosgam.com\/?s={search_term_string}"},"query-input":{"@type":"PropertyValueSpecification","valueRequired":true,"valueName":"search_term_string"}}],"inLanguage":"en-US"},{"@type":"Organization","@id":"http:\/\/segurosgam.com\/#organization","name":"GAM ASESORES","url":"http:\/\/segurosgam.com\/","logo":{"@type":"ImageObject","inLanguage":"en-US","@id":"http:\/\/segurosgam.com\/#\/schema\/logo\/image\/","url":"https:\/\/segurosgam.com\/wp-content\/uploads\/2020\/07\/logo-gera-3.jpg","contentUrl":"https:\/\/segurosgam.com\/wp-content\/uploads\/2020\/07\/logo-gera-3.jpg","width":205,"height":154,"caption":"GAM ASESORES"},"image":{"@id":"http:\/\/segurosgam.com\/#\/schema\/logo\/image\/"}}]}},"_links":{"self":[{"href":"https:\/\/segurosgam.com\/en\/wp-json\/wp\/v2\/pages\/434","targetHints":{"allow":["GET"]}}],"collection":[{"href":"https:\/\/segurosgam.com\/en\/wp-json\/wp\/v2\/pages"}],"about":[{"href":"https:\/\/segurosgam.com\/en\/wp-json\/wp\/v2\/types\/page"}],"author":[{"embeddable":true,"href":"https:\/\/segurosgam.com\/en\/wp-json\/wp\/v2\/users\/1"}],"replies":[{"embeddable":true,"href":"https:\/\/segurosgam.com\/en\/wp-json\/wp\/v2\/comments?post=434"}],"version-history":[{"count":11,"href":"https:\/\/segurosgam.com\/en\/wp-json\/wp\/v2\/pages\/434\/revisions"}],"predecessor-version":[{"id":693,"href":"https:\/\/segurosgam.com\/en\/wp-json\/wp\/v2\/pages\/434\/revisions\/693"}],"wp:featuredmedia":[{"embeddable":true,"href":"https:\/\/segurosgam.com\/en\/wp-json\/wp\/v2\/media\/435"}],"wp:attachment":[{"href":"https:\/\/segurosgam.com\/en\/wp-json\/wp\/v2\/media?parent=434"}],"curies":[{"name":"wp","href":"https:\/\/api.w.org\/{rel}","templated":true}]}}