{"id":425,"date":"2020-07-29T12:35:15","date_gmt":"2020-07-29T18:35:15","guid":{"rendered":"https:\/\/segurosgam.com\/?page_id=425"},"modified":"2026-02-04T19:06:24","modified_gmt":"2026-02-05T01:06:24","slug":"autos-taxi-uber-danos","status":"publish","type":"page","link":"https:\/\/segurosgam.com\/en\/autos-taxi-uber-danos\/","title":{"rendered":"DA\u00d1OS, AUTOS, TAXI, UBER"},"content":{"rendered":"<h2 class=\"has-text-color has-text-align-center wp-block-heading\" style=\"color:#d09910\"><strong>\u00bfQue es el Seguro Contra&nbsp;Da\u00f1os?<\/strong>&nbsp;&nbsp;<\/h2>\n\n\n\n<p>Es\u00a0un contrato o p\u00f3liza de seguro que\u00a0nos protege cuando se produce un evento que afecta a nuestro patrimonio.<\/p>\n\n\n\n<div class=\"wp-block-themeisle-blocks-advanced-columns has-4-columns has-desktop-equal-layout has-tablet-equal-layout has-mobile-collapsedRows-layout has-default-gap has-vertical-unset\" id=\"wp-block-themeisle-blocks-advanced-columns-18b6f342\"><div class=\"wp-block-themeisle-blocks-advanced-columns-overlay\"><\/div><div class=\"innerblocks-wrap\">\n<div class=\"wp-block-themeisle-blocks-advanced-column\" id=\"wp-block-themeisle-blocks-advanced-column-ea98049a\">\n<figure class=\"wp-block-image size-large\"><a href=\"https:\/\/segurosgam.com\/en\/seguros\/que-es-un-seguro-de-casa\/\"><img decoding=\"async\" width=\"400\" height=\"300\" data-src=\"https:\/\/segurosgam.com\/wp-content\/uploads\/2020\/07\/Segurida_en_el_hogar.jpg\" alt=\"SEGURO DE CASA\" class=\"wp-image-370 lazyload\" data-srcset=\"https:\/\/segurosgam.com\/wp-content\/uploads\/2020\/07\/Segurida_en_el_hogar.jpg 400w, https:\/\/segurosgam.com\/wp-content\/uploads\/2020\/07\/Segurida_en_el_hogar-300x225.jpg 300w\" data-sizes=\"(max-width: 400px) 100vw, 400px\" src=\"data:image\/svg+xml;base64,PHN2ZyB3aWR0aD0iMSIgaGVpZ2h0PSIxIiB4bWxucz0iaHR0cDovL3d3dy53My5vcmcvMjAwMC9zdmciPjwvc3ZnPg==\" style=\"--smush-placeholder-width: 400px; --smush-placeholder-aspect-ratio: 400\/300;\" \/><\/a><figcaption>\u00bfQUE ES UN SEGURO DE CASA?<\/figcaption><\/figure>\n<\/div>\n\n\n\n<div class=\"wp-block-themeisle-blocks-advanced-column\" id=\"wp-block-themeisle-blocks-advanced-column-0252cad6\">\n<figure class=\"wp-block-image size-large\"><a href=\"https:\/\/segurosgam.com\/en\/seguros\/que-es-un-seguro-de-auto\/\"><img decoding=\"async\" width=\"612\" height=\"410\" data-src=\"https:\/\/segurosgam.com\/wp-content\/uploads\/2020\/07\/choque-4-1.jpg\" alt=\"SEGURO DE AUTO\" class=\"wp-image-445 lazyload\" data-srcset=\"https:\/\/segurosgam.com\/wp-content\/uploads\/2020\/07\/choque-4-1.jpg 612w, https:\/\/segurosgam.com\/wp-content\/uploads\/2020\/07\/choque-4-1-300x201.jpg 300w, https:\/\/segurosgam.com\/wp-content\/uploads\/2020\/07\/choque-4-1-360x240.jpg 360w\" data-sizes=\"(max-width: 612px) 100vw, 612px\" src=\"data:image\/svg+xml;base64,PHN2ZyB3aWR0aD0iMSIgaGVpZ2h0PSIxIiB4bWxucz0iaHR0cDovL3d3dy53My5vcmcvMjAwMC9zdmciPjwvc3ZnPg==\" style=\"--smush-placeholder-width: 612px; --smush-placeholder-aspect-ratio: 612\/410;\" \/><\/a><figcaption>\u00bfQUE ES UN SEGURO DE AUTO?<\/figcaption><\/figure>\n<\/div>\n\n\n\n<div class=\"wp-block-themeisle-blocks-advanced-column\" id=\"wp-block-themeisle-blocks-advanced-column-c814d5c0\">\n<figure class=\"wp-block-image size-large\"><a href=\"https:\/\/segurosgam.com\/en\/seguros\/que-es-un-seguro-de-mercancia\/\"><img decoding=\"async\" width=\"180\" height=\"120\" data-src=\"https:\/\/segurosgam.com\/wp-content\/uploads\/2020\/07\/transp1.gif\" alt=\"SEGURO DE MERCANC\u00cdA\" class=\"wp-image-371 lazyload\" src=\"data:image\/svg+xml;base64,PHN2ZyB3aWR0aD0iMSIgaGVpZ2h0PSIxIiB4bWxucz0iaHR0cDovL3d3dy53My5vcmcvMjAwMC9zdmciPjwvc3ZnPg==\" style=\"--smush-placeholder-width: 180px; --smush-placeholder-aspect-ratio: 180\/120;\" \/><\/a><figcaption>\u00bfQUE ES UN SEGURO DE MERCANC\u00cdA?<\/figcaption><\/figure>\n<\/div>\n\n\n\n<div class=\"wp-block-themeisle-blocks-advanced-column\" id=\"wp-block-themeisle-blocks-advanced-column-308e3c95\">\n<figure class=\"wp-block-image size-large\"><a href=\"https:\/\/segurosgam.com\/en\/seguros\/que-es-un-seguro-de-empresa\/\"><img decoding=\"async\" width=\"242\" height=\"160\" data-src=\"https:\/\/segurosgam.com\/wp-content\/uploads\/2020\/07\/SINIESTRALIDAD-6.jpg\" alt=\"SEGURO DE EMPRESA\" class=\"wp-image-380 lazyload\" src=\"data:image\/svg+xml;base64,PHN2ZyB3aWR0aD0iMSIgaGVpZ2h0PSIxIiB4bWxucz0iaHR0cDovL3d3dy53My5vcmcvMjAwMC9zdmciPjwvc3ZnPg==\" style=\"--smush-placeholder-width: 242px; --smush-placeholder-aspect-ratio: 242\/160;\" \/><\/a><figcaption>\u00bfQUE ES UN SEGURO DE EMPRESA?<\/figcaption><\/figure>\n<\/div>\n<\/div><\/div>\n\n\n\n<p>En esta clase de seguros\u00a0aplica lo que se conoce como\u00a0<strong>&#8220;Principio Indemnizatorio&#8221;<\/strong>, con esto se pretende compensar por\u00a0el da\u00f1o\u00a0sufrido por el asegurado, as\u00ed como las reclamaciones por da\u00f1os ocasionados a un tercero (<strong>responsabilidad civil<\/strong>), incluyendo el fallecimiento de un tercero por el cual la autoridad nos declare responsables involuntarios, ya sea en un accidente automovil\u00edstico o en un accidente de casa o de una empresa&#8230;<\/p>\n\n\n\n<div class=\"wp-block-image\"><figure class=\"aligncenter size-large\"><img decoding=\"async\" width=\"232\" height=\"165\" data-src=\"https:\/\/segurosgam.com\/wp-content\/uploads\/2020\/07\/activos-2.jpg\" alt=\"SEGURO DA\u00d1OS\" class=\"wp-image-291 lazyload\" src=\"data:image\/svg+xml;base64,PHN2ZyB3aWR0aD0iMSIgaGVpZ2h0PSIxIiB4bWxucz0iaHR0cDovL3d3dy53My5vcmcvMjAwMC9zdmciPjwvc3ZnPg==\" style=\"--smush-placeholder-width: 232px; --smush-placeholder-aspect-ratio: 232\/165;\" \/><figcaption>SEGURO DA\u00d1OS<\/figcaption><\/figure><\/div>\n\n\n\n<p><strong>La Responsabilidad Civil<\/strong>&nbsp;no se limita \u00fanicamente a bienes o personas, sino tambi\u00e9n existe la posibilidad de reparar el da\u00f1o moral que como consecuencia de un accidente se le cause a una persona o empresa.<\/p>\n\n\n\n<h1 class=\"has-text-align-center wp-block-heading\"><span style=\"color:#1ca300\" class=\"tadv-color\">Solicita tu cotizaci\u00f3n sin compromiso:<\/span><\/h1>\n\n\n\n<div class=\"wp-block-themeisle-blocks-advanced-columns has-4-columns has-desktop-equal-layout has-tablet-equal-layout has-mobile-collapsedRows-layout has-default-gap has-vertical-unset\" id=\"wp-block-themeisle-blocks-advanced-columns-4832b04f\"><div class=\"wp-block-themeisle-blocks-advanced-columns-overlay\"><\/div><div class=\"innerblocks-wrap\">\n<div class=\"wp-block-themeisle-blocks-advanced-column\" id=\"wp-block-themeisle-blocks-advanced-column-325dd267\">\n<figure class=\"wp-block-image size-large\"><a href=\"https:\/\/segurosgam.com\/en\/solicitud-de-cotizacion\/\"><img decoding=\"async\" width=\"522\" height=\"268\" data-src=\"https:\/\/segurosgam.com\/wp-content\/uploads\/2020\/07\/CASA-SEG.png\" alt=\"SEGURO DE CASA\" class=\"wp-image-462 lazyload\" data-srcset=\"https:\/\/segurosgam.com\/wp-content\/uploads\/2020\/07\/CASA-SEG.png 522w, https:\/\/segurosgam.com\/wp-content\/uploads\/2020\/07\/CASA-SEG-300x154.png 300w\" data-sizes=\"(max-width: 522px) 100vw, 522px\" src=\"data:image\/svg+xml;base64,PHN2ZyB3aWR0aD0iMSIgaGVpZ2h0PSIxIiB4bWxucz0iaHR0cDovL3d3dy53My5vcmcvMjAwMC9zdmciPjwvc3ZnPg==\" style=\"--smush-placeholder-width: 522px; --smush-placeholder-aspect-ratio: 522\/268;\" \/><\/a><figcaption>COTIZAR SEGURO DE CASA<\/figcaption><\/figure>\n<\/div>\n\n\n\n<div class=\"wp-block-themeisle-blocks-advanced-column\" id=\"wp-block-themeisle-blocks-advanced-column-ce781781\">\n<figure class=\"wp-block-image size-large\"><a href=\"https:\/\/segurosgam.com\/en\/solicitud-de-cotizacion\/\"><img decoding=\"async\" width=\"600\" height=\"400\" data-src=\"https:\/\/segurosgam.com\/wp-content\/uploads\/2020\/07\/choque-3.jpg\" alt=\"COTIZAR SEGURO DE AUTO\" class=\"wp-image-354 lazyload\" data-srcset=\"https:\/\/segurosgam.com\/wp-content\/uploads\/2020\/07\/choque-3.jpg 600w, https:\/\/segurosgam.com\/wp-content\/uploads\/2020\/07\/choque-3-300x200.jpg 300w, https:\/\/segurosgam.com\/wp-content\/uploads\/2020\/07\/choque-3-360x240.jpg 360w\" data-sizes=\"(max-width: 600px) 100vw, 600px\" src=\"data:image\/svg+xml;base64,PHN2ZyB3aWR0aD0iMSIgaGVpZ2h0PSIxIiB4bWxucz0iaHR0cDovL3d3dy53My5vcmcvMjAwMC9zdmciPjwvc3ZnPg==\" style=\"--smush-placeholder-width: 600px; --smush-placeholder-aspect-ratio: 600\/400;\" \/><\/a><figcaption>COTIZAR SEGURO DE AUTO<\/figcaption><\/figure>\n<\/div>\n\n\n\n<div class=\"wp-block-themeisle-blocks-advanced-column\" id=\"wp-block-themeisle-blocks-advanced-column-0133044c\">\n<figure class=\"wp-block-image size-large\"><a href=\"https:\/\/segurosgam.com\/en\/solicitud-de-cotizacion\/\"><img decoding=\"async\" width=\"112\" height=\"112\" data-src=\"https:\/\/segurosgam.com\/wp-content\/uploads\/2020\/07\/transp4.jpg\" alt=\"COTIZAR SEGURO DE MERCANC\u00cdA\" class=\"wp-image-373 lazyload\" src=\"data:image\/svg+xml;base64,PHN2ZyB3aWR0aD0iMSIgaGVpZ2h0PSIxIiB4bWxucz0iaHR0cDovL3d3dy53My5vcmcvMjAwMC9zdmciPjwvc3ZnPg==\" style=\"--smush-placeholder-width: 112px; --smush-placeholder-aspect-ratio: 112\/112;\" \/><\/a><figcaption>COTIZAR SEGURO DE MERCANC\u00cdA<\/figcaption><\/figure>\n<\/div>\n\n\n\n<div class=\"wp-block-themeisle-blocks-advanced-column\" id=\"wp-block-themeisle-blocks-advanced-column-ffa161ad\">\n<figure class=\"wp-block-image size-large\"><a href=\"https:\/\/segurosgam.com\/en\/solicitud-de-cotizacion\/\"><img decoding=\"async\" width=\"380\" height=\"200\" data-src=\"https:\/\/segurosgam.com\/wp-content\/uploads\/2020\/07\/SINIESTRALIDAD-5.jpg\" alt=\"COTIZAR SEGURO DE EMPRESA\" class=\"wp-image-379 lazyload\" data-srcset=\"https:\/\/segurosgam.com\/wp-content\/uploads\/2020\/07\/SINIESTRALIDAD-5.jpg 380w, https:\/\/segurosgam.com\/wp-content\/uploads\/2020\/07\/SINIESTRALIDAD-5-300x158.jpg 300w\" data-sizes=\"(max-width: 380px) 100vw, 380px\" src=\"data:image\/svg+xml;base64,PHN2ZyB3aWR0aD0iMSIgaGVpZ2h0PSIxIiB4bWxucz0iaHR0cDovL3d3dy53My5vcmcvMjAwMC9zdmciPjwvc3ZnPg==\" style=\"--smush-placeholder-width: 380px; --smush-placeholder-aspect-ratio: 380\/200;\" \/><\/a><figcaption>COTIZAR SEGURO DE EMPRESA<\/figcaption><\/figure>\n<\/div>\n<\/div><\/div>\n\n\n\n<div class=\"wp-block-buttons aligncenter is-layout-flex wp-block-buttons-is-layout-flex\">\n<div class=\"wp-block-button\"><a class=\"wp-block-button__link has-background\" href=\"https:\/\/segurosgam.com\/en\/contacto\/\" style=\"background-color:#af1f1f\"><strong>\u00bfDUDAS?<\/strong><br><strong>CONTACT US<\/strong><\/a><\/div>\n<\/div>\n\n\n\n<div class=\"wp-block-image\"><figure class=\"aligncenter size-large\"><img decoding=\"async\" width=\"333\" height=\"250\" data-src=\"https:\/\/segurosgam.com\/wp-content\/uploads\/2020\/07\/Empresas-1.jpg\" alt=\"SEGURO DE DA\u00d1OS\" class=\"wp-image-449 lazyload\" data-srcset=\"https:\/\/segurosgam.com\/wp-content\/uploads\/2020\/07\/Empresas-1.jpg 333w, https:\/\/segurosgam.com\/wp-content\/uploads\/2020\/07\/Empresas-1-300x225.jpg 300w\" data-sizes=\"(max-width: 333px) 100vw, 333px\" src=\"data:image\/svg+xml;base64,PHN2ZyB3aWR0aD0iMSIgaGVpZ2h0PSIxIiB4bWxucz0iaHR0cDovL3d3dy53My5vcmcvMjAwMC9zdmciPjwvc3ZnPg==\" style=\"--smush-placeholder-width: 333px; --smush-placeholder-aspect-ratio: 333\/250;\" \/><figcaption>SEGURO DE DA\u00d1OS<\/figcaption><\/figure><\/div>\n\n\n\n<p><\/p>","protected":false},"excerpt":{"rendered":"<p>\u00bfQue es el Seguro Contra&nbsp;Da\u00f1os?&nbsp;&nbsp; Es\u00a0un contrato o p\u00f3liza de seguro que\u00a0nos protege cuando se produce un evento que afecta a nuestro patrimonio. En esta clase de seguros\u00a0aplica lo que se conoce como\u00a0&#8220;Principio Indemnizatorio&#8221;, con esto se pretende compensar por\u00a0el da\u00f1o\u00a0sufrido por el asegurado, as\u00ed como las reclamaciones por da\u00f1os [&hellip;]<\/p>\n","protected":false},"author":1,"featured_media":374,"parent":0,"menu_order":0,"comment_status":"closed","ping_status":"closed","template":"","meta":{"pagelayer_contact_templates":[],"_pagelayer_content":"","ngg_post_thumbnail":0,"footnotes":""},"class_list":["post-425","page","type-page","status-publish","has-post-thumbnail","hentry"],"yoast_head":"<!-- This site is optimized with the Yoast SEO plugin v27.1.1 - https:\/\/yoast.com\/product\/yoast-seo-wordpress\/ -->\n<title>DA\u00d1OS, AUTOS, TAXI, UBER | SEGUROS GAM<\/title>\n<meta name=\"description\" content=\"En GAM ASESORES contamos con seguros econ\u00f3micos para proteger tu patrimonio en caso de cualquier accidente o robo.\" \/>\n<meta name=\"robots\" content=\"index, follow, max-snippet:-1, max-image-preview:large, max-video-preview:-1\" \/>\n<link rel=\"canonical\" href=\"http:\/\/segurosgam.com\/en\/autos-taxi-uber-danos\/\" \/>\n<meta property=\"og:locale\" content=\"en_US\" \/>\n<meta property=\"og:type\" content=\"article\" \/>\n<meta property=\"og:title\" content=\"DA\u00d1OS, AUTOS, TAXI, UBER | SEGUROS GAM\" \/>\n<meta property=\"og:description\" content=\"En GAM ASESORES contamos con seguros econ\u00f3micos para proteger tu patrimonio en caso de cualquier accidente o robo.\" \/>\n<meta property=\"og:url\" content=\"http:\/\/segurosgam.com\/en\/autos-taxi-uber-danos\/\" \/>\n<meta property=\"og:site_name\" content=\"SEGUROS GAM\" \/>\n<meta property=\"article:modified_time\" content=\"2026-02-05T01:06:24+00:00\" \/>\n<meta property=\"og:image\" content=\"http:\/\/segurosgam.com\/wp-content\/uploads\/2020\/07\/12009802_10153754341279274_1942790750481807509_n.png\" \/>\n\t<meta property=\"og:image:width\" content=\"720\" \/>\n\t<meta property=\"og:image:height\" content=\"479\" \/>\n\t<meta property=\"og:image:type\" content=\"image\/png\" \/>\n<meta name=\"twitter:card\" content=\"summary_large_image\" \/>\n<meta name=\"twitter:label1\" content=\"Est. reading time\" \/>\n\t<meta name=\"twitter:data1\" content=\"4 minutes\" \/>\n<script type=\"application\/ld+json\" class=\"yoast-schema-graph\">{\"@context\":\"https:\/\/schema.org\",\"@graph\":[{\"@type\":\"WebPage\",\"@id\":\"http:\/\/segurosgam.com\/autos-taxi-uber-danos\/\",\"url\":\"http:\/\/segurosgam.com\/autos-taxi-uber-danos\/\",\"name\":\"DA\u00d1OS, AUTOS, TAXI, UBER | SEGUROS GAM\",\"isPartOf\":{\"@id\":\"http:\/\/segurosgam.com\/#website\"},\"primaryImageOfPage\":{\"@id\":\"http:\/\/segurosgam.com\/autos-taxi-uber-danos\/#primaryimage\"},\"image\":{\"@id\":\"http:\/\/segurosgam.com\/autos-taxi-uber-danos\/#primaryimage\"},\"thumbnailUrl\":\"https:\/\/segurosgam.com\/wp-content\/uploads\/2020\/07\/12009802_10153754341279274_1942790750481807509_n.png\",\"datePublished\":\"2020-07-29T18:35:15+00:00\",\"dateModified\":\"2026-02-05T01:06:24+00:00\",\"description\":\"En GAM ASESORES contamos con seguros econ\u00f3micos para proteger tu patrimonio en caso de cualquier accidente o robo.\",\"breadcrumb\":{\"@id\":\"http:\/\/segurosgam.com\/autos-taxi-uber-danos\/#breadcrumb\"},\"inLanguage\":\"en-US\",\"potentialAction\":[{\"@type\":\"ReadAction\",\"target\":[\"http:\/\/segurosgam.com\/autos-taxi-uber-danos\/\"]}]},{\"@type\":\"ImageObject\",\"inLanguage\":\"en-US\",\"@id\":\"http:\/\/segurosgam.com\/autos-taxi-uber-danos\/#primaryimage\",\"url\":\"https:\/\/segurosgam.com\/wp-content\/uploads\/2020\/07\/12009802_10153754341279274_1942790750481807509_n.png\",\"contentUrl\":\"https:\/\/segurosgam.com\/wp-content\/uploads\/2020\/07\/12009802_10153754341279274_1942790750481807509_n.png\",\"width\":720,\"height\":479,\"caption\":\"SEGURO AUTO\"},{\"@type\":\"BreadcrumbList\",\"@id\":\"http:\/\/segurosgam.com\/autos-taxi-uber-danos\/#breadcrumb\",\"itemListElement\":[{\"@type\":\"ListItem\",\"position\":1,\"name\":\"Portada\",\"item\":\"http:\/\/segurosgam.com\/\"},{\"@type\":\"ListItem\",\"position\":2,\"name\":\"DA\u00d1OS, AUTOS, TAXI, UBER\"}]},{\"@type\":\"WebSite\",\"@id\":\"http:\/\/segurosgam.com\/#website\",\"url\":\"http:\/\/segurosgam.com\/\",\"name\":\"SEGUROS GAM\",\"description\":\"SEGUROS A TU MEDIDA\",\"publisher\":{\"@id\":\"http:\/\/segurosgam.com\/#organization\"},\"potentialAction\":[{\"@type\":\"SearchAction\",\"target\":{\"@type\":\"EntryPoint\",\"urlTemplate\":\"http:\/\/segurosgam.com\/?s={search_term_string}\"},\"query-input\":{\"@type\":\"PropertyValueSpecification\",\"valueRequired\":true,\"valueName\":\"search_term_string\"}}],\"inLanguage\":\"en-US\"},{\"@type\":\"Organization\",\"@id\":\"http:\/\/segurosgam.com\/#organization\",\"name\":\"GAM ASESORES\",\"url\":\"http:\/\/segurosgam.com\/\",\"logo\":{\"@type\":\"ImageObject\",\"inLanguage\":\"en-US\",\"@id\":\"http:\/\/segurosgam.com\/#\/schema\/logo\/image\/\",\"url\":\"https:\/\/segurosgam.com\/wp-content\/uploads\/2020\/07\/logo-gera-3.jpg\",\"contentUrl\":\"https:\/\/segurosgam.com\/wp-content\/uploads\/2020\/07\/logo-gera-3.jpg\",\"width\":205,\"height\":154,\"caption\":\"GAM ASESORES\"},\"image\":{\"@id\":\"http:\/\/segurosgam.com\/#\/schema\/logo\/image\/\"}}]}<\/script>\n<!-- \/ Yoast SEO plugin. -->","yoast_head_json":{"title":"DA\u00d1OS, AUTOS, TAXI, UBER | SEGUROS GAM","description":"En GAM ASESORES contamos con seguros econ\u00f3micos para proteger tu patrimonio en caso de cualquier accidente o robo.","robots":{"index":"index","follow":"follow","max-snippet":"max-snippet:-1","max-image-preview":"max-image-preview:large","max-video-preview":"max-video-preview:-1"},"canonical":"http:\/\/segurosgam.com\/en\/autos-taxi-uber-danos\/","og_locale":"en_US","og_type":"article","og_title":"DA\u00d1OS, AUTOS, TAXI, UBER | SEGUROS GAM","og_description":"En GAM ASESORES contamos con seguros econ\u00f3micos para proteger tu patrimonio en caso de cualquier accidente o robo.","og_url":"http:\/\/segurosgam.com\/en\/autos-taxi-uber-danos\/","og_site_name":"SEGUROS GAM","article_modified_time":"2026-02-05T01:06:24+00:00","og_image":[{"width":720,"height":479,"url":"http:\/\/segurosgam.com\/wp-content\/uploads\/2020\/07\/12009802_10153754341279274_1942790750481807509_n.png","type":"image\/png"}],"twitter_card":"summary_large_image","twitter_misc":{"Est. reading time":"4 minutes"},"schema":{"@context":"https:\/\/schema.org","@graph":[{"@type":"WebPage","@id":"http:\/\/segurosgam.com\/autos-taxi-uber-danos\/","url":"http:\/\/segurosgam.com\/autos-taxi-uber-danos\/","name":"DA\u00d1OS, AUTOS, TAXI, UBER | SEGUROS GAM","isPartOf":{"@id":"http:\/\/segurosgam.com\/#website"},"primaryImageOfPage":{"@id":"http:\/\/segurosgam.com\/autos-taxi-uber-danos\/#primaryimage"},"image":{"@id":"http:\/\/segurosgam.com\/autos-taxi-uber-danos\/#primaryimage"},"thumbnailUrl":"https:\/\/segurosgam.com\/wp-content\/uploads\/2020\/07\/12009802_10153754341279274_1942790750481807509_n.png","datePublished":"2020-07-29T18:35:15+00:00","dateModified":"2026-02-05T01:06:24+00:00","description":"En GAM ASESORES contamos con seguros econ\u00f3micos para proteger tu patrimonio en caso de cualquier accidente o robo.","breadcrumb":{"@id":"http:\/\/segurosgam.com\/autos-taxi-uber-danos\/#breadcrumb"},"inLanguage":"en-US","potentialAction":[{"@type":"ReadAction","target":["http:\/\/segurosgam.com\/autos-taxi-uber-danos\/"]}]},{"@type":"ImageObject","inLanguage":"en-US","@id":"http:\/\/segurosgam.com\/autos-taxi-uber-danos\/#primaryimage","url":"https:\/\/segurosgam.com\/wp-content\/uploads\/2020\/07\/12009802_10153754341279274_1942790750481807509_n.png","contentUrl":"https:\/\/segurosgam.com\/wp-content\/uploads\/2020\/07\/12009802_10153754341279274_1942790750481807509_n.png","width":720,"height":479,"caption":"SEGURO AUTO"},{"@type":"BreadcrumbList","@id":"http:\/\/segurosgam.com\/autos-taxi-uber-danos\/#breadcrumb","itemListElement":[{"@type":"ListItem","position":1,"name":"Portada","item":"http:\/\/segurosgam.com\/"},{"@type":"ListItem","position":2,"name":"DA\u00d1OS, AUTOS, TAXI, UBER"}]},{"@type":"WebSite","@id":"http:\/\/segurosgam.com\/#website","url":"http:\/\/segurosgam.com\/","name":"GAM INSURANCES","description":"SEGUROS A TU MEDIDA","publisher":{"@id":"http:\/\/segurosgam.com\/#organization"},"potentialAction":[{"@type":"SearchAction","target":{"@type":"EntryPoint","urlTemplate":"http:\/\/segurosgam.com\/?s={search_term_string}"},"query-input":{"@type":"PropertyValueSpecification","valueRequired":true,"valueName":"search_term_string"}}],"inLanguage":"en-US"},{"@type":"Organization","@id":"http:\/\/segurosgam.com\/#organization","name":"GAM ASESORES","url":"http:\/\/segurosgam.com\/","logo":{"@type":"ImageObject","inLanguage":"en-US","@id":"http:\/\/segurosgam.com\/#\/schema\/logo\/image\/","url":"https:\/\/segurosgam.com\/wp-content\/uploads\/2020\/07\/logo-gera-3.jpg","contentUrl":"https:\/\/segurosgam.com\/wp-content\/uploads\/2020\/07\/logo-gera-3.jpg","width":205,"height":154,"caption":"GAM ASESORES"},"image":{"@id":"http:\/\/segurosgam.com\/#\/schema\/logo\/image\/"}}]}},"_links":{"self":[{"href":"https:\/\/segurosgam.com\/en\/wp-json\/wp\/v2\/pages\/425","targetHints":{"allow":["GET"]}}],"collection":[{"href":"https:\/\/segurosgam.com\/en\/wp-json\/wp\/v2\/pages"}],"about":[{"href":"https:\/\/segurosgam.com\/en\/wp-json\/wp\/v2\/types\/page"}],"author":[{"embeddable":true,"href":"https:\/\/segurosgam.com\/en\/wp-json\/wp\/v2\/users\/1"}],"replies":[{"embeddable":true,"href":"https:\/\/segurosgam.com\/en\/wp-json\/wp\/v2\/comments?post=425"}],"version-history":[{"count":15,"href":"https:\/\/segurosgam.com\/en\/wp-json\/wp\/v2\/pages\/425\/revisions"}],"predecessor-version":[{"id":671,"href":"https:\/\/segurosgam.com\/en\/wp-json\/wp\/v2\/pages\/425\/revisions\/671"}],"wp:featuredmedia":[{"embeddable":true,"href":"https:\/\/segurosgam.com\/en\/wp-json\/wp\/v2\/media\/374"}],"wp:attachment":[{"href":"https:\/\/segurosgam.com\/en\/wp-json\/wp\/v2\/media?parent=425"}],"curies":[{"name":"wp","href":"https:\/\/api.w.org\/{rel}","templated":true}]}}