{"id":333,"date":"2020-07-22T13:46:15","date_gmt":"2020-07-22T19:46:15","guid":{"rendered":"https:\/\/segurosgam.com\/?page_id=333"},"modified":"2026-01-27T19:13:32","modified_gmt":"2026-01-28T01:13:32","slug":"contacto","status":"publish","type":"page","link":"https:\/\/segurosgam.com\/en\/contacto\/","title":{"rendered":"CONTACT US"},"content":{"rendered":"\n\n\n\n\n<h2>TE PODEMOS AYUDAR PARA RESOLVER TUS DUDAS<\/h2>\n\n\n\n\n\n\n\n<h3>No Esperes M\u00e1s:<\/h3>\n\n\n\n\n\n\n\n<div class=\"wpforms-container wpforms-container-full\" id=\"wpforms-1124\"><form id=\"wpforms-form-1124\" class=\"wpforms-validate wpforms-form\" data-formid=\"1124\" method=\"post\" enctype=\"multipart\/form-data\" action=\"\/en\/wp-json\/wp\/v2\/pages\/333\" data-token=\"b1a76e5166c3f22926b7eb35b83e4281\" data-token-time=\"1775287604\"><noscript class=\"wpforms-error-noscript\">Please enable JavaScript in your browser to complete this form.<\/noscript><div class=\"wpforms-field-container\"><div id=\"wpforms-1124-field_0-container\" class=\"wpforms-field wpforms-field-name wpforms-one-half wpforms-first\" data-field-id=\"0\"><label class=\"wpforms-field-label wpforms-label-hide\" for=\"wpforms-1124-field_0\">Nombre <span class=\"wpforms-required-label\">*<\/span><\/label><input type=\"text\" id=\"wpforms-1124-field_0\" class=\"wpforms-field-large wpforms-field-required\" name=\"wpforms[fields][0]\" placeholder=\"Nombre\" required><div class=\"wpforms-field-description\">Escribe tu nombre o Raz\u00f3n Social<\/div><\/div><div id=\"wpforms-1124-field_3-container\" class=\"wpforms-field wpforms-field-email wpforms-one-half\" data-field-id=\"3\"><label class=\"wpforms-field-label wpforms-label-hide\" for=\"wpforms-1124-field_3\">Correo <span class=\"wpforms-required-label\">*<\/span><\/label><input type=\"email\" id=\"wpforms-1124-field_3\" class=\"wpforms-field-large wpforms-field-required\" name=\"wpforms[fields][3]\" placeholder=\"Correo\" spellcheck=\"false\" required><div class=\"wpforms-field-description\">Correo electr\u00f3nico<\/div><\/div><div id=\"wpforms-1124-field_6-container\" class=\"wpforms-field wpforms-field-number\" data-field-id=\"6\"><label class=\"wpforms-field-label wpforms-label-hide\" for=\"wpforms-1124-field_6\">Tel\u00e9fono <span class=\"wpforms-required-label\">*<\/span><\/label><input type=\"number\" id=\"wpforms-1124-field_6\" class=\"wpforms-field-medium wpforms-field-required\" name=\"wpforms[fields][6]\" placeholder=\"ej. 6142223333\" step=\"any\" required><div class=\"wpforms-field-description\">Deja tu n\u00famero telef\u00f3nico <\/div><\/div><div id=\"wpforms-1124-field_7-container\" class=\"wpforms-field wpforms-field-checkbox\" data-field-id=\"7\"><label class=\"wpforms-field-label\">Indica el Tema de t\u00fa Consulta (Selecciona 1 \u00f3 m\u00e1s) <span class=\"wpforms-required-label\">*<\/span><\/label><ul id=\"wpforms-1124-field_7\" class=\"wpforms-field-required\"><li class=\"choice-1 depth-1\"><input type=\"checkbox\" id=\"wpforms-1124-field_7_1\" name=\"wpforms[fields][7][]\" value=\"Vivienda Vertical\" required ><label class=\"wpforms-field-label-inline\" for=\"wpforms-1124-field_7_1\">Vivienda Vertical<\/label><\/li><li class=\"choice-2 depth-1\"><input type=\"checkbox\" id=\"wpforms-1124-field_7_2\" name=\"wpforms[fields][7][]\" value=\"Seguros de: GMM, Vida, Autos, Casa\" required ><label class=\"wpforms-field-label-inline\" for=\"wpforms-1124-field_7_2\">Seguros de: GMM, Vida, Autos, Casa<\/label><\/li><li class=\"choice-3 depth-1\"><input type=\"checkbox\" id=\"wpforms-1124-field_7_3\" name=\"wpforms[fields][7][]\" value=\"Desarrollo Empresarial\" required ><label class=\"wpforms-field-label-inline\" for=\"wpforms-1124-field_7_3\">Desarrollo Empresarial<\/label><\/li><\/ul><div class=\"wpforms-field-description\">Indica el \u00e1rea de inter\u00e9s de la consulta, \nNos ponemos en contacto a la brevedad<\/div><\/div><\/div><!-- .wpforms-field-container --><div class=\"wpforms-submit-container\" ><input type=\"hidden\" name=\"wpforms[id]\" value=\"1124\"><input type=\"hidden\" name=\"page_title\" value=\"\"><input type=\"hidden\" name=\"page_url\" value=\"https:\/\/segurosgam.com\/en\/wp-json\/wp\/v2\/pages\/333\"><input type=\"hidden\" name=\"url_referer\" value=\"\"><button type=\"submit\" name=\"wpforms[submit]\" id=\"wpforms-submit-1124\" class=\"wpforms-submit\" data-alt-text=\"Enviando...\" data-submit-text=\"Enviar\" aria-live=\"assertive\" value=\"wpforms-submit\">Enviar<\/button><\/div><\/form><\/div>  <!-- .wpforms-container -->\n\n\n\n\n\n\n\n<p>Gerardo A. Molinar<\/p>\n\n\n\n\n\n\n\n\n\n\n\n\n\n\n\n\n\n<p>Lunes a viernes de 8:00 a 19:00 Hrs.<\/p>\n\n\n\n<p [object NamedNodeMap]>Retorno Mina San Jos\u00e9 16700, Chihuahua, Chihuahua<\/p>\n\n\n\n\n\n\n\n<p [object NamedNodeMap]>De conformidad con lo establecido en la Ley Federal de Protecci\u00f3n de Datos Personales en Posesi\u00f3n de Particulares, <a href=\"https:\/\/segurosgam.com\/\">https:\/\/segurosgam.com\/<\/a> se compromete a tratar toda la informaci\u00f3n recabada de forma confidencial y a adoptar las medidas necesarias que est\u00e9n a su alcance para asegurar la privacidad de los datos personales recabados de forma que se garantice su seguridad, se evite su alteraci\u00f3n, p\u00e9rdida o tratamiento no autorizada.<\/p>\n\n\n\n<p [object NamedNodeMap]>Para mayor informaci\u00f3n ver: <strong><a href=\"https:\/\/segurosgam.com\/terminos-y-condiciones-a\/\">T\u00c9RMINOS Y CONDICIONES<\/a><\/strong><\/p>\n\n\n","protected":false},"excerpt":{"rendered":"","protected":false},"author":1,"featured_media":0,"parent":0,"menu_order":0,"comment_status":"closed","ping_status":"closed","template":"","meta":{"pagelayer_contact_templates":[],"_pagelayer_content":"","ngg_post_thumbnail":0,"footnotes":""},"class_list":["post-333","page","type-page","status-publish","hentry"],"yoast_head":"<!-- This site is optimized with the Yoast SEO plugin v27.1.1 - https:\/\/yoast.com\/product\/yoast-seo-wordpress\/ -->\n<title>CONT\u00c1CTANOS | SEGUROS GAM<\/title>\n<meta name=\"description\" content=\"Asesoramiento profesional a personas y empresas en Seguros Competitivos y Vivienda Vertical. Tenemos m\u00e1s de 15 a\u00f1os de experiencia en el ramo.\" \/>\n<meta name=\"robots\" content=\"index, follow, max-snippet:-1, max-image-preview:large, max-video-preview:-1\" \/>\n<link rel=\"canonical\" href=\"https:\/\/segurosgam.com\/en\/contacto\/\" \/>\n<meta property=\"og:locale\" content=\"en_US\" \/>\n<meta property=\"og:type\" content=\"article\" \/>\n<meta property=\"og:title\" content=\"CONT\u00c1CTANOS | SEGUROS GAM\" \/>\n<meta property=\"og:description\" content=\"Asesoramiento profesional a personas y empresas en Seguros Competitivos y Vivienda Vertical. Tenemos m\u00e1s de 15 a\u00f1os de experiencia en el ramo.\" \/>\n<meta property=\"og:url\" content=\"https:\/\/segurosgam.com\/en\/contacto\/\" \/>\n<meta property=\"og:site_name\" content=\"SEGUROS GAM\" \/>\n<meta property=\"article:modified_time\" content=\"2026-01-28T01:13:32+00:00\" \/>\n<meta name=\"twitter:card\" content=\"summary_large_image\" \/>\n<meta name=\"twitter:label1\" content=\"Est. reading time\" \/>\n\t<meta name=\"twitter:data1\" content=\"1 minute\" \/>\n<script type=\"application\/ld+json\" class=\"yoast-schema-graph\">{\"@context\":\"https:\/\/schema.org\",\"@graph\":[{\"@type\":\"WebPage\",\"@id\":\"https:\/\/segurosgam.com\/contacto\/\",\"url\":\"https:\/\/segurosgam.com\/contacto\/\",\"name\":\"CONT\u00c1CTANOS | SEGUROS GAM\",\"isPartOf\":{\"@id\":\"http:\/\/segurosgam.com\/#website\"},\"datePublished\":\"2020-07-22T19:46:15+00:00\",\"dateModified\":\"2026-01-28T01:13:32+00:00\",\"description\":\"Asesoramiento profesional a personas y empresas en Seguros Competitivos y Vivienda Vertical. Tenemos m\u00e1s de 15 a\u00f1os de experiencia en el ramo.\",\"breadcrumb\":{\"@id\":\"https:\/\/segurosgam.com\/contacto\/#breadcrumb\"},\"inLanguage\":\"en-US\",\"potentialAction\":[{\"@type\":\"ReadAction\",\"target\":[\"https:\/\/segurosgam.com\/contacto\/\"]}]},{\"@type\":\"BreadcrumbList\",\"@id\":\"https:\/\/segurosgam.com\/contacto\/#breadcrumb\",\"itemListElement\":[{\"@type\":\"ListItem\",\"position\":1,\"name\":\"Portada\",\"item\":\"http:\/\/segurosgam.com\/\"},{\"@type\":\"ListItem\",\"position\":2,\"name\":\"CONT\u00c1CTANOS\"}]},{\"@type\":\"WebSite\",\"@id\":\"http:\/\/segurosgam.com\/#website\",\"url\":\"http:\/\/segurosgam.com\/\",\"name\":\"SEGUROS GAM\",\"description\":\"SEGUROS A TU MEDIDA\",\"publisher\":{\"@id\":\"http:\/\/segurosgam.com\/#organization\"},\"potentialAction\":[{\"@type\":\"SearchAction\",\"target\":{\"@type\":\"EntryPoint\",\"urlTemplate\":\"http:\/\/segurosgam.com\/?s={search_term_string}\"},\"query-input\":{\"@type\":\"PropertyValueSpecification\",\"valueRequired\":true,\"valueName\":\"search_term_string\"}}],\"inLanguage\":\"en-US\"},{\"@type\":\"Organization\",\"@id\":\"http:\/\/segurosgam.com\/#organization\",\"name\":\"GAM ASESORES\",\"url\":\"http:\/\/segurosgam.com\/\",\"logo\":{\"@type\":\"ImageObject\",\"inLanguage\":\"en-US\",\"@id\":\"http:\/\/segurosgam.com\/#\/schema\/logo\/image\/\",\"url\":\"https:\/\/segurosgam.com\/wp-content\/uploads\/2020\/07\/logo-gera-3.jpg\",\"contentUrl\":\"https:\/\/segurosgam.com\/wp-content\/uploads\/2020\/07\/logo-gera-3.jpg\",\"width\":205,\"height\":154,\"caption\":\"GAM ASESORES\"},\"image\":{\"@id\":\"http:\/\/segurosgam.com\/#\/schema\/logo\/image\/\"}}]}<\/script>\n<!-- \/ Yoast SEO plugin. -->","yoast_head_json":{"title":"CONT\u00c1CTANOS | SEGUROS GAM","description":"Asesoramiento profesional a personas y empresas en Seguros Competitivos y Vivienda Vertical. Tenemos m\u00e1s de 15 a\u00f1os de experiencia en el ramo.","robots":{"index":"index","follow":"follow","max-snippet":"max-snippet:-1","max-image-preview":"max-image-preview:large","max-video-preview":"max-video-preview:-1"},"canonical":"https:\/\/segurosgam.com\/en\/contacto\/","og_locale":"en_US","og_type":"article","og_title":"CONT\u00c1CTANOS | SEGUROS GAM","og_description":"Asesoramiento profesional a personas y empresas en Seguros Competitivos y Vivienda Vertical. Tenemos m\u00e1s de 15 a\u00f1os de experiencia en el ramo.","og_url":"https:\/\/segurosgam.com\/en\/contacto\/","og_site_name":"SEGUROS GAM","article_modified_time":"2026-01-28T01:13:32+00:00","twitter_card":"summary_large_image","twitter_misc":{"Est. reading time":"1 minute"},"schema":{"@context":"https:\/\/schema.org","@graph":[{"@type":"WebPage","@id":"https:\/\/segurosgam.com\/contacto\/","url":"https:\/\/segurosgam.com\/contacto\/","name":"CONT\u00c1CTANOS | SEGUROS GAM","isPartOf":{"@id":"http:\/\/segurosgam.com\/#website"},"datePublished":"2020-07-22T19:46:15+00:00","dateModified":"2026-01-28T01:13:32+00:00","description":"Asesoramiento profesional a personas y empresas en Seguros Competitivos y Vivienda Vertical. Tenemos m\u00e1s de 15 a\u00f1os de experiencia en el ramo.","breadcrumb":{"@id":"https:\/\/segurosgam.com\/contacto\/#breadcrumb"},"inLanguage":"en-US","potentialAction":[{"@type":"ReadAction","target":["https:\/\/segurosgam.com\/contacto\/"]}]},{"@type":"BreadcrumbList","@id":"https:\/\/segurosgam.com\/contacto\/#breadcrumb","itemListElement":[{"@type":"ListItem","position":1,"name":"Portada","item":"http:\/\/segurosgam.com\/"},{"@type":"ListItem","position":2,"name":"CONT\u00c1CTANOS"}]},{"@type":"WebSite","@id":"http:\/\/segurosgam.com\/#website","url":"http:\/\/segurosgam.com\/","name":"GAM INSURANCES","description":"SEGUROS A TU MEDIDA","publisher":{"@id":"http:\/\/segurosgam.com\/#organization"},"potentialAction":[{"@type":"SearchAction","target":{"@type":"EntryPoint","urlTemplate":"http:\/\/segurosgam.com\/?s={search_term_string}"},"query-input":{"@type":"PropertyValueSpecification","valueRequired":true,"valueName":"search_term_string"}}],"inLanguage":"en-US"},{"@type":"Organization","@id":"http:\/\/segurosgam.com\/#organization","name":"GAM ASESORES","url":"http:\/\/segurosgam.com\/","logo":{"@type":"ImageObject","inLanguage":"en-US","@id":"http:\/\/segurosgam.com\/#\/schema\/logo\/image\/","url":"https:\/\/segurosgam.com\/wp-content\/uploads\/2020\/07\/logo-gera-3.jpg","contentUrl":"https:\/\/segurosgam.com\/wp-content\/uploads\/2020\/07\/logo-gera-3.jpg","width":205,"height":154,"caption":"GAM ASESORES"},"image":{"@id":"http:\/\/segurosgam.com\/#\/schema\/logo\/image\/"}}]}},"_links":{"self":[{"href":"https:\/\/segurosgam.com\/en\/wp-json\/wp\/v2\/pages\/333","targetHints":{"allow":["GET"]}}],"collection":[{"href":"https:\/\/segurosgam.com\/en\/wp-json\/wp\/v2\/pages"}],"about":[{"href":"https:\/\/segurosgam.com\/en\/wp-json\/wp\/v2\/types\/page"}],"author":[{"embeddable":true,"href":"https:\/\/segurosgam.com\/en\/wp-json\/wp\/v2\/users\/1"}],"replies":[{"embeddable":true,"href":"https:\/\/segurosgam.com\/en\/wp-json\/wp\/v2\/comments?post=333"}],"version-history":[{"count":15,"href":"https:\/\/segurosgam.com\/en\/wp-json\/wp\/v2\/pages\/333\/revisions"}],"predecessor-version":[{"id":1186,"href":"https:\/\/segurosgam.com\/en\/wp-json\/wp\/v2\/pages\/333\/revisions\/1186"}],"wp:attachment":[{"href":"https:\/\/segurosgam.com\/en\/wp-json\/wp\/v2\/media?parent=333"}],"curies":[{"name":"wp","href":"https:\/\/api.w.org\/{rel}","templated":true}]}}