{"id":262,"date":"2020-07-20T16:52:14","date_gmt":"2020-07-20T22:52:14","guid":{"rendered":"https:\/\/segurosgam.com\/?page_id=262"},"modified":"2026-02-04T18:54:50","modified_gmt":"2026-02-05T00:54:50","slug":"capacitacion","status":"publish","type":"page","link":"https:\/\/segurosgam.com\/en\/capacitacion\/","title":{"rendered":"TRAINING"},"content":{"rendered":"<p><strong>GAM ASESORES <\/strong>tiene instructores con m\u00e1s de 15 a\u00f1os de experiencia en el dise\u00f1o e impartici\u00f3n de cursos enfocados al sector industrial y gubernamental.<\/p>\n\n\n\n<p>Dise\u00f1amos cursos de capacitaci\u00f3n para empresas de acuerdo a las caracter\u00edstica y necesidades de nuestros clientes.<\/p>\n\n\n\n<div class=\"wp-block-themeisle-blocks-advanced-columns has-2-columns has-desktop-equal-layout has-tablet-equal-layout has-mobile-collapsedRows-layout has-default-gap has-vertical-unset\" id=\"wp-block-themeisle-blocks-advanced-columns-2a4364fd\"><div class=\"wp-block-themeisle-blocks-advanced-columns-overlay\"><\/div><div class=\"innerblocks-wrap\">\n<div class=\"wp-block-themeisle-blocks-advanced-column\" id=\"wp-block-themeisle-blocks-advanced-column-968c1954\">\n<h2 class=\"has-text-color wp-block-heading\" style=\"color:#af1f1f\"><strong>CURSOS DISPONIBLES:<\/strong><\/h2>\n\n\n\n<p>Metodolog\u00eda de Marco L\u00f3gico (MML)<\/p>\n\n\n\n<p>Taller de Evaluaci\u00f3n de Programas y Pol\u00edticas P\u00fablicas (CONEVAL).<\/p>\n\n\n\n<p>Presupuesto basado en resultados<\/p>\n\n\n\n<p>Sistema de Evaluaci\u00f3n del Desempe\u00f1o<\/p>\n\n\n\n<p>Formaci\u00f3n de auditores internos ISO 9001-2015.<\/p>\n\n\n\n<p>Documentaci\u00f3n del Sistema de Gesti\u00f3n.<\/p>\n\n\n\n<p>Requisitos de Competencia de las Personas&nbsp;(Normas, est\u00e1ndares, etc.).<\/p>\n\n\n\n<p>Ventas Consultivas.<\/p>\n<\/div>\n\n\n\n<div class=\"wp-block-themeisle-blocks-advanced-column\" id=\"wp-block-themeisle-blocks-advanced-column-f2686a78\">\n<figure class=\"wp-block-table\"><table><tbody><tr><td><strong>T\u00e9cnicas de manufactura esbelta como:<\/strong><br>Kan Ban<br>Mantenimiento preventivo total.<br>8D\u2019s.C&nbsp;&nbsp;5S\u2019s&nbsp;&nbsp;\/&nbsp;&nbsp;9S\u2019s.<br>M\u00e9todo de An\u00e1lisis y Soluci\u00f3n de Problemas&nbsp;&nbsp; &nbsp; &nbsp; (MASP).<br>Control Estad\u00edstico del Proceso (CEP).<br>Dise\u00f1o&nbsp;de&nbsp;cursos de&nbsp;capacitaci\u00f3n&nbsp;de&nbsp;acuerdo a los requerimientos de tu empresa&nbsp;<\/td><td><\/td><\/tr><\/tbody><\/table><\/figure>\n<\/div>\n<\/div><\/div>\n\n\n\n<div class=\"wp-block-buttons aligncenter is-layout-flex wp-block-buttons-is-layout-flex\">\n<div class=\"wp-block-button\"><a class=\"wp-block-button__link has-background\" href=\"https:\/\/segurosgam.com\/en\/contacto\/\" style=\"background-color:#af1f1f\"><strong>\u00bfMAYOR INFORMACI\u00d3N?<\/strong><br><strong>CONTACT US<\/strong><\/a><\/div>\n<\/div>\n\n\n\n<p><\/p>","protected":false},"excerpt":{"rendered":"<p>GAM ASESORES tiene instructores con m\u00e1s de 15 a\u00f1os de experiencia en el dise\u00f1o e impartici\u00f3n de cursos enfocados al sector industrial y gubernamental. Dise\u00f1amos cursos de capacitaci\u00f3n para empresas de acuerdo a las caracter\u00edstica y necesidades de nuestros clientes.<\/p>","protected":false},"author":1,"featured_media":0,"parent":0,"menu_order":0,"comment_status":"closed","ping_status":"closed","template":"","meta":{"pagelayer_contact_templates":[],"_pagelayer_content":"","ngg_post_thumbnail":0,"footnotes":""},"class_list":["post-262","page","type-page","status-publish","hentry"],"yoast_head":"<!-- This site is optimized with the Yoast SEO plugin v27.1.1 - https:\/\/yoast.com\/product\/yoast-seo-wordpress\/ -->\n<title>CAPACITACI\u00d3N | SEGUROS GAM<\/title>\n<meta name=\"description\" content=\"En GAM ASESORES dise\u00f1amos e impartimos cursos y talleres empresariales en Planeaci\u00f3n Estrat\u00e9gica, Evaluaci\u00f3n de Programas y Pol\u00edticas publicas, entre otros.\" \/>\n<meta name=\"robots\" content=\"index, follow, max-snippet:-1, max-image-preview:large, max-video-preview:-1\" \/>\n<link rel=\"canonical\" href=\"https:\/\/segurosgam.com\/en\/capacitacion\/\" \/>\n<meta property=\"og:locale\" content=\"en_US\" \/>\n<meta property=\"og:type\" content=\"article\" \/>\n<meta property=\"og:title\" content=\"CAPACITACI\u00d3N | SEGUROS GAM\" \/>\n<meta property=\"og:description\" content=\"En GAM ASESORES dise\u00f1amos e impartimos cursos y talleres empresariales en Planeaci\u00f3n Estrat\u00e9gica, Evaluaci\u00f3n de Programas y Pol\u00edticas publicas, entre otros.\" \/>\n<meta property=\"og:url\" content=\"https:\/\/segurosgam.com\/en\/capacitacion\/\" \/>\n<meta property=\"og:site_name\" content=\"SEGUROS GAM\" \/>\n<meta property=\"article:modified_time\" content=\"2026-02-05T00:54:50+00:00\" \/>\n<meta name=\"twitter:card\" content=\"summary_large_image\" \/>\n<meta name=\"twitter:label1\" content=\"Est. reading time\" \/>\n\t<meta name=\"twitter:data1\" content=\"1 minute\" \/>\n<script type=\"application\/ld+json\" class=\"yoast-schema-graph\">{\"@context\":\"https:\/\/schema.org\",\"@graph\":[{\"@type\":\"WebPage\",\"@id\":\"https:\/\/segurosgam.com\/capacitacion\/\",\"url\":\"https:\/\/segurosgam.com\/capacitacion\/\",\"name\":\"CAPACITACI\u00d3N | SEGUROS GAM\",\"isPartOf\":{\"@id\":\"http:\/\/segurosgam.com\/#website\"},\"datePublished\":\"2020-07-20T22:52:14+00:00\",\"dateModified\":\"2026-02-05T00:54:50+00:00\",\"description\":\"En GAM ASESORES dise\u00f1amos e impartimos cursos y talleres empresariales en Planeaci\u00f3n Estrat\u00e9gica, Evaluaci\u00f3n de Programas y Pol\u00edticas publicas, entre otros.\",\"breadcrumb\":{\"@id\":\"https:\/\/segurosgam.com\/capacitacion\/#breadcrumb\"},\"inLanguage\":\"en-US\",\"potentialAction\":[{\"@type\":\"ReadAction\",\"target\":[\"https:\/\/segurosgam.com\/capacitacion\/\"]}]},{\"@type\":\"BreadcrumbList\",\"@id\":\"https:\/\/segurosgam.com\/capacitacion\/#breadcrumb\",\"itemListElement\":[{\"@type\":\"ListItem\",\"position\":1,\"name\":\"Portada\",\"item\":\"http:\/\/segurosgam.com\/\"},{\"@type\":\"ListItem\",\"position\":2,\"name\":\"CAPACITACI\u00d3N\"}]},{\"@type\":\"WebSite\",\"@id\":\"http:\/\/segurosgam.com\/#website\",\"url\":\"http:\/\/segurosgam.com\/\",\"name\":\"SEGUROS GAM\",\"description\":\"SEGUROS A TU MEDIDA\",\"publisher\":{\"@id\":\"http:\/\/segurosgam.com\/#organization\"},\"potentialAction\":[{\"@type\":\"SearchAction\",\"target\":{\"@type\":\"EntryPoint\",\"urlTemplate\":\"http:\/\/segurosgam.com\/?s={search_term_string}\"},\"query-input\":{\"@type\":\"PropertyValueSpecification\",\"valueRequired\":true,\"valueName\":\"search_term_string\"}}],\"inLanguage\":\"en-US\"},{\"@type\":\"Organization\",\"@id\":\"http:\/\/segurosgam.com\/#organization\",\"name\":\"GAM ASESORES\",\"url\":\"http:\/\/segurosgam.com\/\",\"logo\":{\"@type\":\"ImageObject\",\"inLanguage\":\"en-US\",\"@id\":\"http:\/\/segurosgam.com\/#\/schema\/logo\/image\/\",\"url\":\"https:\/\/segurosgam.com\/wp-content\/uploads\/2020\/07\/logo-gera-3.jpg\",\"contentUrl\":\"https:\/\/segurosgam.com\/wp-content\/uploads\/2020\/07\/logo-gera-3.jpg\",\"width\":205,\"height\":154,\"caption\":\"GAM ASESORES\"},\"image\":{\"@id\":\"http:\/\/segurosgam.com\/#\/schema\/logo\/image\/\"}}]}<\/script>\n<!-- \/ Yoast SEO plugin. -->","yoast_head_json":{"title":"CAPACITACI\u00d3N | SEGUROS GAM","description":"En GAM ASESORES dise\u00f1amos e impartimos cursos y talleres empresariales en Planeaci\u00f3n Estrat\u00e9gica, Evaluaci\u00f3n de Programas y Pol\u00edticas publicas, entre otros.","robots":{"index":"index","follow":"follow","max-snippet":"max-snippet:-1","max-image-preview":"max-image-preview:large","max-video-preview":"max-video-preview:-1"},"canonical":"https:\/\/segurosgam.com\/en\/capacitacion\/","og_locale":"en_US","og_type":"article","og_title":"CAPACITACI\u00d3N | SEGUROS GAM","og_description":"En GAM ASESORES dise\u00f1amos e impartimos cursos y talleres empresariales en Planeaci\u00f3n Estrat\u00e9gica, Evaluaci\u00f3n de Programas y Pol\u00edticas publicas, entre otros.","og_url":"https:\/\/segurosgam.com\/en\/capacitacion\/","og_site_name":"SEGUROS GAM","article_modified_time":"2026-02-05T00:54:50+00:00","twitter_card":"summary_large_image","twitter_misc":{"Est. reading time":"1 minute"},"schema":{"@context":"https:\/\/schema.org","@graph":[{"@type":"WebPage","@id":"https:\/\/segurosgam.com\/capacitacion\/","url":"https:\/\/segurosgam.com\/capacitacion\/","name":"CAPACITACI\u00d3N | SEGUROS GAM","isPartOf":{"@id":"http:\/\/segurosgam.com\/#website"},"datePublished":"2020-07-20T22:52:14+00:00","dateModified":"2026-02-05T00:54:50+00:00","description":"En GAM ASESORES dise\u00f1amos e impartimos cursos y talleres empresariales en Planeaci\u00f3n Estrat\u00e9gica, Evaluaci\u00f3n de Programas y Pol\u00edticas publicas, entre otros.","breadcrumb":{"@id":"https:\/\/segurosgam.com\/capacitacion\/#breadcrumb"},"inLanguage":"en-US","potentialAction":[{"@type":"ReadAction","target":["https:\/\/segurosgam.com\/capacitacion\/"]}]},{"@type":"BreadcrumbList","@id":"https:\/\/segurosgam.com\/capacitacion\/#breadcrumb","itemListElement":[{"@type":"ListItem","position":1,"name":"Portada","item":"http:\/\/segurosgam.com\/"},{"@type":"ListItem","position":2,"name":"CAPACITACI\u00d3N"}]},{"@type":"WebSite","@id":"http:\/\/segurosgam.com\/#website","url":"http:\/\/segurosgam.com\/","name":"GAM INSURANCES","description":"SEGUROS A TU MEDIDA","publisher":{"@id":"http:\/\/segurosgam.com\/#organization"},"potentialAction":[{"@type":"SearchAction","target":{"@type":"EntryPoint","urlTemplate":"http:\/\/segurosgam.com\/?s={search_term_string}"},"query-input":{"@type":"PropertyValueSpecification","valueRequired":true,"valueName":"search_term_string"}}],"inLanguage":"en-US"},{"@type":"Organization","@id":"http:\/\/segurosgam.com\/#organization","name":"GAM ASESORES","url":"http:\/\/segurosgam.com\/","logo":{"@type":"ImageObject","inLanguage":"en-US","@id":"http:\/\/segurosgam.com\/#\/schema\/logo\/image\/","url":"https:\/\/segurosgam.com\/wp-content\/uploads\/2020\/07\/logo-gera-3.jpg","contentUrl":"https:\/\/segurosgam.com\/wp-content\/uploads\/2020\/07\/logo-gera-3.jpg","width":205,"height":154,"caption":"GAM ASESORES"},"image":{"@id":"http:\/\/segurosgam.com\/#\/schema\/logo\/image\/"}}]}},"_links":{"self":[{"href":"https:\/\/segurosgam.com\/en\/wp-json\/wp\/v2\/pages\/262","targetHints":{"allow":["GET"]}}],"collection":[{"href":"https:\/\/segurosgam.com\/en\/wp-json\/wp\/v2\/pages"}],"about":[{"href":"https:\/\/segurosgam.com\/en\/wp-json\/wp\/v2\/types\/page"}],"author":[{"embeddable":true,"href":"https:\/\/segurosgam.com\/en\/wp-json\/wp\/v2\/users\/1"}],"replies":[{"embeddable":true,"href":"https:\/\/segurosgam.com\/en\/wp-json\/wp\/v2\/comments?post=262"}],"version-history":[{"count":6,"href":"https:\/\/segurosgam.com\/en\/wp-json\/wp\/v2\/pages\/262\/revisions"}],"predecessor-version":[{"id":666,"href":"https:\/\/segurosgam.com\/en\/wp-json\/wp\/v2\/pages\/262\/revisions\/666"}],"wp:attachment":[{"href":"https:\/\/segurosgam.com\/en\/wp-json\/wp\/v2\/media?parent=262"}],"curies":[{"name":"wp","href":"https:\/\/api.w.org\/{rel}","templated":true}]}}