{"id":260,"date":"2020-07-20T16:45:34","date_gmt":"2020-07-20T22:45:34","guid":{"rendered":"https:\/\/segurosgam.com\/?page_id=260"},"modified":"2026-01-27T18:42:38","modified_gmt":"2026-01-28T00:42:38","slug":"desarrollo-empresarial","status":"publish","type":"page","link":"https:\/\/segurosgam.com\/en\/desarrollo-empresarial\/","title":{"rendered":"BUSINESS DEVELOPMENT"},"content":{"rendered":"<p>En <strong>GAM ASESORES<\/strong> ofrecemos <strong>soluciones<\/strong> dise\u00f1adas de acuerdo a las necesidades espec\u00edficas de nuestros clientes para impulsar su productividad, mediante la <strong>experiencia de mas de 12 a\u00f1os<\/strong> de nuestros consultores en los <strong>sectores industrial y gubernamental<\/strong><br><\/p>\n\n\n\n\n<h2>DESARROLLO EMPRESARIAL:<\/h2>\n\n\n\n\n\nDise\u00f1o de Programas mediante la Metodolog\u00eda de Marco L\u00f3gico (Logical Framework Approach);\nEvaluaci\u00f3n de Pol\u00edticas P\u00fablicas;\nDise\u00f1o de Planes de negocios;\nAn\u00e1lisis financieros y de factibilidad de proyectos.\nDiagn\u00f3sticos empresariales y de aceleraci\u00f3n de empresas;\nCapacitaci\u00f3n empresarial.","protected":false},"excerpt":{"rendered":"","protected":false},"author":1,"featured_media":0,"parent":0,"menu_order":0,"comment_status":"closed","ping_status":"closed","template":"","meta":{"pagelayer_contact_templates":[],"_pagelayer_content":"","ngg_post_thumbnail":0,"footnotes":""},"class_list":["post-260","page","type-page","status-publish","hentry"],"yoast_head":"<!-- This site is optimized with the Yoast SEO plugin v27.1.1 - https:\/\/yoast.com\/product\/yoast-seo-wordpress\/ -->\n<title>DESARROLLO EMPRESARIAL | SEGUROS GAM<\/title>\n<meta name=\"description\" content=\"Los consultores en GAM ASESORES tienen m\u00e1s de 15 a\u00f1os de experiencia en el dise\u00f1o de soluciones aplicadas en el sector industrial y gubernamental.\" \/>\n<meta name=\"robots\" content=\"index, follow, max-snippet:-1, max-image-preview:large, max-video-preview:-1\" \/>\n<link rel=\"canonical\" href=\"https:\/\/segurosgam.com\/en\/desarrollo-empresarial\/\" \/>\n<meta property=\"og:locale\" content=\"en_US\" \/>\n<meta property=\"og:type\" content=\"article\" \/>\n<meta property=\"og:title\" content=\"DESARROLLO EMPRESARIAL | SEGUROS GAM\" \/>\n<meta property=\"og:description\" content=\"Los consultores en GAM ASESORES tienen m\u00e1s de 15 a\u00f1os de experiencia en el dise\u00f1o de soluciones aplicadas en el sector industrial y gubernamental.\" \/>\n<meta property=\"og:url\" content=\"https:\/\/segurosgam.com\/en\/desarrollo-empresarial\/\" \/>\n<meta property=\"og:site_name\" content=\"SEGUROS GAM\" \/>\n<meta property=\"article:modified_time\" content=\"2026-01-28T00:42:38+00:00\" \/>\n<meta name=\"twitter:card\" content=\"summary_large_image\" \/>\n<meta name=\"twitter:label1\" content=\"Est. reading time\" \/>\n\t<meta name=\"twitter:data1\" content=\"1 minute\" \/>\n<script type=\"application\/ld+json\" class=\"yoast-schema-graph\">{\"@context\":\"https:\/\/schema.org\",\"@graph\":[{\"@type\":\"WebPage\",\"@id\":\"https:\/\/segurosgam.com\/desarrollo-empresarial\/\",\"url\":\"https:\/\/segurosgam.com\/desarrollo-empresarial\/\",\"name\":\"DESARROLLO EMPRESARIAL | SEGUROS GAM\",\"isPartOf\":{\"@id\":\"http:\/\/segurosgam.com\/#website\"},\"datePublished\":\"2020-07-20T22:45:34+00:00\",\"dateModified\":\"2026-01-28T00:42:38+00:00\",\"description\":\"Los consultores en GAM ASESORES tienen m\u00e1s de 15 a\u00f1os de experiencia en el dise\u00f1o de soluciones aplicadas en el sector industrial y gubernamental.\",\"breadcrumb\":{\"@id\":\"https:\/\/segurosgam.com\/desarrollo-empresarial\/#breadcrumb\"},\"inLanguage\":\"en-US\",\"potentialAction\":[{\"@type\":\"ReadAction\",\"target\":[\"https:\/\/segurosgam.com\/desarrollo-empresarial\/\"]}]},{\"@type\":\"BreadcrumbList\",\"@id\":\"https:\/\/segurosgam.com\/desarrollo-empresarial\/#breadcrumb\",\"itemListElement\":[{\"@type\":\"ListItem\",\"position\":1,\"name\":\"Portada\",\"item\":\"http:\/\/segurosgam.com\/\"},{\"@type\":\"ListItem\",\"position\":2,\"name\":\"DESARROLLO EMPRESARIAL\"}]},{\"@type\":\"WebSite\",\"@id\":\"http:\/\/segurosgam.com\/#website\",\"url\":\"http:\/\/segurosgam.com\/\",\"name\":\"SEGUROS GAM\",\"description\":\"SEGUROS A TU MEDIDA\",\"publisher\":{\"@id\":\"http:\/\/segurosgam.com\/#organization\"},\"potentialAction\":[{\"@type\":\"SearchAction\",\"target\":{\"@type\":\"EntryPoint\",\"urlTemplate\":\"http:\/\/segurosgam.com\/?s={search_term_string}\"},\"query-input\":{\"@type\":\"PropertyValueSpecification\",\"valueRequired\":true,\"valueName\":\"search_term_string\"}}],\"inLanguage\":\"en-US\"},{\"@type\":\"Organization\",\"@id\":\"http:\/\/segurosgam.com\/#organization\",\"name\":\"GAM ASESORES\",\"url\":\"http:\/\/segurosgam.com\/\",\"logo\":{\"@type\":\"ImageObject\",\"inLanguage\":\"en-US\",\"@id\":\"http:\/\/segurosgam.com\/#\/schema\/logo\/image\/\",\"url\":\"https:\/\/segurosgam.com\/wp-content\/uploads\/2020\/07\/logo-gera-3.jpg\",\"contentUrl\":\"https:\/\/segurosgam.com\/wp-content\/uploads\/2020\/07\/logo-gera-3.jpg\",\"width\":205,\"height\":154,\"caption\":\"GAM ASESORES\"},\"image\":{\"@id\":\"http:\/\/segurosgam.com\/#\/schema\/logo\/image\/\"}}]}<\/script>\n<!-- \/ Yoast SEO plugin. -->","yoast_head_json":{"title":"DESARROLLO EMPRESARIAL | SEGUROS GAM","description":"Los consultores en GAM ASESORES tienen m\u00e1s de 15 a\u00f1os de experiencia en el dise\u00f1o de soluciones aplicadas en el sector industrial y gubernamental.","robots":{"index":"index","follow":"follow","max-snippet":"max-snippet:-1","max-image-preview":"max-image-preview:large","max-video-preview":"max-video-preview:-1"},"canonical":"https:\/\/segurosgam.com\/en\/desarrollo-empresarial\/","og_locale":"en_US","og_type":"article","og_title":"DESARROLLO EMPRESARIAL | SEGUROS GAM","og_description":"Los consultores en GAM ASESORES tienen m\u00e1s de 15 a\u00f1os de experiencia en el dise\u00f1o de soluciones aplicadas en el sector industrial y gubernamental.","og_url":"https:\/\/segurosgam.com\/en\/desarrollo-empresarial\/","og_site_name":"SEGUROS GAM","article_modified_time":"2026-01-28T00:42:38+00:00","twitter_card":"summary_large_image","twitter_misc":{"Est. reading time":"1 minute"},"schema":{"@context":"https:\/\/schema.org","@graph":[{"@type":"WebPage","@id":"https:\/\/segurosgam.com\/desarrollo-empresarial\/","url":"https:\/\/segurosgam.com\/desarrollo-empresarial\/","name":"DESARROLLO EMPRESARIAL | SEGUROS GAM","isPartOf":{"@id":"http:\/\/segurosgam.com\/#website"},"datePublished":"2020-07-20T22:45:34+00:00","dateModified":"2026-01-28T00:42:38+00:00","description":"Los consultores en GAM ASESORES tienen m\u00e1s de 15 a\u00f1os de experiencia en el dise\u00f1o de soluciones aplicadas en el sector industrial y gubernamental.","breadcrumb":{"@id":"https:\/\/segurosgam.com\/desarrollo-empresarial\/#breadcrumb"},"inLanguage":"en-US","potentialAction":[{"@type":"ReadAction","target":["https:\/\/segurosgam.com\/desarrollo-empresarial\/"]}]},{"@type":"BreadcrumbList","@id":"https:\/\/segurosgam.com\/desarrollo-empresarial\/#breadcrumb","itemListElement":[{"@type":"ListItem","position":1,"name":"Portada","item":"http:\/\/segurosgam.com\/"},{"@type":"ListItem","position":2,"name":"DESARROLLO EMPRESARIAL"}]},{"@type":"WebSite","@id":"http:\/\/segurosgam.com\/#website","url":"http:\/\/segurosgam.com\/","name":"GAM INSURANCES","description":"SEGUROS A TU MEDIDA","publisher":{"@id":"http:\/\/segurosgam.com\/#organization"},"potentialAction":[{"@type":"SearchAction","target":{"@type":"EntryPoint","urlTemplate":"http:\/\/segurosgam.com\/?s={search_term_string}"},"query-input":{"@type":"PropertyValueSpecification","valueRequired":true,"valueName":"search_term_string"}}],"inLanguage":"en-US"},{"@type":"Organization","@id":"http:\/\/segurosgam.com\/#organization","name":"GAM ASESORES","url":"http:\/\/segurosgam.com\/","logo":{"@type":"ImageObject","inLanguage":"en-US","@id":"http:\/\/segurosgam.com\/#\/schema\/logo\/image\/","url":"https:\/\/segurosgam.com\/wp-content\/uploads\/2020\/07\/logo-gera-3.jpg","contentUrl":"https:\/\/segurosgam.com\/wp-content\/uploads\/2020\/07\/logo-gera-3.jpg","width":205,"height":154,"caption":"GAM ASESORES"},"image":{"@id":"http:\/\/segurosgam.com\/#\/schema\/logo\/image\/"}}]}},"_links":{"self":[{"href":"https:\/\/segurosgam.com\/en\/wp-json\/wp\/v2\/pages\/260","targetHints":{"allow":["GET"]}}],"collection":[{"href":"https:\/\/segurosgam.com\/en\/wp-json\/wp\/v2\/pages"}],"about":[{"href":"https:\/\/segurosgam.com\/en\/wp-json\/wp\/v2\/types\/page"}],"author":[{"embeddable":true,"href":"https:\/\/segurosgam.com\/en\/wp-json\/wp\/v2\/users\/1"}],"replies":[{"embeddable":true,"href":"https:\/\/segurosgam.com\/en\/wp-json\/wp\/v2\/comments?post=260"}],"version-history":[{"count":7,"href":"https:\/\/segurosgam.com\/en\/wp-json\/wp\/v2\/pages\/260\/revisions"}],"predecessor-version":[{"id":1168,"href":"https:\/\/segurosgam.com\/en\/wp-json\/wp\/v2\/pages\/260\/revisions\/1168"}],"wp:attachment":[{"href":"https:\/\/segurosgam.com\/en\/wp-json\/wp\/v2\/media?parent=260"}],"curies":[{"name":"wp","href":"https:\/\/api.w.org\/{rel}","templated":true}]}}