{"id":258,"date":"2020-07-20T16:40:52","date_gmt":"2020-07-20T22:40:52","guid":{"rendered":"https:\/\/segurosgam.com\/?page_id=258"},"modified":"2020-08-10T17:56:31","modified_gmt":"2020-08-10T23:56:31","slug":"faq","status":"publish","type":"page","link":"https:\/\/segurosgam.com\/en\/faq\/","title":{"rendered":"FAQ"},"content":{"rendered":"<p><a href=\"https:\/\/segurosgam.com\/en\/seguros\/afore-o-seguro-para-el-retiro\/\"><strong>\u00bfAfore o Seguro para el Retiro?<\/strong><\/a><\/p>\n\n\n\n<p><strong><a href=\"https:\/\/segurosgam.com\/en\/seguros\/que-pasaria-si-ya-no-puedes-pagar-la-poliza-de-tu-seguro-de-vida\/\">\u00bfQu\u00e9 pasar\u00eda si ya no puedes pagar la P\u00f3liza de tu Seguro de Vida ?<\/a>\u00a0<\/strong><\/p>","protected":false},"excerpt":{"rendered":"<p>\u00bfAfore o Seguro para el Retiro? \u00bfQu\u00e9 pasar\u00eda si ya no puedes pagar la P\u00f3liza de tu Seguro de Vida ?\u00a0<\/p>","protected":false},"author":1,"featured_media":633,"parent":0,"menu_order":0,"comment_status":"closed","ping_status":"closed","template":"","meta":{"pagelayer_contact_templates":[],"_pagelayer_content":"","ngg_post_thumbnail":0,"footnotes":""},"class_list":["post-258","page","type-page","status-publish","has-post-thumbnail","hentry"],"yoast_head":"<!-- This site is optimized with the Yoast SEO plugin v27.1.1 - https:\/\/yoast.com\/product\/yoast-seo-wordpress\/ -->\n<title>PREGUNTAS FRECUENTES | SEGUROS GAM<\/title>\n<meta name=\"robots\" content=\"index, follow, max-snippet:-1, max-image-preview:large, max-video-preview:-1\" \/>\n<link rel=\"canonical\" href=\"http:\/\/segurosgam.com\/en\/faq\/\" \/>\n<meta property=\"og:locale\" content=\"en_US\" \/>\n<meta property=\"og:type\" content=\"article\" \/>\n<meta property=\"og:title\" content=\"PREGUNTAS FRECUENTES | SEGUROS GAM\" \/>\n<meta property=\"og:description\" content=\"\u00bfAfore o Seguro para el Retiro? \u00bfQu\u00e9 pasar\u00eda si ya no puedes pagar la P\u00f3liza de tu Seguro de Vida ?\u00a0\" \/>\n<meta property=\"og:url\" content=\"http:\/\/segurosgam.com\/en\/faq\/\" \/>\n<meta property=\"og:site_name\" content=\"SEGUROS GAM\" \/>\n<meta property=\"article:modified_time\" content=\"2020-08-10T23:56:31+00:00\" \/>\n<meta property=\"og:image\" content=\"http:\/\/segurosgam.com\/wp-content\/uploads\/2020\/08\/INCERTIDUMBRE-2.jpg\" \/>\n\t<meta property=\"og:image:width\" content=\"710\" \/>\n\t<meta property=\"og:image:height\" content=\"537\" \/>\n\t<meta property=\"og:image:type\" content=\"image\/jpeg\" \/>\n<meta name=\"twitter:card\" content=\"summary_large_image\" \/>\n<script type=\"application\/ld+json\" class=\"yoast-schema-graph\">{\"@context\":\"https:\/\/schema.org\",\"@graph\":[{\"@type\":\"WebPage\",\"@id\":\"http:\/\/segurosgam.com\/faq\/\",\"url\":\"http:\/\/segurosgam.com\/faq\/\",\"name\":\"PREGUNTAS FRECUENTES | SEGUROS GAM\",\"isPartOf\":{\"@id\":\"http:\/\/segurosgam.com\/#website\"},\"primaryImageOfPage\":{\"@id\":\"http:\/\/segurosgam.com\/faq\/#primaryimage\"},\"image\":{\"@id\":\"http:\/\/segurosgam.com\/faq\/#primaryimage\"},\"thumbnailUrl\":\"https:\/\/segurosgam.com\/wp-content\/uploads\/2020\/08\/INCERTIDUMBRE-2.jpg\",\"datePublished\":\"2020-07-20T22:40:52+00:00\",\"dateModified\":\"2020-08-10T23:56:31+00:00\",\"breadcrumb\":{\"@id\":\"http:\/\/segurosgam.com\/faq\/#breadcrumb\"},\"inLanguage\":\"en-US\",\"potentialAction\":[{\"@type\":\"ReadAction\",\"target\":[\"http:\/\/segurosgam.com\/faq\/\"]}]},{\"@type\":\"ImageObject\",\"inLanguage\":\"en-US\",\"@id\":\"http:\/\/segurosgam.com\/faq\/#primaryimage\",\"url\":\"https:\/\/segurosgam.com\/wp-content\/uploads\/2020\/08\/INCERTIDUMBRE-2.jpg\",\"contentUrl\":\"https:\/\/segurosgam.com\/wp-content\/uploads\/2020\/08\/INCERTIDUMBRE-2.jpg\",\"width\":710,\"height\":537,\"caption\":\"PREGUNTAS\"},{\"@type\":\"BreadcrumbList\",\"@id\":\"http:\/\/segurosgam.com\/faq\/#breadcrumb\",\"itemListElement\":[{\"@type\":\"ListItem\",\"position\":1,\"name\":\"Portada\",\"item\":\"http:\/\/segurosgam.com\/\"},{\"@type\":\"ListItem\",\"position\":2,\"name\":\"PREGUNTAS FRECUENTES\"}]},{\"@type\":\"WebSite\",\"@id\":\"http:\/\/segurosgam.com\/#website\",\"url\":\"http:\/\/segurosgam.com\/\",\"name\":\"SEGUROS GAM\",\"description\":\"SEGUROS A TU MEDIDA\",\"publisher\":{\"@id\":\"http:\/\/segurosgam.com\/#organization\"},\"potentialAction\":[{\"@type\":\"SearchAction\",\"target\":{\"@type\":\"EntryPoint\",\"urlTemplate\":\"http:\/\/segurosgam.com\/?s={search_term_string}\"},\"query-input\":{\"@type\":\"PropertyValueSpecification\",\"valueRequired\":true,\"valueName\":\"search_term_string\"}}],\"inLanguage\":\"en-US\"},{\"@type\":\"Organization\",\"@id\":\"http:\/\/segurosgam.com\/#organization\",\"name\":\"GAM ASESORES\",\"url\":\"http:\/\/segurosgam.com\/\",\"logo\":{\"@type\":\"ImageObject\",\"inLanguage\":\"en-US\",\"@id\":\"http:\/\/segurosgam.com\/#\/schema\/logo\/image\/\",\"url\":\"https:\/\/segurosgam.com\/wp-content\/uploads\/2020\/07\/logo-gera-3.jpg\",\"contentUrl\":\"https:\/\/segurosgam.com\/wp-content\/uploads\/2020\/07\/logo-gera-3.jpg\",\"width\":205,\"height\":154,\"caption\":\"GAM ASESORES\"},\"image\":{\"@id\":\"http:\/\/segurosgam.com\/#\/schema\/logo\/image\/\"}}]}<\/script>\n<!-- \/ Yoast SEO plugin. -->","yoast_head_json":{"title":"PREGUNTAS FRECUENTES | SEGUROS GAM","robots":{"index":"index","follow":"follow","max-snippet":"max-snippet:-1","max-image-preview":"max-image-preview:large","max-video-preview":"max-video-preview:-1"},"canonical":"http:\/\/segurosgam.com\/en\/faq\/","og_locale":"en_US","og_type":"article","og_title":"PREGUNTAS FRECUENTES | SEGUROS GAM","og_description":"\u00bfAfore o Seguro para el Retiro? \u00bfQu\u00e9 pasar\u00eda si ya no puedes pagar la P\u00f3liza de tu Seguro de Vida ?\u00a0","og_url":"http:\/\/segurosgam.com\/en\/faq\/","og_site_name":"SEGUROS GAM","article_modified_time":"2020-08-10T23:56:31+00:00","og_image":[{"width":710,"height":537,"url":"http:\/\/segurosgam.com\/wp-content\/uploads\/2020\/08\/INCERTIDUMBRE-2.jpg","type":"image\/jpeg"}],"twitter_card":"summary_large_image","schema":{"@context":"https:\/\/schema.org","@graph":[{"@type":"WebPage","@id":"http:\/\/segurosgam.com\/faq\/","url":"http:\/\/segurosgam.com\/faq\/","name":"PREGUNTAS FRECUENTES | SEGUROS GAM","isPartOf":{"@id":"http:\/\/segurosgam.com\/#website"},"primaryImageOfPage":{"@id":"http:\/\/segurosgam.com\/faq\/#primaryimage"},"image":{"@id":"http:\/\/segurosgam.com\/faq\/#primaryimage"},"thumbnailUrl":"https:\/\/segurosgam.com\/wp-content\/uploads\/2020\/08\/INCERTIDUMBRE-2.jpg","datePublished":"2020-07-20T22:40:52+00:00","dateModified":"2020-08-10T23:56:31+00:00","breadcrumb":{"@id":"http:\/\/segurosgam.com\/faq\/#breadcrumb"},"inLanguage":"en-US","potentialAction":[{"@type":"ReadAction","target":["http:\/\/segurosgam.com\/faq\/"]}]},{"@type":"ImageObject","inLanguage":"en-US","@id":"http:\/\/segurosgam.com\/faq\/#primaryimage","url":"https:\/\/segurosgam.com\/wp-content\/uploads\/2020\/08\/INCERTIDUMBRE-2.jpg","contentUrl":"https:\/\/segurosgam.com\/wp-content\/uploads\/2020\/08\/INCERTIDUMBRE-2.jpg","width":710,"height":537,"caption":"PREGUNTAS"},{"@type":"BreadcrumbList","@id":"http:\/\/segurosgam.com\/faq\/#breadcrumb","itemListElement":[{"@type":"ListItem","position":1,"name":"Portada","item":"http:\/\/segurosgam.com\/"},{"@type":"ListItem","position":2,"name":"PREGUNTAS FRECUENTES"}]},{"@type":"WebSite","@id":"http:\/\/segurosgam.com\/#website","url":"http:\/\/segurosgam.com\/","name":"GAM INSURANCES","description":"SEGUROS A TU MEDIDA","publisher":{"@id":"http:\/\/segurosgam.com\/#organization"},"potentialAction":[{"@type":"SearchAction","target":{"@type":"EntryPoint","urlTemplate":"http:\/\/segurosgam.com\/?s={search_term_string}"},"query-input":{"@type":"PropertyValueSpecification","valueRequired":true,"valueName":"search_term_string"}}],"inLanguage":"en-US"},{"@type":"Organization","@id":"http:\/\/segurosgam.com\/#organization","name":"GAM ASESORES","url":"http:\/\/segurosgam.com\/","logo":{"@type":"ImageObject","inLanguage":"en-US","@id":"http:\/\/segurosgam.com\/#\/schema\/logo\/image\/","url":"https:\/\/segurosgam.com\/wp-content\/uploads\/2020\/07\/logo-gera-3.jpg","contentUrl":"https:\/\/segurosgam.com\/wp-content\/uploads\/2020\/07\/logo-gera-3.jpg","width":205,"height":154,"caption":"GAM ASESORES"},"image":{"@id":"http:\/\/segurosgam.com\/#\/schema\/logo\/image\/"}}]}},"_links":{"self":[{"href":"https:\/\/segurosgam.com\/en\/wp-json\/wp\/v2\/pages\/258","targetHints":{"allow":["GET"]}}],"collection":[{"href":"https:\/\/segurosgam.com\/en\/wp-json\/wp\/v2\/pages"}],"about":[{"href":"https:\/\/segurosgam.com\/en\/wp-json\/wp\/v2\/types\/page"}],"author":[{"embeddable":true,"href":"https:\/\/segurosgam.com\/en\/wp-json\/wp\/v2\/users\/1"}],"replies":[{"embeddable":true,"href":"https:\/\/segurosgam.com\/en\/wp-json\/wp\/v2\/comments?post=258"}],"version-history":[{"count":4,"href":"https:\/\/segurosgam.com\/en\/wp-json\/wp\/v2\/pages\/258\/revisions"}],"predecessor-version":[{"id":636,"href":"https:\/\/segurosgam.com\/en\/wp-json\/wp\/v2\/pages\/258\/revisions\/636"}],"wp:featuredmedia":[{"embeddable":true,"href":"https:\/\/segurosgam.com\/en\/wp-json\/wp\/v2\/media\/633"}],"wp:attachment":[{"href":"https:\/\/segurosgam.com\/en\/wp-json\/wp\/v2\/media?parent=258"}],"curies":[{"name":"wp","href":"https:\/\/api.w.org\/{rel}","templated":true}]}}