{"id":256,"date":"2020-07-20T16:39:11","date_gmt":"2020-07-20T22:39:11","guid":{"rendered":"https:\/\/segurosgam.com\/?page_id=256"},"modified":"2026-02-04T19:21:56","modified_gmt":"2026-02-05T01:21:56","slug":"servicio-al-cliente","status":"publish","type":"page","link":"https:\/\/segurosgam.com\/en\/servicio-al-cliente\/","title":{"rendered":"CUSTOMER SERVICE"},"content":{"rendered":"<h2>ADVICE AND CONSULTANCY IN:<\/h2>\n\n\n\n\n<h3>We have the right solutions for you to give certainty and security to your company and welfare to your loved ones even in difficult times<\/h3>\n\n\n\n\n\n\n\n\n\n\n\n\n\n\n\nHaz que tu crecimiento tenga estructura y prop\u00f3sito. Con <strong>GAM Asesores<\/strong> disfruta de unidades de lujo y un camino claro hacia tu <strong>libertad financiera<\/strong>. \u00a1Construye hoy el estilo de vida que mereces!<br>\n<br>Tipos de Propiedades de Vivienda Vertical:<br>\n<br><strong><span style=\"font-size:18.0pt;line-height:107%;font-family:&quot;Segoe UI Symbol&quot;,sans-serif;mso-fareast-font-family:Calibri;mso-fareast-theme-font:minor-latin;mso-bidi-font-family:&quot;Segoe UI Symbol&quot;;color:#4472C4;mso-themecolor:accent5;mso-ansi-language:ES-MX;mso-fareast-language:EN-US;mso-bidi-language:AR-SA\"><img decoding=\"async\" draggable=\"true\" role=\"img\" class=\"emoji lazyload\" alt=\"\ud83d\udca5\" data-src=\"https:\/\/s.w.org\/images\/core\/emoji\/16.0.1\/svg\/1f4a5.svg\" src=\"data:image\/svg+xml;base64,PHN2ZyB3aWR0aD0iMSIgaGVpZ2h0PSIxIiB4bWxucz0iaHR0cDovL3d3dy53My5vcmcvMjAwMC9zdmciPjwvc3ZnPg==\"><\/span><\/strong><strong><span style=\"font-size:18.0pt;line-height:107%;font-family:&quot;Calibri&quot;,sans-serif;mso-ascii-theme-font:minor-latin;mso-fareast-font-family:Calibri;mso-fareast-theme-font:minor-latin;mso-hansi-theme-font:minor-latin;mso-bidi-font-family:&quot;Times New Roman&quot;;mso-bidi-theme-font:minor-bidi;color:#4472C4;mso-themecolor:accent5;mso-ansi-language:ES-MX;mso-fareast-language:EN-US;mso-bidi-language:AR-SA\">&nbsp;<\/span><\/strong>&nbsp;Lofts.<br><strong><span style=\"font-size:18.0pt;line-height:107%;font-family:&quot;Segoe UI Symbol&quot;,sans-serif;mso-fareast-font-family:Calibri;mso-fareast-theme-font:minor-latin;mso-bidi-font-family:&quot;Segoe UI Symbol&quot;;color:#4472C4;mso-themecolor:accent5;mso-ansi-language:ES-MX;mso-fareast-language:EN-US;mso-bidi-language:AR-SA\"><img decoding=\"async\" draggable=\"true\" role=\"img\" class=\"emoji lazyload\" alt=\"\ud83d\udca5\" data-src=\"https:\/\/s.w.org\/images\/core\/emoji\/16.0.1\/svg\/1f4a5.svg\" src=\"data:image\/svg+xml;base64,PHN2ZyB3aWR0aD0iMSIgaGVpZ2h0PSIxIiB4bWxucz0iaHR0cDovL3d3dy53My5vcmcvMjAwMC9zdmciPjwvc3ZnPg==\"><\/span><\/strong><strong><span style=\"font-size:18.0pt;line-height:107%;font-family:&quot;Calibri&quot;,sans-serif;mso-ascii-theme-font:minor-latin;mso-fareast-font-family:Calibri;mso-fareast-theme-font:minor-latin;mso-hansi-theme-font:minor-latin;mso-bidi-font-family:&quot;Times New Roman&quot;;mso-bidi-theme-font:minor-bidi;color:#4472C4;mso-themecolor:accent5;mso-ansi-language:ES-MX;mso-fareast-language:EN-US;mso-bidi-language:AR-SA\">&nbsp;<\/span><\/strong>Departamentos de 1, 2 y hasta 3 rec\u00e1maras.<br><strong><span style=\"font-size:18.0pt;line-height:107%;font-family:&quot;Segoe UI Symbol&quot;,sans-serif;mso-fareast-font-family:Calibri;mso-fareast-theme-font:minor-latin;mso-bidi-font-family:&quot;Segoe UI Symbol&quot;;color:#4472C4;mso-themecolor:accent5;mso-ansi-language:ES-MX;mso-fareast-language:EN-US;mso-bidi-language:AR-SA\"><img decoding=\"async\" draggable=\"true\" role=\"img\" class=\"emoji lazyload\" alt=\"\ud83d\udca5\" data-src=\"https:\/\/s.w.org\/images\/core\/emoji\/16.0.1\/svg\/1f4a5.svg\" src=\"data:image\/svg+xml;base64,PHN2ZyB3aWR0aD0iMSIgaGVpZ2h0PSIxIiB4bWxucz0iaHR0cDovL3d3dy53My5vcmcvMjAwMC9zdmciPjwvc3ZnPg==\"><\/span><\/strong><strong><span style=\"font-size:18.0pt;line-height:107%;font-family:&quot;Calibri&quot;,sans-serif;mso-ascii-theme-font:minor-latin;mso-fareast-font-family:Calibri;mso-fareast-theme-font:minor-latin;mso-hansi-theme-font:minor-latin;mso-bidi-font-family:&quot;Times New Roman&quot;;mso-bidi-theme-font:minor-bidi;color:#4472C4;mso-themecolor:accent5;mso-ansi-language:ES-MX;mso-fareast-language:EN-US;mso-bidi-language:AR-SA\">&nbsp;<\/span><\/strong>&nbsp;Pent Houses de 1 y 2 rec\u00e1maras.<br><strong><span style=\"font-size:18.0pt;line-height:107%;font-family:&quot;Segoe UI Symbol&quot;,sans-serif;mso-fareast-font-family:Calibri;mso-fareast-theme-font:minor-latin;mso-bidi-font-family:&quot;Segoe UI Symbol&quot;;color:#4472C4;mso-themecolor:accent5;mso-ansi-language:ES-MX;mso-fareast-language:EN-US;mso-bidi-language:AR-SA\"><img decoding=\"async\" draggable=\"true\" role=\"img\" class=\"emoji lazyload\" alt=\"\ud83d\udca5\" data-src=\"https:\/\/s.w.org\/images\/core\/emoji\/16.0.1\/svg\/1f4a5.svg\" src=\"data:image\/svg+xml;base64,PHN2ZyB3aWR0aD0iMSIgaGVpZ2h0PSIxIiB4bWxucz0iaHR0cDovL3d3dy53My5vcmcvMjAwMC9zdmciPjwvc3ZnPg==\"><\/span><\/strong><strong><span style=\"font-size:18.0pt;line-height:107%;font-family:&quot;Calibri&quot;,sans-serif;mso-ascii-theme-font:minor-latin;mso-fareast-font-family:Calibri;mso-fareast-theme-font:minor-latin;mso-hansi-theme-font:minor-latin;mso-bidi-font-family:&quot;Times New Roman&quot;;mso-bidi-theme-font:minor-bidi;color:#4472C4;mso-themecolor:accent5;mso-ansi-language:ES-MX;mso-fareast-language:EN-US;mso-bidi-language:AR-SA\">&nbsp;<\/span><\/strong>&nbsp;Villas de 1, 2 y hasta 3 rec\u00e1maras.<br>\n<strong><br>EQUIPADOS CON:<\/strong><br>\n<img decoding=\"async\" draggable=\"true\" role=\"img\" class=\"emoji lazyload\" alt=\"\ud83d\udccc\" data-src=\"https:\/\/s.w.org\/images\/core\/emoji\/16.0.1\/svg\/1f4cc.svg\" src=\"data:image\/svg+xml;base64,PHN2ZyB3aWR0aD0iMSIgaGVpZ2h0PSIxIiB4bWxucz0iaHR0cDovL3d3dy53My5vcmcvMjAwMC9zdmciPjwvc3ZnPg==\">COCINA INTEGRAL;\n<img decoding=\"async\" draggable=\"true\" role=\"img\" class=\"emoji lazyload\" alt=\"\ud83d\udccc\" data-src=\"https:\/\/s.w.org\/images\/core\/emoji\/16.0.1\/svg\/1f4cc.svg\" src=\"data:image\/svg+xml;base64,PHN2ZyB3aWR0aD0iMSIgaGVpZ2h0PSIxIiB4bWxucz0iaHR0cDovL3d3dy53My5vcmcvMjAwMC9zdmciPjwvc3ZnPg==\">CUBIERTAS DE GRANITO; <img decoding=\"async\" draggable=\"true\" role=\"img\" class=\"emoji lazyload\" alt=\"\ud83d\udccc\" data-src=\"https:\/\/s.w.org\/images\/core\/emoji\/16.0.1\/svg\/1f4cc.svg\" src=\"data:image\/svg+xml;base64,PHN2ZyB3aWR0aD0iMSIgaGVpZ2h0PSIxIiB4bWxucz0iaHR0cDovL3d3dy53My5vcmcvMjAwMC9zdmciPjwvc3ZnPg==\">PARRILLA; \n<img decoding=\"async\" draggable=\"true\" role=\"img\" class=\"emoji lazyload\" alt=\"\ud83d\udccc\" data-src=\"https:\/\/s.w.org\/images\/core\/emoji\/16.0.1\/svg\/1f4cc.svg\" src=\"data:image\/svg+xml;base64,PHN2ZyB3aWR0aD0iMSIgaGVpZ2h0PSIxIiB4bWxucz0iaHR0cDovL3d3dy53My5vcmcvMjAwMC9zdmciPjwvc3ZnPg==\">HORNO; \n<img decoding=\"async\" draggable=\"true\" role=\"img\" class=\"emoji lazyload\" alt=\"\ud83d\udccc\" data-src=\"https:\/\/s.w.org\/images\/core\/emoji\/16.0.1\/svg\/1f4cc.svg\" src=\"data:image\/svg+xml;base64,PHN2ZyB3aWR0aD0iMSIgaGVpZ2h0PSIxIiB4bWxucz0iaHR0cDovL3d3dy53My5vcmcvMjAwMC9zdmciPjwvc3ZnPg==\">REFRIGERADOR; <img decoding=\"async\" draggable=\"true\" role=\"img\" class=\"emoji lazyload\" alt=\"\ud83d\udccc\" data-src=\"https:\/\/s.w.org\/images\/core\/emoji\/16.0.1\/svg\/1f4cc.svg\" src=\"data:image\/svg+xml;base64,PHN2ZyB3aWR0aD0iMSIgaGVpZ2h0PSIxIiB4bWxucz0iaHR0cDovL3d3dy53My5vcmcvMjAwMC9zdmciPjwvc3ZnPg==\">CARPINTERIA EN CLOSETS Y PUERTAS; \n<img decoding=\"async\" draggable=\"true\" role=\"img\" class=\"emoji lazyload\" alt=\"\ud83d\udccc\" data-src=\"https:\/\/s.w.org\/images\/core\/emoji\/16.0.1\/svg\/1f4cc.svg\" src=\"data:image\/svg+xml;base64,PHN2ZyB3aWR0aD0iMSIgaGVpZ2h0PSIxIiB4bWxucz0iaHR0cDovL3d3dy53My5vcmcvMjAwMC9zdmciPjwvc3ZnPg==\">PANELES SOLARES; \n<img decoding=\"async\" draggable=\"true\" role=\"img\" class=\"emoji lazyload\" alt=\"\ud83d\udccc\" data-src=\"https:\/\/s.w.org\/images\/core\/emoji\/16.0.1\/svg\/1f4cc.svg\" src=\"data:image\/svg+xml;base64,PHN2ZyB3aWR0aD0iMSIgaGVpZ2h0PSIxIiB4bWxucz0iaHR0cDovL3d3dy53My5vcmcvMjAwMC9zdmciPjwvc3ZnPg==\">MINI SPLIT;\n<img decoding=\"async\" draggable=\"true\" role=\"img\" class=\"emoji lazyload\" alt=\"\ud83d\udccc\" data-src=\"https:\/\/s.w.org\/images\/core\/emoji\/16.0.1\/svg\/1f4cc.svg\" src=\"data:image\/svg+xml;base64,PHN2ZyB3aWR0aD0iMSIgaGVpZ2h0PSIxIiB4bWxucz0iaHR0cDovL3d3dy53My5vcmcvMjAwMC9zdmciPjwvc3ZnPg==\">1 ESTACIONAMIENTO TECHADO POR UNIDAD; \n<img decoding=\"async\" draggable=\"true\" role=\"img\" class=\"emoji lazyload\" alt=\"\ud83d\udccc\" data-src=\"https:\/\/s.w.org\/images\/core\/emoji\/16.0.1\/svg\/1f4cc.svg\" src=\"data:image\/svg+xml;base64,PHN2ZyB3aWR0aD0iMSIgaGVpZ2h0PSIxIiB4bWxucz0iaHR0cDovL3d3dy53My5vcmcvMjAwMC9zdmciPjwvc3ZnPg==\">PET FRIENDLY; \n<img decoding=\"async\" draggable=\"true\" role=\"img\" class=\"emoji lazyload\" alt=\"\ud83d\udccc\" data-src=\"https:\/\/s.w.org\/images\/core\/emoji\/16.0.1\/svg\/1f4cc.svg\" src=\"data:image\/svg+xml;base64,PHN2ZyB3aWR0aD0iMSIgaGVpZ2h0PSIxIiB4bWxucz0iaHR0cDovL3d3dy53My5vcmcvMjAwMC9zdmciPjwvc3ZnPg==\">GYM; \n<img decoding=\"async\" draggable=\"true\" role=\"img\" class=\"emoji lazyload\" alt=\"\ud83d\udccc\" data-src=\"https:\/\/s.w.org\/images\/core\/emoji\/16.0.1\/svg\/1f4cc.svg\" src=\"data:image\/svg+xml;base64,PHN2ZyB3aWR0aD0iMSIgaGVpZ2h0PSIxIiB4bWxucz0iaHR0cDovL3d3dy53My5vcmcvMjAwMC9zdmciPjwvc3ZnPg==\">COWORKING; \n<img decoding=\"async\" draggable=\"true\" role=\"img\" class=\"emoji lazyload\" alt=\"\ud83d\udccc\" data-src=\"https:\/\/s.w.org\/images\/core\/emoji\/16.0.1\/svg\/1f4cc.svg\" src=\"data:image\/svg+xml;base64,PHN2ZyB3aWR0aD0iMSIgaGVpZ2h0PSIxIiB4bWxucz0iaHR0cDovL3d3dy53My5vcmcvMjAwMC9zdmciPjwvc3ZnPg==\">ROOF GARDEN; <br>\n <strong><br>ENTRE OTRAS AMENIDADES EN EL DESARROLLO.<\/strong>\n\n\nThe best way to protect your assets against unforeseen circumstances, request a price quote without responsibility<br \/>\n<br \/>Contamos con seguros pensados para cada etapa de tu vida:<br \/>\n<br \/>\ud83c\udf00\tVida: Prep\u00e1rate desde hoy para un retiro tranquilo y disfruta los frutos de tu esfuerzo.<br \/>\n<br \/>\n\ud83c\udf00\tGastos M\u00e9dicos: Cuidar tu salud no deber\u00eda poner en riesgo tus finanzas. <br \/>\u00a1Aqu\u00ed protegemos ambas!<br \/>\n<br \/>\n\ud83c\udf00\tAutos y Da\u00f1os: Tu patrimonio merece estar bien protegido.<br \/> Ante cualquier imprevisto, aqu\u00ed estamos para respaldarte.<br \/>\n<br \/>\n<br \/>\n<br \/>\n<br \/>\n<br \/>\n\n<br \/>\n<br \/>\n<br \/>\n<br \/>\n<br \/>\n<br \/>\n<br \/>\n<br \/>\n\n\nEl crecimiento de tu empresa debe ser estructurado, en GAM Asesores somos expertos en planeaci\u00f3n.<br \/>\n<br \/>\ud83d\udd0d\tDise\u00f1o de Programas mediante la Metodolog\u00eda de Marco L\u00f3gico (Logical Framework Approach);\n<br \/>\ud83d\udd0d\tEvaluaci\u00f3n de Pol\u00edticas P\u00fablicas;\n<br \/>\ud83d\udd0d\tDise\u00f1o de Planes de negocios;\n<br \/>\ud83d\udd0d\tAn\u00e1lisis financieros y de factibilidad de proyectos.\n<br \/>\ud83d\udd0d\tDiagn\u00f3sticos empresariales y de aceleraci\u00f3n de empresas;\n<br \/>\ud83d\udd0d\tCapacitaci\u00f3n empresarial.\n<br \/>\n<br \/>\n<br \/>\n<br \/>\n<br \/>\n<br \/>\n<br \/>\n<br \/>\n<br \/>\n<br \/>\n<br \/>\n<br \/>\n<br \/>\n<br \/>\n<br \/>\n<br \/>\n<br \/>\n<br \/>\n<br \/>\n<br \/>\n<br \/>\n<br \/>","protected":false},"excerpt":{"rendered":"","protected":false},"author":1,"featured_media":0,"parent":0,"menu_order":0,"comment_status":"closed","ping_status":"closed","template":"","meta":{"pagelayer_contact_templates":[],"_pagelayer_content":"","ngg_post_thumbnail":0,"footnotes":""},"class_list":["post-256","page","type-page","status-publish","hentry"],"yoast_head":"<!-- This site is optimized with the Yoast SEO plugin v27.1.1 - https:\/\/yoast.com\/product\/yoast-seo-wordpress\/ -->\n<title>SERVICIO AL CLIENTE | SEGUROS GAM<\/title>\n<meta name=\"description\" content=\"Asesoramiento profesional a personas y empresas en Seguros Competitivos y Vivienda Vertical. M\u00e1s de 15 a\u00f1os de experiencia en el ramo.\" \/>\n<meta name=\"robots\" content=\"index, follow, max-snippet:-1, max-image-preview:large, max-video-preview:-1\" \/>\n<link rel=\"canonical\" href=\"http:\/\/segurosgam.com\/en\/servicio-al-cliente\/\" \/>\n<meta property=\"og:locale\" content=\"en_US\" \/>\n<meta property=\"og:type\" content=\"article\" \/>\n<meta property=\"og:title\" content=\"SERVICIO AL CLIENTE | SEGUROS GAM\" \/>\n<meta property=\"og:description\" content=\"Asesoramiento profesional a personas y empresas en Seguros Competitivos y Vivienda Vertical. M\u00e1s de 15 a\u00f1os de experiencia en el ramo.\" \/>\n<meta property=\"og:url\" content=\"http:\/\/segurosgam.com\/en\/servicio-al-cliente\/\" \/>\n<meta property=\"og:site_name\" content=\"SEGUROS GAM\" \/>\n<meta property=\"article:modified_time\" content=\"2026-02-05T01:21:56+00:00\" \/>\n<meta property=\"og:image\" content=\"https:\/\/s.w.org\/images\/core\/emoji\/16.0.1\/svg\/1f4a5.svg\" \/>\n<meta name=\"twitter:card\" content=\"summary_large_image\" \/>\n<meta name=\"twitter:label1\" content=\"Est. reading time\" \/>\n\t<meta name=\"twitter:data1\" content=\"5 minutes\" \/>\n<script type=\"application\/ld+json\" class=\"yoast-schema-graph\">{\"@context\":\"https:\/\/schema.org\",\"@graph\":[{\"@type\":\"WebPage\",\"@id\":\"http:\/\/segurosgam.com\/servicio-al-cliente\/\",\"url\":\"http:\/\/segurosgam.com\/servicio-al-cliente\/\",\"name\":\"SERVICIO AL CLIENTE | SEGUROS GAM\",\"isPartOf\":{\"@id\":\"http:\/\/segurosgam.com\/#website\"},\"primaryImageOfPage\":{\"@id\":\"http:\/\/segurosgam.com\/servicio-al-cliente\/#primaryimage\"},\"image\":{\"@id\":\"http:\/\/segurosgam.com\/servicio-al-cliente\/#primaryimage\"},\"thumbnailUrl\":\"https:\/\/s.w.org\/images\/core\/emoji\/16.0.1\/svg\/1f4a5.svg\",\"datePublished\":\"2020-07-20T22:39:11+00:00\",\"dateModified\":\"2026-02-05T01:21:56+00:00\",\"description\":\"Asesoramiento profesional a personas y empresas en Seguros Competitivos y Vivienda Vertical. M\u00e1s de 15 a\u00f1os de experiencia en el ramo.\",\"breadcrumb\":{\"@id\":\"http:\/\/segurosgam.com\/servicio-al-cliente\/#breadcrumb\"},\"inLanguage\":\"en-US\",\"potentialAction\":[{\"@type\":\"ReadAction\",\"target\":[\"http:\/\/segurosgam.com\/servicio-al-cliente\/\"]}]},{\"@type\":\"ImageObject\",\"inLanguage\":\"en-US\",\"@id\":\"http:\/\/segurosgam.com\/servicio-al-cliente\/#primaryimage\",\"url\":\"https:\/\/s.w.org\/images\/core\/emoji\/16.0.1\/svg\/1f4a5.svg\",\"contentUrl\":\"https:\/\/s.w.org\/images\/core\/emoji\/16.0.1\/svg\/1f4a5.svg\"},{\"@type\":\"BreadcrumbList\",\"@id\":\"http:\/\/segurosgam.com\/servicio-al-cliente\/#breadcrumb\",\"itemListElement\":[{\"@type\":\"ListItem\",\"position\":1,\"name\":\"Portada\",\"item\":\"http:\/\/segurosgam.com\/\"},{\"@type\":\"ListItem\",\"position\":2,\"name\":\"SERVICIO AL CLIENTE\"}]},{\"@type\":\"WebSite\",\"@id\":\"http:\/\/segurosgam.com\/#website\",\"url\":\"http:\/\/segurosgam.com\/\",\"name\":\"SEGUROS GAM\",\"description\":\"SEGUROS A TU MEDIDA\",\"publisher\":{\"@id\":\"http:\/\/segurosgam.com\/#organization\"},\"potentialAction\":[{\"@type\":\"SearchAction\",\"target\":{\"@type\":\"EntryPoint\",\"urlTemplate\":\"http:\/\/segurosgam.com\/?s={search_term_string}\"},\"query-input\":{\"@type\":\"PropertyValueSpecification\",\"valueRequired\":true,\"valueName\":\"search_term_string\"}}],\"inLanguage\":\"en-US\"},{\"@type\":\"Organization\",\"@id\":\"http:\/\/segurosgam.com\/#organization\",\"name\":\"GAM ASESORES\",\"url\":\"http:\/\/segurosgam.com\/\",\"logo\":{\"@type\":\"ImageObject\",\"inLanguage\":\"en-US\",\"@id\":\"http:\/\/segurosgam.com\/#\/schema\/logo\/image\/\",\"url\":\"https:\/\/segurosgam.com\/wp-content\/uploads\/2020\/07\/logo-gera-3.jpg\",\"contentUrl\":\"https:\/\/segurosgam.com\/wp-content\/uploads\/2020\/07\/logo-gera-3.jpg\",\"width\":205,\"height\":154,\"caption\":\"GAM ASESORES\"},\"image\":{\"@id\":\"http:\/\/segurosgam.com\/#\/schema\/logo\/image\/\"}}]}<\/script>\n<!-- \/ Yoast SEO plugin. -->","yoast_head_json":{"title":"SERVICIO AL CLIENTE | SEGUROS GAM","description":"Asesoramiento profesional a personas y empresas en Seguros Competitivos y Vivienda Vertical. M\u00e1s de 15 a\u00f1os de experiencia en el ramo.","robots":{"index":"index","follow":"follow","max-snippet":"max-snippet:-1","max-image-preview":"max-image-preview:large","max-video-preview":"max-video-preview:-1"},"canonical":"http:\/\/segurosgam.com\/en\/servicio-al-cliente\/","og_locale":"en_US","og_type":"article","og_title":"SERVICIO AL CLIENTE | SEGUROS GAM","og_description":"Asesoramiento profesional a personas y empresas en Seguros Competitivos y Vivienda Vertical. M\u00e1s de 15 a\u00f1os de experiencia en el ramo.","og_url":"http:\/\/segurosgam.com\/en\/servicio-al-cliente\/","og_site_name":"SEGUROS GAM","article_modified_time":"2026-02-05T01:21:56+00:00","og_image":[{"url":"https:\/\/s.w.org\/images\/core\/emoji\/16.0.1\/svg\/1f4a5.svg","type":"","width":"","height":""}],"twitter_card":"summary_large_image","twitter_misc":{"Est. reading time":"5 minutes"},"schema":{"@context":"https:\/\/schema.org","@graph":[{"@type":"WebPage","@id":"http:\/\/segurosgam.com\/servicio-al-cliente\/","url":"http:\/\/segurosgam.com\/servicio-al-cliente\/","name":"SERVICIO AL CLIENTE | SEGUROS GAM","isPartOf":{"@id":"http:\/\/segurosgam.com\/#website"},"primaryImageOfPage":{"@id":"http:\/\/segurosgam.com\/servicio-al-cliente\/#primaryimage"},"image":{"@id":"http:\/\/segurosgam.com\/servicio-al-cliente\/#primaryimage"},"thumbnailUrl":"https:\/\/s.w.org\/images\/core\/emoji\/16.0.1\/svg\/1f4a5.svg","datePublished":"2020-07-20T22:39:11+00:00","dateModified":"2026-02-05T01:21:56+00:00","description":"Asesoramiento profesional a personas y empresas en Seguros Competitivos y Vivienda Vertical. M\u00e1s de 15 a\u00f1os de experiencia en el ramo.","breadcrumb":{"@id":"http:\/\/segurosgam.com\/servicio-al-cliente\/#breadcrumb"},"inLanguage":"en-US","potentialAction":[{"@type":"ReadAction","target":["http:\/\/segurosgam.com\/servicio-al-cliente\/"]}]},{"@type":"ImageObject","inLanguage":"en-US","@id":"http:\/\/segurosgam.com\/servicio-al-cliente\/#primaryimage","url":"https:\/\/s.w.org\/images\/core\/emoji\/16.0.1\/svg\/1f4a5.svg","contentUrl":"https:\/\/s.w.org\/images\/core\/emoji\/16.0.1\/svg\/1f4a5.svg"},{"@type":"BreadcrumbList","@id":"http:\/\/segurosgam.com\/servicio-al-cliente\/#breadcrumb","itemListElement":[{"@type":"ListItem","position":1,"name":"Portada","item":"http:\/\/segurosgam.com\/"},{"@type":"ListItem","position":2,"name":"SERVICIO AL CLIENTE"}]},{"@type":"WebSite","@id":"http:\/\/segurosgam.com\/#website","url":"http:\/\/segurosgam.com\/","name":"GAM INSURANCES","description":"SEGUROS A TU MEDIDA","publisher":{"@id":"http:\/\/segurosgam.com\/#organization"},"potentialAction":[{"@type":"SearchAction","target":{"@type":"EntryPoint","urlTemplate":"http:\/\/segurosgam.com\/?s={search_term_string}"},"query-input":{"@type":"PropertyValueSpecification","valueRequired":true,"valueName":"search_term_string"}}],"inLanguage":"en-US"},{"@type":"Organization","@id":"http:\/\/segurosgam.com\/#organization","name":"GAM ASESORES","url":"http:\/\/segurosgam.com\/","logo":{"@type":"ImageObject","inLanguage":"en-US","@id":"http:\/\/segurosgam.com\/#\/schema\/logo\/image\/","url":"https:\/\/segurosgam.com\/wp-content\/uploads\/2020\/07\/logo-gera-3.jpg","contentUrl":"https:\/\/segurosgam.com\/wp-content\/uploads\/2020\/07\/logo-gera-3.jpg","width":205,"height":154,"caption":"GAM ASESORES"},"image":{"@id":"http:\/\/segurosgam.com\/#\/schema\/logo\/image\/"}}]}},"_links":{"self":[{"href":"https:\/\/segurosgam.com\/en\/wp-json\/wp\/v2\/pages\/256","targetHints":{"allow":["GET"]}}],"collection":[{"href":"https:\/\/segurosgam.com\/en\/wp-json\/wp\/v2\/pages"}],"about":[{"href":"https:\/\/segurosgam.com\/en\/wp-json\/wp\/v2\/types\/page"}],"author":[{"embeddable":true,"href":"https:\/\/segurosgam.com\/en\/wp-json\/wp\/v2\/users\/1"}],"replies":[{"embeddable":true,"href":"https:\/\/segurosgam.com\/en\/wp-json\/wp\/v2\/comments?post=256"}],"version-history":[{"count":8,"href":"https:\/\/segurosgam.com\/en\/wp-json\/wp\/v2\/pages\/256\/revisions"}],"predecessor-version":[{"id":1175,"href":"https:\/\/segurosgam.com\/en\/wp-json\/wp\/v2\/pages\/256\/revisions\/1175"}],"wp:attachment":[{"href":"https:\/\/segurosgam.com\/en\/wp-json\/wp\/v2\/media?parent=256"}],"curies":[{"name":"wp","href":"https:\/\/api.w.org\/{rel}","templated":true}]}}