{"id":234,"date":"2020-07-20T12:49:52","date_gmt":"2020-07-20T18:49:52","guid":{"rendered":"https:\/\/segurosgam.com\/hestia-front\/"},"modified":"2026-02-04T19:15:05","modified_gmt":"2026-02-05T01:15:05","slug":"hestia-front","status":"publish","type":"page","link":"https:\/\/segurosgam.com\/en\/","title":{"rendered":"HOME PAGE"},"content":{"rendered":"\r\n<p>ESTACION\u00d3METRO DE IDEAS E IMPLEMENTACI\u00d3N DE SECCI\u00d3N DE RIFAS<\/p>\r\n\r\n\r\n\r\n\n\t\n\n\n<style>\n.rafflepress-giveaway-iframe-wrapper iframe {\n\twidth: 1px;\n\tmin-width: 100%;\n\t*width: 100%;\n\t\theight: 600px;\n\t}\n\n.rafflepress_iframe_loading {\n\tbackground-image: url('data:image\/gif;base64,R0lGODlhEAAQAPIAAP\/\/\/wAAAMLCwkJCQgAAAGJiYoKCgpKSkiH\/C05FVFNDQVBFMi4wAwEAAAAh\/hpDcmVhdGVkIHdpdGggYWpheGxvYWQuaW5mbwAh+QQJCgAAACwAAAAAEAAQAAADMwi63P4wyklrE2MIOggZnAdOmGYJRbExwroUmcG2LmDEwnHQLVsYOd2mBzkYDAdKa+dIAAAh+QQJCgAAACwAAAAAEAAQAAADNAi63P5OjCEgG4QMu7DmikRxQlFUYDEZIGBMRVsaqHwctXXf7WEYB4Ag1xjihkMZsiUkKhIAIfkECQoAAAAsAAAAABAAEAAAAzYIujIjK8pByJDMlFYvBoVjHA70GU7xSUJhmKtwHPAKzLO9HMaoKwJZ7Rf8AYPDDzKpZBqfvwQAIfkECQoAAAAsAAAAABAAEAAAAzMIumIlK8oyhpHsnFZfhYumCYUhDAQxRIdhHBGqRoKw0R8DYlJd8z0fMDgsGo\/IpHI5TAAAIfkECQoAAAAsAAAAABAAEAAAAzIIunInK0rnZBTwGPNMgQwmdsNgXGJUlIWEuR5oWUIpz8pAEAMe6TwfwyYsGo\/IpFKSAAAh+QQJCgAAACwAAAAAEAAQAAADMwi6IMKQORfjdOe82p4wGccc4CEuQradylesojEMBgsUc2G7sDX3lQGBMLAJibufbSlKAAAh+QQJCgAAACwAAAAAEAAQAAADMgi63P7wCRHZnFVdmgHu2nFwlWCI3WGc3TSWhUFGxTAUkGCbtgENBMJAEJsxgMLWzpEAACH5BAkKAAAALAAAAAAQABAAAAMyCLrc\/jDKSatlQtScKdceCAjDII7HcQ4EMTCpyrCuUBjCYRgHVtqlAiB1YhiCnlsRkAAAOwAAAAAAAAAAAA==') !important;\n\tbackground-repeat: no-repeat !important;\n\tbackground-position: center 100px !important;\n\theight: 100%;\n}\n<\/style>\n\n\t<div id=\"rafflepress-giveaway-iframe-wrapper-34704228\" class=\"rafflepress-giveaway-iframe-wrapper rafflepress_iframe_loading\"><\/div>\n\n<script>\nfunction rafflepress_getParameterByName(name, url) {\n\t  if (!url) url = window.location.href;\n\t  name = name.replace(\/[\\[\\]]\/g, \"\\\\$&\");\n\t  var regex = new RegExp(\"[?&]\" + name + \"(=([^&#]*)|&|#|$)\"),\n\t\tresults = regex.exec(url);\n\t  if (!results) return \"\";\n\t  if (!results[2]) return \"\";\n\t  return decodeURIComponent(results[2].replace(\/\\+\/g, \" \"));\n}\nfunction insertIframe( ID, src, minHeight) {\n\tvar wrapperID = 'rafflepress-giveaway-iframe-wrapper-'+ID;\n\tvar iframe = document.createElement('iframe');\n\n\tiframe.setAttribute('id', 'rafflepress-'+ID);\n\tiframe.setAttribute('class', 'rafflepress-iframe');\n\tiframe.setAttribute('src', src);\n\tiframe.setAttribute('frameborder', '0');\n\tiframe.setAttribute('scrolling', 'no');\n\tiframe.setAttribute('allowtransparency', 'true');\n\tif (minHeight) {\n\t\tiframe.setAttribute('style', 'min-height:'+minHeight);\n\t}\n\tiframe.setAttribute('onload', 'rafflepress_resize_iframe_'+ID+'(this)');\n\n\tdocument.getElementById(wrapperID).appendChild(iframe);\n}\n\n\/\/ phpcs:disable\ninsertIframe( '34704228','https:\/\/segurosgam.com\/en\/?rafflepress_page=rafflepress_render&rafflepress_id=1&iframe=1&giframe=false&rpr=&parent_url=https%3A%2F%2Fsegurosgam.com%2Fen%2Fwp-json%2Fwp%2Fv2%2Fpages%2F234&96634&rp-email='+rafflepress_getParameterByName('rp-email',location.href)+'&rp-name='+rafflepress_getParameterByName('rp-name',location.href),'' );\n\/\/ phpcs:enable\n<\/script>\n\n<script>\nfunction rafflepress_resize_iframe_34704228(){\n\tiFrameResize({\n\t\tlog: false,\n\t\tonMessage: function(messageData) {\n\t\t\tif (messageData.message == 'rafflepress_loaded') {\n\t\t\t\tvar el = document.getElementById('rafflepress-giveaway-iframe-wrapper-34704228');\n\t\t\t\tvar className = \"rafflepress_iframe_loading\";\n\t\t\t\tif (el.classList)\n\t\t\t\t\tel.classList.remove(className);\n\t\t\t\telse\n\t\t\t\t\tel.className = el.className.replace(new RegExp('(^|\\\\b)' + className.split(' ').join('|') +\n\t\t\t\t\t\t'(\\\\b|$)', 'gi'), ' ');\n\t\t\t}\n\t\t}\n\t}, '#rafflepress-34704228');\n};\n\n<\/script>\n\n\n\t\r\n\r\n\r\n\r\n<div id=\"envira-gallery-wrap-390\" class=\"envira-gallery-wrap envira-gallery-theme-base envira-lightbox-theme-base\" itemscope itemtype=\"https:\/\/schema.org\/ImageGallery\"><div data-row-height=\"150\" data-gallery-theme=\"normal\" id=\"envira-gallery-390\" class=\"envira-gallery-public envira-gallery-justified-public envira-gallery-0-columns envira-clear enviratope envira-gallery-css-animations\" data-envira-columns=\"0\"><div id=\"envira-gallery-item-391\" class=\"envira-gallery-item enviratope-item envira-gallery-item-1 envira-lazy-load\" style=\"padding-left: 5px; padding-bottom: 10px; padding-right: 5px;\"  itemscope itemtype=\"https:\/\/schema.org\/ImageObject\"><div class=\"envira-gallery-item-inner\"><div class=\"envira-gallery-position-overlay  envira-gallery-top-left\"><\/div><div class=\"envira-gallery-position-overlay  envira-gallery-top-right\"><\/div><div class=\"envira-gallery-position-overlay  envira-gallery-bottom-left\"><\/div><div class=\"envira-gallery-position-overlay  envira-gallery-bottom-right\"><\/div><a href=\"https:\/\/segurosgam.com\/wp-content\/uploads\/2020\/07\/ESTAS-PROTEGIDO-2-1.jpg\" class=\"envira-gallery-390 envira-gallery-link\" rel=\"enviragallery390\" title=\"ESTAS PROTEGIDO - 2\" data-envira-caption=\"ESTAS PROTEGIDO - 2\" data-envira-retina=\"\" data-thumbnail=\"\"  itemprop=\"contentUrl\"><img decoding=\"async\" id=\"envira-gallery-image-391\" class=\"envira-gallery-image envira-gallery-image-1 envira-normal envira-lazy\" data-envira-index=\"1\" src=\"https:\/\/segurosgam.com\/wp-content\/uploads\/2020\/07\/ESTAS-PROTEGIDO-2-1.jpg\" data-envira-src=\"https:\/\/segurosgam.com\/wp-content\/uploads\/2020\/07\/ESTAS-PROTEGIDO-2-1.jpg\" data-envira-gallery-id=\"390\" data-envira-item-id=\"391\" data-envira-caption=\"ESTAS PROTEGIDO - 2\" alt=\"\" title=\"ESTAS PROTEGIDO - 2\"  itemprop=\"thumbnailUrl\" data-envira-srcset=\"https:\/\/segurosgam.com\/wp-content\/uploads\/2020\/07\/ESTAS-PROTEGIDO-2-1.jpg 400w,https:\/\/segurosgam.com\/wp-content\/uploads\/2020\/07\/ESTAS-PROTEGIDO-2-1.jpg 2x\" data-envira-width=\"300\" data-envira-height=\"176\" srcset=\"data:image\/gif;base64,R0lGODlhAQABAIAAAP\/\/\/\/\/\/\/yH5BAEKAAEALAAAAAABAAEAAAICTAEAOw==\" data-safe-src=\"data:image\/gif;base64,R0lGODlhAQABAIAAAP\/\/\/\/\/\/\/yH5BAEKAAEALAAAAAABAAEAAAICTAEAOw==\" \/><\/a><\/div><\/div><div id=\"envira-gallery-item-392\" class=\"envira-gallery-item enviratope-item envira-gallery-item-2 envira-lazy-load\" style=\"padding-left: 5px; padding-bottom: 10px; padding-right: 5px;\"  itemscope itemtype=\"https:\/\/schema.org\/ImageObject\"><div class=\"envira-gallery-item-inner\"><div class=\"envira-gallery-position-overlay  envira-gallery-top-left\"><\/div><div class=\"envira-gallery-position-overlay  envira-gallery-top-right\"><\/div><div class=\"envira-gallery-position-overlay  envira-gallery-bottom-left\"><\/div><div class=\"envira-gallery-position-overlay  envira-gallery-bottom-right\"><\/div><a href=\"https:\/\/segurosgam.com\/wp-content\/uploads\/2020\/07\/ESTAS-PROTEGIDO-CASA-1.jpg\" class=\"envira-gallery-390 envira-gallery-link\" rel=\"enviragallery390\" title=\"ESTAS PROTEGIDO- CASA\" data-envira-caption=\"ESTAS PROTEGIDO- CASA\" data-envira-retina=\"\" data-thumbnail=\"\"  itemprop=\"contentUrl\"><img decoding=\"async\" id=\"envira-gallery-image-392\" class=\"envira-gallery-image envira-gallery-image-2 envira-normal envira-lazy\" data-envira-index=\"2\" src=\"https:\/\/segurosgam.com\/wp-content\/uploads\/2020\/07\/ESTAS-PROTEGIDO-CASA-1.jpg\" data-envira-src=\"https:\/\/segurosgam.com\/wp-content\/uploads\/2020\/07\/ESTAS-PROTEGIDO-CASA-1.jpg\" data-envira-gallery-id=\"390\" data-envira-item-id=\"392\" data-envira-caption=\"ESTAS PROTEGIDO- CASA\" alt=\"\" title=\"ESTAS PROTEGIDO- CASA\"  itemprop=\"thumbnailUrl\" data-envira-srcset=\"https:\/\/segurosgam.com\/wp-content\/uploads\/2020\/07\/ESTAS-PROTEGIDO-CASA-1.jpg 400w,https:\/\/segurosgam.com\/wp-content\/uploads\/2020\/07\/ESTAS-PROTEGIDO-CASA-1.jpg 2x\" data-envira-width=\"300\" data-envira-height=\"175\" srcset=\"data:image\/gif;base64,R0lGODlhAQABAIAAAP\/\/\/\/\/\/\/yH5BAEKAAEALAAAAAABAAEAAAICTAEAOw==\" data-safe-src=\"data:image\/gif;base64,R0lGODlhAQABAIAAAP\/\/\/\/\/\/\/yH5BAEKAAEALAAAAAABAAEAAAICTAEAOw==\" \/><\/a><\/div><\/div><div id=\"envira-gallery-item-393\" class=\"envira-gallery-item enviratope-item envira-gallery-item-3 envira-lazy-load\" style=\"padding-left: 5px; padding-bottom: 10px; padding-right: 5px;\"  itemscope itemtype=\"https:\/\/schema.org\/ImageObject\"><div class=\"envira-gallery-item-inner\"><div class=\"envira-gallery-position-overlay  envira-gallery-top-left\"><\/div><div class=\"envira-gallery-position-overlay  envira-gallery-top-right\"><\/div><div class=\"envira-gallery-position-overlay  envira-gallery-bottom-left\"><\/div><div class=\"envira-gallery-position-overlay  envira-gallery-bottom-right\"><\/div><a href=\"https:\/\/segurosgam.com\/wp-content\/uploads\/2020\/07\/ESTAS-PROTEGIDO-EMPRESA-1.jpg\" class=\"envira-gallery-390 envira-gallery-link\" rel=\"enviragallery390\" title=\"ESTAS PROTEGIDO- EMPRESA\" data-envira-caption=\"ESTAS PROTEGIDO- EMPRESA\" data-envira-retina=\"\" data-thumbnail=\"\"  itemprop=\"contentUrl\"><img decoding=\"async\" id=\"envira-gallery-image-393\" class=\"envira-gallery-image envira-gallery-image-3 envira-normal envira-lazy\" data-envira-index=\"3\" src=\"https:\/\/segurosgam.com\/wp-content\/uploads\/2020\/07\/ESTAS-PROTEGIDO-EMPRESA-1.jpg\" data-envira-src=\"https:\/\/segurosgam.com\/wp-content\/uploads\/2020\/07\/ESTAS-PROTEGIDO-EMPRESA-1.jpg\" data-envira-gallery-id=\"390\" data-envira-item-id=\"393\" data-envira-caption=\"ESTAS PROTEGIDO- EMPRESA\" alt=\"\" title=\"ESTAS PROTEGIDO- EMPRESA\"  itemprop=\"thumbnailUrl\" data-envira-srcset=\"https:\/\/segurosgam.com\/wp-content\/uploads\/2020\/07\/ESTAS-PROTEGIDO-EMPRESA-1.jpg 400w,https:\/\/segurosgam.com\/wp-content\/uploads\/2020\/07\/ESTAS-PROTEGIDO-EMPRESA-1.jpg 2x\" data-envira-width=\"300\" data-envira-height=\"176\" srcset=\"data:image\/gif;base64,R0lGODlhAQABAIAAAP\/\/\/\/\/\/\/yH5BAEKAAEALAAAAAABAAEAAAICTAEAOw==\" data-safe-src=\"data:image\/gif;base64,R0lGODlhAQABAIAAAP\/\/\/\/\/\/\/yH5BAEKAAEALAAAAAABAAEAAAICTAEAOw==\" \/><\/a><\/div><\/div><div id=\"envira-gallery-item-394\" class=\"envira-gallery-item enviratope-item envira-gallery-item-4 envira-lazy-load\" style=\"padding-left: 5px; padding-bottom: 10px; padding-right: 5px;\"  itemscope itemtype=\"https:\/\/schema.org\/ImageObject\"><div class=\"envira-gallery-item-inner\"><div class=\"envira-gallery-position-overlay  envira-gallery-top-left\"><\/div><div class=\"envira-gallery-position-overlay  envira-gallery-top-right\"><\/div><div class=\"envira-gallery-position-overlay  envira-gallery-bottom-left\"><\/div><div class=\"envira-gallery-position-overlay  envira-gallery-bottom-right\"><\/div><a href=\"https:\/\/segurosgam.com\/wp-content\/uploads\/2020\/07\/ESTAS-PROTEGIDO-RC-PROFESIONISTA-1.jpg\" class=\"envira-gallery-390 envira-gallery-link\" rel=\"enviragallery390\" title=\"ESTAS PROTEGIDO- RC PROFESIONISTA\" data-envira-caption=\"ESTAS PROTEGIDO- RC PROFESIONISTA\" data-envira-retina=\"\" data-thumbnail=\"\"  itemprop=\"contentUrl\"><img decoding=\"async\" id=\"envira-gallery-image-394\" class=\"envira-gallery-image envira-gallery-image-4 envira-normal envira-lazy\" data-envira-index=\"4\" src=\"https:\/\/segurosgam.com\/wp-content\/uploads\/2020\/07\/ESTAS-PROTEGIDO-RC-PROFESIONISTA-1.jpg\" data-envira-src=\"https:\/\/segurosgam.com\/wp-content\/uploads\/2020\/07\/ESTAS-PROTEGIDO-RC-PROFESIONISTA-1.jpg\" data-envira-gallery-id=\"390\" data-envira-item-id=\"394\" data-envira-caption=\"ESTAS PROTEGIDO- RC PROFESIONISTA\" alt=\"\" title=\"ESTAS PROTEGIDO- RC PROFESIONISTA\"  itemprop=\"thumbnailUrl\" data-envira-srcset=\"https:\/\/segurosgam.com\/wp-content\/uploads\/2020\/07\/ESTAS-PROTEGIDO-RC-PROFESIONISTA-1.jpg 400w,https:\/\/segurosgam.com\/wp-content\/uploads\/2020\/07\/ESTAS-PROTEGIDO-RC-PROFESIONISTA-1.jpg 2x\" data-envira-width=\"300\" data-envira-height=\"176\" srcset=\"data:image\/gif;base64,R0lGODlhAQABAIAAAP\/\/\/\/\/\/\/yH5BAEKAAEALAAAAAABAAEAAAICTAEAOw==\" data-safe-src=\"data:image\/gif;base64,R0lGODlhAQABAIAAAP\/\/\/\/\/\/\/yH5BAEKAAEALAAAAAABAAEAAAICTAEAOw==\" \/><\/a><\/div><\/div><div id=\"envira-gallery-item-396\" class=\"envira-gallery-item enviratope-item envira-gallery-item-5 envira-lazy-load\" style=\"padding-left: 5px; padding-bottom: 10px; padding-right: 5px;\"  itemscope itemtype=\"https:\/\/schema.org\/ImageObject\"><div class=\"envira-gallery-item-inner\"><div class=\"envira-gallery-position-overlay  envira-gallery-top-left\"><\/div><div class=\"envira-gallery-position-overlay  envira-gallery-top-right\"><\/div><div class=\"envira-gallery-position-overlay  envira-gallery-bottom-left\"><\/div><div class=\"envira-gallery-position-overlay  envira-gallery-bottom-right\"><\/div><a href=\"https:\/\/segurosgam.com\/wp-content\/uploads\/2020\/07\/ESTAS-PROTEGIDO-1-1.jpg\" class=\"envira-gallery-390 envira-gallery-link\" rel=\"enviragallery390\" title=\"ESTAS PROTEGIDO-\" data-envira-caption=\"ESTAS PROTEGIDO-\" data-envira-retina=\"\" data-thumbnail=\"\"  itemprop=\"contentUrl\"><img decoding=\"async\" id=\"envira-gallery-image-396\" class=\"envira-gallery-image envira-gallery-image-5 envira-normal envira-lazy\" data-envira-index=\"5\" src=\"https:\/\/segurosgam.com\/wp-content\/uploads\/2020\/07\/ESTAS-PROTEGIDO-1-1.jpg\" data-envira-src=\"https:\/\/segurosgam.com\/wp-content\/uploads\/2020\/07\/ESTAS-PROTEGIDO-1-1.jpg\" data-envira-gallery-id=\"390\" data-envira-item-id=\"396\" data-envira-caption=\"ESTAS PROTEGIDO-\" alt=\"\" title=\"ESTAS PROTEGIDO-\"  itemprop=\"thumbnailUrl\" data-envira-srcset=\"https:\/\/segurosgam.com\/wp-content\/uploads\/2020\/07\/ESTAS-PROTEGIDO-1-1.jpg 400w,https:\/\/segurosgam.com\/wp-content\/uploads\/2020\/07\/ESTAS-PROTEGIDO-1-1.jpg 2x\" data-envira-width=\"300\" data-envira-height=\"177\" srcset=\"data:image\/gif;base64,R0lGODlhAQABAIAAAP\/\/\/\/\/\/\/yH5BAEKAAEALAAAAAABAAEAAAICTAEAOw==\" data-safe-src=\"data:image\/gif;base64,R0lGODlhAQABAIAAAP\/\/\/\/\/\/\/yH5BAEKAAEALAAAAAABAAEAAAICTAEAOw==\" \/><\/a><\/div><\/div><\/div><\/div><noscript><img decoding=\"async\" src=\"https:\/\/segurosgam.com\/wp-content\/uploads\/2020\/07\/ESTAS-PROTEGIDO-2-1.jpg\" alt=\"\" \/><img decoding=\"async\" src=\"https:\/\/segurosgam.com\/wp-content\/uploads\/2020\/07\/ESTAS-PROTEGIDO-CASA-1.jpg\" alt=\"\" \/><img decoding=\"async\" src=\"https:\/\/segurosgam.com\/wp-content\/uploads\/2020\/07\/ESTAS-PROTEGIDO-EMPRESA-1.jpg\" alt=\"\" \/><img decoding=\"async\" src=\"https:\/\/segurosgam.com\/wp-content\/uploads\/2020\/07\/ESTAS-PROTEGIDO-RC-PROFESIONISTA-1.jpg\" alt=\"\" \/><img decoding=\"async\" src=\"https:\/\/segurosgam.com\/wp-content\/uploads\/2020\/07\/ESTAS-PROTEGIDO-1-1.jpg\" alt=\"\" \/><\/noscript>\r\n","protected":false},"excerpt":{"rendered":"<p>ESTACION\u00d3METRO DE IDEAS E IMPLEMENTACI\u00d3N DE SECCI\u00d3N DE RIFAS<\/p>","protected":false},"author":1,"featured_media":0,"parent":0,"menu_order":0,"comment_status":"closed","ping_status":"closed","template":"","meta":{"pagelayer_contact_templates":[],"_pagelayer_content":"","ngg_post_thumbnail":0,"footnotes":""},"class_list":["post-234","page","type-page","status-publish","hentry"],"yoast_head":"<!-- This site is optimized with the Yoast SEO plugin v27.1.1 - https:\/\/yoast.com\/product\/yoast-seo-wordpress\/ -->\n<title>P\u00e1gina de inicio | SEGUROS GAM<\/title>\n<meta name=\"description\" content=\"Asesoramiento profesional a personas y empresas en los Seguros m\u00e1s Competitivos del Mercado. Tenemos m\u00e1s de 15 a\u00f1os de experiencia en el ramo.\" \/>\n<meta name=\"robots\" content=\"index, follow, max-snippet:-1, max-image-preview:large, max-video-preview:-1\" \/>\n<link rel=\"canonical\" href=\"http:\/\/segurosgam.com\/en\/\" \/>\n<meta property=\"og:locale\" content=\"en_US\" \/>\n<meta property=\"og:type\" content=\"article\" \/>\n<meta property=\"og:title\" content=\"P\u00e1gina de inicio | SEGUROS GAM\" \/>\n<meta property=\"og:description\" content=\"Asesoramiento profesional a personas y empresas en los Seguros m\u00e1s Competitivos del Mercado. Tenemos m\u00e1s de 15 a\u00f1os de experiencia en el ramo.\" \/>\n<meta property=\"og:url\" content=\"http:\/\/segurosgam.com\/en\/\" \/>\n<meta property=\"og:site_name\" content=\"SEGUROS GAM\" \/>\n<meta property=\"article:modified_time\" content=\"2026-02-05T01:15:05+00:00\" \/>\n<meta name=\"twitter:card\" content=\"summary_large_image\" \/>\n<meta name=\"twitter:label1\" content=\"Est. reading time\" \/>\n\t<meta name=\"twitter:data1\" content=\"1 minute\" \/>\n<script type=\"application\/ld+json\" class=\"yoast-schema-graph\">{\"@context\":\"https:\/\/schema.org\",\"@graph\":[{\"@type\":\"WebPage\",\"@id\":\"http:\/\/segurosgam.com\/\",\"url\":\"http:\/\/segurosgam.com\/\",\"name\":\"P\u00e1gina de inicio | SEGUROS GAM\",\"isPartOf\":{\"@id\":\"http:\/\/segurosgam.com\/#website\"},\"datePublished\":\"2020-07-20T18:49:52+00:00\",\"dateModified\":\"2026-02-05T01:15:05+00:00\",\"description\":\"Asesoramiento profesional a personas y empresas en los Seguros m\u00e1s Competitivos del Mercado. Tenemos m\u00e1s de 15 a\u00f1os de experiencia en el ramo.\",\"breadcrumb\":{\"@id\":\"http:\/\/segurosgam.com\/#breadcrumb\"},\"inLanguage\":\"en-US\",\"potentialAction\":[{\"@type\":\"ReadAction\",\"target\":[\"http:\/\/segurosgam.com\/\"]}]},{\"@type\":\"BreadcrumbList\",\"@id\":\"http:\/\/segurosgam.com\/#breadcrumb\",\"itemListElement\":[{\"@type\":\"ListItem\",\"position\":1,\"name\":\"Portada\",\"item\":\"http:\/\/segurosgam.com\/\"},{\"@type\":\"ListItem\",\"position\":2,\"name\":\"P\u00e1gina de inicio\"}]},{\"@type\":\"WebSite\",\"@id\":\"http:\/\/segurosgam.com\/#website\",\"url\":\"http:\/\/segurosgam.com\/\",\"name\":\"SEGUROS GAM\",\"description\":\"SEGUROS A TU MEDIDA\",\"publisher\":{\"@id\":\"http:\/\/segurosgam.com\/#organization\"},\"potentialAction\":[{\"@type\":\"SearchAction\",\"target\":{\"@type\":\"EntryPoint\",\"urlTemplate\":\"http:\/\/segurosgam.com\/?s={search_term_string}\"},\"query-input\":{\"@type\":\"PropertyValueSpecification\",\"valueRequired\":true,\"valueName\":\"search_term_string\"}}],\"inLanguage\":\"en-US\"},{\"@type\":\"Organization\",\"@id\":\"http:\/\/segurosgam.com\/#organization\",\"name\":\"GAM ASESORES\",\"url\":\"http:\/\/segurosgam.com\/\",\"logo\":{\"@type\":\"ImageObject\",\"inLanguage\":\"en-US\",\"@id\":\"http:\/\/segurosgam.com\/#\/schema\/logo\/image\/\",\"url\":\"https:\/\/segurosgam.com\/wp-content\/uploads\/2020\/07\/logo-gera-3.jpg\",\"contentUrl\":\"https:\/\/segurosgam.com\/wp-content\/uploads\/2020\/07\/logo-gera-3.jpg\",\"width\":205,\"height\":154,\"caption\":\"GAM ASESORES\"},\"image\":{\"@id\":\"http:\/\/segurosgam.com\/#\/schema\/logo\/image\/\"}}]}<\/script>\n<!-- \/ Yoast SEO plugin. -->","yoast_head_json":{"title":"P\u00e1gina de inicio | SEGUROS GAM","description":"Asesoramiento profesional a personas y empresas en los Seguros m\u00e1s Competitivos del Mercado. Tenemos m\u00e1s de 15 a\u00f1os de experiencia en el ramo.","robots":{"index":"index","follow":"follow","max-snippet":"max-snippet:-1","max-image-preview":"max-image-preview:large","max-video-preview":"max-video-preview:-1"},"canonical":"http:\/\/segurosgam.com\/en\/","og_locale":"en_US","og_type":"article","og_title":"P\u00e1gina de inicio | SEGUROS GAM","og_description":"Asesoramiento profesional a personas y empresas en los Seguros m\u00e1s Competitivos del Mercado. Tenemos m\u00e1s de 15 a\u00f1os de experiencia en el ramo.","og_url":"http:\/\/segurosgam.com\/en\/","og_site_name":"SEGUROS GAM","article_modified_time":"2026-02-05T01:15:05+00:00","twitter_card":"summary_large_image","twitter_misc":{"Est. reading time":"1 minute"},"schema":{"@context":"https:\/\/schema.org","@graph":[{"@type":"WebPage","@id":"http:\/\/segurosgam.com\/","url":"http:\/\/segurosgam.com\/","name":"P\u00e1gina de inicio | SEGUROS GAM","isPartOf":{"@id":"http:\/\/segurosgam.com\/#website"},"datePublished":"2020-07-20T18:49:52+00:00","dateModified":"2026-02-05T01:15:05+00:00","description":"Asesoramiento profesional a personas y empresas en los Seguros m\u00e1s Competitivos del Mercado. Tenemos m\u00e1s de 15 a\u00f1os de experiencia en el ramo.","breadcrumb":{"@id":"http:\/\/segurosgam.com\/#breadcrumb"},"inLanguage":"en-US","potentialAction":[{"@type":"ReadAction","target":["http:\/\/segurosgam.com\/"]}]},{"@type":"BreadcrumbList","@id":"http:\/\/segurosgam.com\/#breadcrumb","itemListElement":[{"@type":"ListItem","position":1,"name":"Portada","item":"http:\/\/segurosgam.com\/"},{"@type":"ListItem","position":2,"name":"P\u00e1gina de inicio"}]},{"@type":"WebSite","@id":"http:\/\/segurosgam.com\/#website","url":"http:\/\/segurosgam.com\/","name":"GAM INSURANCES","description":"SEGUROS A TU MEDIDA","publisher":{"@id":"http:\/\/segurosgam.com\/#organization"},"potentialAction":[{"@type":"SearchAction","target":{"@type":"EntryPoint","urlTemplate":"http:\/\/segurosgam.com\/?s={search_term_string}"},"query-input":{"@type":"PropertyValueSpecification","valueRequired":true,"valueName":"search_term_string"}}],"inLanguage":"en-US"},{"@type":"Organization","@id":"http:\/\/segurosgam.com\/#organization","name":"GAM ASESORES","url":"http:\/\/segurosgam.com\/","logo":{"@type":"ImageObject","inLanguage":"en-US","@id":"http:\/\/segurosgam.com\/#\/schema\/logo\/image\/","url":"https:\/\/segurosgam.com\/wp-content\/uploads\/2020\/07\/logo-gera-3.jpg","contentUrl":"https:\/\/segurosgam.com\/wp-content\/uploads\/2020\/07\/logo-gera-3.jpg","width":205,"height":154,"caption":"GAM ASESORES"},"image":{"@id":"http:\/\/segurosgam.com\/#\/schema\/logo\/image\/"}}]}},"_links":{"self":[{"href":"https:\/\/segurosgam.com\/en\/wp-json\/wp\/v2\/pages\/234","targetHints":{"allow":["GET"]}}],"collection":[{"href":"https:\/\/segurosgam.com\/en\/wp-json\/wp\/v2\/pages"}],"about":[{"href":"https:\/\/segurosgam.com\/en\/wp-json\/wp\/v2\/types\/page"}],"author":[{"embeddable":true,"href":"https:\/\/segurosgam.com\/en\/wp-json\/wp\/v2\/users\/1"}],"replies":[{"embeddable":true,"href":"https:\/\/segurosgam.com\/en\/wp-json\/wp\/v2\/comments?post=234"}],"version-history":[{"count":3,"href":"https:\/\/segurosgam.com\/en\/wp-json\/wp\/v2\/pages\/234\/revisions"}],"predecessor-version":[{"id":397,"href":"https:\/\/segurosgam.com\/en\/wp-json\/wp\/v2\/pages\/234\/revisions\/397"}],"wp:attachment":[{"href":"https:\/\/segurosgam.com\/en\/wp-json\/wp\/v2\/media?parent=234"}],"curies":[{"name":"wp","href":"https:\/\/api.w.org\/{rel}","templated":true}]}}