{"id":189,"date":"2020-07-16T12:56:11","date_gmt":"2020-07-16T18:56:11","guid":{"rendered":"https:\/\/segurosgam.com\/?page_id=189"},"modified":"2026-03-06T22:14:55","modified_gmt":"2026-03-07T04:14:55","slug":"seguros-gam","status":"publish","type":"page","link":"https:\/\/segurosgam.com\/en\/seguros-gam\/","title":{"rendered":"GAM INSURANCES"},"content":{"rendered":"<h2><strong>PERSONAL AND BUSINESS SERVICES<\/strong><\/h2>\n\n\n\n\n\nHealth care should not affect your economy, here we help take care of your capital and your health.<br>\n\n\n\n\nDesde hoy podemos ahorrar para preparar nuestro retiro y disfrutar los frutos de nuestro trabajo.<br>\n\n\n\n\nThe best way to protect your assets before an accident, request a quote without obligation.<br>\n\n\n\n\n\n<p>Lorem Ipsum has been the industry&#8217;s standard dummy text ever since the 1500s.<\/p>\n\n\n\n\n\n\n\n\n\n\n\n\n<h2><strong>ASESOR\u00cdA Y VENTA DE SEGUROS \n<\/strong><\/h2>\n\n\n\n\n<p>Hoy en d\u00eda contratar un seguro es m\u00e1s f\u00e1cil que nunca: puedes hacerlo en l\u00ednea o directamente en bancos.<br><\/p>\n<p>En M\u00e9xico, las compa\u00f1\u00edas <strong>aseguradoras<\/strong> est\u00e1n siempre <strong>supervisadas<\/strong> por la Secretar\u00eda de Hacienda, <strong>reguladas<\/strong> por la Comisi\u00f3n Nacional de Seguros y Fianzas, y <strong>vigiladas<\/strong> por la CONDUSEF, <strong>para proteger tus derechos<\/strong>.<br><br><span style=\"color: rgb(0, 71, 178);\">\u00bfEntonces <strong>por qu\u00e9 elegir GAM Asesores<\/strong>?<\/span><br><\/p>\n\n\n\n\n<p>Lorem Ipsum has been the industry&#8217;s standard dummy text ever since the 1500s.<\/p>\n\n\n<p><img decoding=\"async\" draggable=\"true\" role=\"img\" class=\"emoji ls-is-cached lazyloaded\" data-src=\"https:\/\/s.w.org\/images\/core\/emoji\/16.0.1\/svg\/2764.svg\" alt=\"\u2764\ufe0f\" src=\"https:\/\/s.w.org\/images\/core\/emoji\/16.0.1\/svg\/2764.svg\">&nbsp; Porque aqu\u00ed no solo compras una p\u00f3liza, recibes un trato personalizado, humano y cercano \u2014 un valor que <strong>no encontrar\u00e1s en bancos, ni con bots de internet.<\/strong><br><br><img decoding=\"async\" draggable=\"true\" role=\"img\" class=\"emoji ls-is-cached lazyloaded\" data-src=\"https:\/\/s.w.org\/images\/core\/emoji\/16.0.1\/svg\/2764.svg\" alt=\"\u2764\ufe0f\" src=\"https:\/\/s.w.org\/images\/core\/emoji\/16.0.1\/svg\/2764.svg\">&nbsp; Nuestro verdadero <strong>servicio empieza<\/strong> justo cuando te entregamos tu p\u00f3liza. <br><br><img decoding=\"async\" draggable=\"true\" role=\"img\" class=\"emoji ls-is-cached lazyloaded\" data-src=\"https:\/\/s.w.org\/images\/core\/emoji\/16.0.1\/svg\/2764.svg\" alt=\"\u2764\ufe0f\" src=\"https:\/\/s.w.org\/images\/core\/emoji\/16.0.1\/svg\/2764.svg\">&nbsp; Estamos contigo para <strong>cuidar a tu familia, tu patrimonio y tu tranquilidad<\/strong>, siempre que nos necesites.<br><strong><br><img decoding=\"async\" draggable=\"true\" role=\"img\" class=\"emoji lazyload\" alt=\"\ud83d\udc68\" data-src=\"https:\/\/s.w.org\/images\/core\/emoji\/17.0.2\/svg\/1f468.svg\" src=\"data:image\/svg+xml;base64,PHN2ZyB3aWR0aD0iMSIgaGVpZ2h0PSIxIiB4bWxucz0iaHR0cDovL3d3dy53My5vcmcvMjAwMC9zdmciPjwvc3ZnPg==\">   Ese es nuestro compromiso contigo.<br><\/strong><br><\/p>\n\n\n\n\n\n\n<p>Tenemos las <strong>soluciones adecuadas<\/strong> en seguros para que est\u00e9s protegido y <strong>proveas de seguridad y bienestar<\/strong> a tu empresa y a tus seres queridos a\u00fan <strong>en los tiempos m\u00e1s dif\u00edciles.<\/strong><br><\/p>\n\n\n\n\n\n<p>Lorem Ipsum has been the industry&#8217;s standard dummy text ever since the 1500s.<\/p>\n\n\n\n\n<p>Lorem Ipsum has been the industry&#8217;s standard dummy text ever since the 1500s.<\/p>\n\n\n\n\n\n\n\n\n\n\n\n<h3 style=\"color: rgb(161, 0, 0);\"><strong style=\"color: rgb(161, 0, 0);\">\u00bfQUE SERVICIOS VAS A ENCONTRAR EN GAM <span style=\"color:#000000;\"><\/span>ASESORES?<\/strong><\/h3>\n\n\n\n\n<h3><strong>CONSULTOR\u00cdA PROFESIONAL EN LOS PROCESOS DE:<\/strong><\/h3>\n\n\n\n\n\n<h4>CONTRATACI\u00d3N DE SEGUROS:<\/h4>\n\n\n\n\n\n<p>Te acompa\u00f1amos de principio a fin con <strong>atenci\u00f3n personalizada<\/strong>, ya sea en <strong>tu hogar o en tu oficina<\/strong>. <br><br>Nuestro <strong>servicio es profesional<\/strong>, r\u00e1pido y siempre con una actitud <strong>amable<\/strong>.<br><br>Nos encargamos de todo lo relacionado con tu p\u00f3liza: contrataci\u00f3n, mantenimiento, seguimiento y <strong>apoyo en caso de cualquier reclamo<\/strong>.<br><br>\u00bfQu\u00e9 puedes esperar de nosotros?<br><br><img decoding=\"async\" draggable=\"true\" role=\"img\" class=\"emoji ls-is-cached lazyloaded\" data-src=\"https:\/\/s.w.org\/images\/core\/emoji\/16.0.1\/svg\/2705.svg\" alt=\"\u2705\" src=\"https:\/\/s.w.org\/images\/core\/emoji\/16.0.1\/svg\/2705.svg\"> Cotizaci\u00f3n clara y personalizada, con toda la informaci\u00f3n que necesitas para tomar la mejor decisi\u00f3n.<br><br><img decoding=\"async\" draggable=\"true\" role=\"img\" class=\"emoji ls-is-cached lazyloaded\" data-src=\"https:\/\/s.w.org\/images\/core\/emoji\/16.0.1\/svg\/2705.svg\" alt=\"\u2705\" src=\"https:\/\/s.w.org\/images\/core\/emoji\/16.0.1\/svg\/2705.svg\"> Explicaci\u00f3n sencilla y detallada de los beneficios del seguro que elijas.<br><br><img decoding=\"async\" draggable=\"true\" role=\"img\" class=\"emoji ls-is-cached lazyloaded\" data-src=\"https:\/\/s.w.org\/images\/core\/emoji\/16.0.1\/svg\/2705.svg\" alt=\"\u2705\" src=\"https:\/\/s.w.org\/images\/core\/emoji\/16.0.1\/svg\/2705.svg\"> Tr\u00e1mite \u00e1gil y entrega puntual de tu p\u00f3liza.<br><br><img decoding=\"async\" draggable=\"true\" role=\"img\" class=\"emoji ls-is-cached lazyloaded\" data-src=\"https:\/\/s.w.org\/images\/core\/emoji\/16.0.1\/svg\/2705.svg\" alt=\"\u2705\" src=\"https:\/\/s.w.org\/images\/core\/emoji\/16.0.1\/svg\/2705.svg\"> Revisi\u00f3n de datos y respaldo total en la entrega de tu p\u00f3liza.<br><br><img decoding=\"async\" draggable=\"true\" role=\"img\" class=\"emoji ls-is-cached lazyloaded\" data-src=\"https:\/\/s.w.org\/images\/core\/emoji\/16.0.1\/svg\/2705.svg\" alt=\"\u2705\" src=\"https:\/\/s.w.org\/images\/core\/emoji\/16.0.1\/svg\/2705.svg\"> Seguimiento constante, con atenci\u00f3n cercana y env\u00edo regular de informaci\u00f3n \u00fatil.<br><br>\u00a1Nos encargamos de que todo sea <strong>f\u00e1cil, claro y sin complicaciones para ti<\/strong>!<br><\/p>\n\n\n\n\n\n<h4>MANTENIMIENTO:<\/h4>\n\n\n\n\n\n<p>Estamos <strong>contigo en todo momento<\/strong>, no solo al contratar tu seguro.<br><br><img decoding=\"async\" draggable=\"true\" role=\"img\" class=\"emoji ls-is-cached lazyloaded\" data-src=\"https:\/\/s.w.org\/images\/core\/emoji\/16.0.1\/svg\/2705.svg\" alt=\"\u2705\" src=\"https:\/\/s.w.org\/images\/core\/emoji\/16.0.1\/svg\/2705.svg\"> Resoluci\u00f3n de dudas y acompa\u00f1amiento personalizado en caso de un siniestro, para que tengas claridad sobre tus beneficios y el proceso de reclamaci\u00f3n.<br><br><img decoding=\"async\" draggable=\"true\" role=\"img\" class=\"emoji ls-is-cached lazyloaded\" data-src=\"https:\/\/s.w.org\/images\/core\/emoji\/16.0.1\/svg\/2705.svg\" alt=\"\u2705\" src=\"https:\/\/s.w.org\/images\/core\/emoji\/16.0.1\/svg\/2705.svg\"> Apoyo en ajustes a tu p\u00f3liza, ya sea para actualizar domicilio, modificar coberturas, cambiar beneficiarios o cualquier otro detalle importante.<br><br><img decoding=\"async\" draggable=\"true\" role=\"img\" class=\"emoji ls-is-cached lazyloaded\" data-src=\"https:\/\/s.w.org\/images\/core\/emoji\/16.0.1\/svg\/2705.svg\" alt=\"\u2705\" src=\"https:\/\/s.w.org\/images\/core\/emoji\/16.0.1\/svg\/2705.svg\"> Te avisamos con tiempo sobre vencimientos y renovaciones, para que no pierdas tus beneficios y podamos ajustar lo necesario seg\u00fan tus necesidades.<br><br><img decoding=\"async\" draggable=\"true\" role=\"img\" class=\"emoji ls-is-cached lazyloaded\" data-src=\"https:\/\/s.w.org\/images\/core\/emoji\/16.0.1\/svg\/2705.svg\" alt=\"\u2705\" src=\"https:\/\/s.w.org\/images\/core\/emoji\/16.0.1\/svg\/2705.svg\"> Te mantenemos al d\u00eda con lo nuevo en el mundo de los seguros, como cambios en coberturas, sumas aseguradas o lanzamientos de nuevos planes que te puedan convenir.<br><br>Porque m\u00e1s que asesorarte, <strong>nos gusta acompa\u00f1arte<\/strong>.<br><\/p>\n\n\n\n\n\n<h4>SEGUIMIENTO:<\/h4>\n\n\n\n\n\n<p><strong>Cuando m\u00e1s lo necesitas<\/strong>, estamos contigo:<br><br><img decoding=\"async\" draggable=\"true\" role=\"img\" class=\"emoji ls-is-cached lazyloaded\" data-src=\"https:\/\/s.w.org\/images\/core\/emoji\/16.0.1\/svg\/2705.svg\" alt=\"\u2705\" src=\"https:\/\/s.w.org\/images\/core\/emoji\/16.0.1\/svg\/2705.svg\"> Te acompa\u00f1amos en el tr\u00e1mite y seguimiento del pago ante un siniestro, adem\u00e1s del apoyo que brinda la aseguradora.<br><br> Si algo se complica, te damos la asesor\u00eda para encontrar una soluci\u00f3n a tiempo.<br><br><img decoding=\"async\" draggable=\"true\" role=\"img\" class=\"emoji ls-is-cached lazyloaded\" data-src=\"https:\/\/s.w.org\/images\/core\/emoji\/16.0.1\/svg\/2705.svg\" alt=\"\u2705\" src=\"https:\/\/s.w.org\/images\/core\/emoji\/16.0.1\/svg\/2705.svg\"> Nunca estar\u00e1s solo al usar tu p\u00f3liza; te apoyamos en cada paso con atenci\u00f3n cercana y clara.<br><br><img decoding=\"async\" draggable=\"true\" role=\"img\" class=\"emoji ls-is-cached lazyloaded\" data-src=\"https:\/\/s.w.org\/images\/core\/emoji\/16.0.1\/svg\/2705.svg\" alt=\"\u2705\" src=\"https:\/\/s.w.org\/images\/core\/emoji\/16.0.1\/svg\/2705.svg\"> Damos seguimiento a la calidad del servicio que recibes por parte de ajustadores, proveedores o personal de la aseguradora.<br><br><img decoding=\"async\" draggable=\"true\" role=\"img\" class=\"emoji ls-is-cached lazyloaded\" data-src=\"https:\/\/s.w.org\/images\/core\/emoji\/16.0.1\/svg\/2705.svg\" alt=\"\u2705\" src=\"https:\/\/s.w.org\/images\/core\/emoji\/16.0.1\/svg\/2705.svg\"> Cuidamos que los beneficios que recibas realmente valgan lo que est\u00e1s pagando.<br><br>Porque tu tranquilidad y confianza son lo m\u00e1s importante.<br><\/p>\n\n\n\n\n\n<h2>\u00bfTienes duda?&#8230; Te respondemos en menos de 10 mins.<\/h2>\n\n\n\n\n\n<p>Lorem Ipsum has been the industry&#8217;s standard dummy text ever since the 1500s.<\/p>","protected":false},"excerpt":{"rendered":"","protected":false},"author":1,"featured_media":184,"parent":0,"menu_order":0,"comment_status":"closed","ping_status":"closed","template":"page-templates\/template-fullwidth.php","meta":{"pagelayer_contact_templates":[],"_pagelayer_content":"","ngg_post_thumbnail":0,"footnotes":""},"class_list":["post-189","page","type-page","status-publish","has-post-thumbnail","hentry"],"yoast_head":"<!-- This site is optimized with the Yoast SEO plugin v27.1.1 - https:\/\/yoast.com\/product\/yoast-seo-wordpress\/ -->\n<title>SEGUROS GAM | SEGUROS GAM<\/title>\n<meta name=\"description\" content=\"En GAM Asesores contamos con las compa\u00f1\u00edas de seguros adecuadas para tus necesidades y m\u00e1s de 14 a\u00f1os de experiencia en el ramo.\" \/>\n<meta name=\"robots\" content=\"index, follow, max-snippet:-1, max-image-preview:large, max-video-preview:-1\" \/>\n<link rel=\"canonical\" href=\"http:\/\/segurosgam.com\/en\/seguros-gam\/\" \/>\n<meta property=\"og:locale\" content=\"en_US\" \/>\n<meta property=\"og:type\" content=\"article\" \/>\n<meta property=\"og:title\" content=\"SEGUROS GAM | SEGUROS GAM\" \/>\n<meta property=\"og:description\" content=\"En GAM Asesores contamos con las compa\u00f1\u00edas de seguros adecuadas para tus necesidades y m\u00e1s de 14 a\u00f1os de experiencia en el ramo.\" \/>\n<meta property=\"og:url\" content=\"http:\/\/segurosgam.com\/en\/seguros-gam\/\" \/>\n<meta property=\"og:site_name\" content=\"SEGUROS GAM\" \/>\n<meta property=\"article:modified_time\" content=\"2026-03-07T04:14:55+00:00\" \/>\n<meta property=\"og:image\" content=\"http:\/\/segurosgam.com\/wp-content\/uploads\/2020\/07\/PORTADA-WEB.jpg\" \/>\n\t<meta property=\"og:image:width\" content=\"760\" \/>\n\t<meta property=\"og:image:height\" content=\"457\" \/>\n\t<meta property=\"og:image:type\" content=\"image\/jpeg\" \/>\n<meta name=\"twitter:card\" content=\"summary_large_image\" \/>\n<meta name=\"twitter:label1\" content=\"Est. reading time\" \/>\n\t<meta name=\"twitter:data1\" content=\"6 minutes\" \/>\n<script type=\"application\/ld+json\" class=\"yoast-schema-graph\">{\"@context\":\"https:\/\/schema.org\",\"@graph\":[{\"@type\":\"WebPage\",\"@id\":\"http:\/\/segurosgam.com\/seguros-gam\/\",\"url\":\"http:\/\/segurosgam.com\/seguros-gam\/\",\"name\":\"SEGUROS GAM | SEGUROS GAM\",\"isPartOf\":{\"@id\":\"http:\/\/segurosgam.com\/#website\"},\"primaryImageOfPage\":{\"@id\":\"http:\/\/segurosgam.com\/seguros-gam\/#primaryimage\"},\"image\":{\"@id\":\"http:\/\/segurosgam.com\/seguros-gam\/#primaryimage\"},\"thumbnailUrl\":\"https:\/\/segurosgam.com\/wp-content\/uploads\/2020\/07\/PORTADA-WEB.jpg\",\"datePublished\":\"2020-07-16T18:56:11+00:00\",\"dateModified\":\"2026-03-07T04:14:55+00:00\",\"description\":\"En GAM Asesores contamos con las compa\u00f1\u00edas de seguros adecuadas para tus necesidades y m\u00e1s de 14 a\u00f1os de experiencia en el ramo.\",\"breadcrumb\":{\"@id\":\"http:\/\/segurosgam.com\/seguros-gam\/#breadcrumb\"},\"inLanguage\":\"en-US\",\"potentialAction\":[{\"@type\":\"ReadAction\",\"target\":[\"http:\/\/segurosgam.com\/seguros-gam\/\"]}]},{\"@type\":\"ImageObject\",\"inLanguage\":\"en-US\",\"@id\":\"http:\/\/segurosgam.com\/seguros-gam\/#primaryimage\",\"url\":\"https:\/\/segurosgam.com\/wp-content\/uploads\/2020\/07\/PORTADA-WEB.jpg\",\"contentUrl\":\"https:\/\/segurosgam.com\/wp-content\/uploads\/2020\/07\/PORTADA-WEB.jpg\",\"width\":760,\"height\":457,\"caption\":\"SALUD Y BIENESTAR\"},{\"@type\":\"BreadcrumbList\",\"@id\":\"http:\/\/segurosgam.com\/seguros-gam\/#breadcrumb\",\"itemListElement\":[{\"@type\":\"ListItem\",\"position\":1,\"name\":\"Portada\",\"item\":\"http:\/\/segurosgam.com\/\"},{\"@type\":\"ListItem\",\"position\":2,\"name\":\"SEGUROS GAM\"}]},{\"@type\":\"WebSite\",\"@id\":\"http:\/\/segurosgam.com\/#website\",\"url\":\"http:\/\/segurosgam.com\/\",\"name\":\"SEGUROS GAM\",\"description\":\"SEGUROS A TU MEDIDA\",\"publisher\":{\"@id\":\"http:\/\/segurosgam.com\/#organization\"},\"potentialAction\":[{\"@type\":\"SearchAction\",\"target\":{\"@type\":\"EntryPoint\",\"urlTemplate\":\"http:\/\/segurosgam.com\/?s={search_term_string}\"},\"query-input\":{\"@type\":\"PropertyValueSpecification\",\"valueRequired\":true,\"valueName\":\"search_term_string\"}}],\"inLanguage\":\"en-US\"},{\"@type\":\"Organization\",\"@id\":\"http:\/\/segurosgam.com\/#organization\",\"name\":\"GAM ASESORES\",\"url\":\"http:\/\/segurosgam.com\/\",\"logo\":{\"@type\":\"ImageObject\",\"inLanguage\":\"en-US\",\"@id\":\"http:\/\/segurosgam.com\/#\/schema\/logo\/image\/\",\"url\":\"https:\/\/segurosgam.com\/wp-content\/uploads\/2020\/07\/logo-gera-3.jpg\",\"contentUrl\":\"https:\/\/segurosgam.com\/wp-content\/uploads\/2020\/07\/logo-gera-3.jpg\",\"width\":205,\"height\":154,\"caption\":\"GAM ASESORES\"},\"image\":{\"@id\":\"http:\/\/segurosgam.com\/#\/schema\/logo\/image\/\"}}]}<\/script>\n<!-- \/ Yoast SEO plugin. -->","yoast_head_json":{"title":"SEGUROS GAM | SEGUROS GAM","description":"En GAM Asesores contamos con las compa\u00f1\u00edas de seguros adecuadas para tus necesidades y m\u00e1s de 14 a\u00f1os de experiencia en el ramo.","robots":{"index":"index","follow":"follow","max-snippet":"max-snippet:-1","max-image-preview":"max-image-preview:large","max-video-preview":"max-video-preview:-1"},"canonical":"http:\/\/segurosgam.com\/en\/seguros-gam\/","og_locale":"en_US","og_type":"article","og_title":"SEGUROS GAM | SEGUROS GAM","og_description":"En GAM Asesores contamos con las compa\u00f1\u00edas de seguros adecuadas para tus necesidades y m\u00e1s de 14 a\u00f1os de experiencia en el ramo.","og_url":"http:\/\/segurosgam.com\/en\/seguros-gam\/","og_site_name":"SEGUROS GAM","article_modified_time":"2026-03-07T04:14:55+00:00","og_image":[{"width":760,"height":457,"url":"http:\/\/segurosgam.com\/wp-content\/uploads\/2020\/07\/PORTADA-WEB.jpg","type":"image\/jpeg"}],"twitter_card":"summary_large_image","twitter_misc":{"Est. reading time":"6 minutes"},"schema":{"@context":"https:\/\/schema.org","@graph":[{"@type":"WebPage","@id":"http:\/\/segurosgam.com\/seguros-gam\/","url":"http:\/\/segurosgam.com\/seguros-gam\/","name":"SEGUROS GAM | SEGUROS GAM","isPartOf":{"@id":"http:\/\/segurosgam.com\/#website"},"primaryImageOfPage":{"@id":"http:\/\/segurosgam.com\/seguros-gam\/#primaryimage"},"image":{"@id":"http:\/\/segurosgam.com\/seguros-gam\/#primaryimage"},"thumbnailUrl":"https:\/\/segurosgam.com\/wp-content\/uploads\/2020\/07\/PORTADA-WEB.jpg","datePublished":"2020-07-16T18:56:11+00:00","dateModified":"2026-03-07T04:14:55+00:00","description":"En GAM Asesores contamos con las compa\u00f1\u00edas de seguros adecuadas para tus necesidades y m\u00e1s de 14 a\u00f1os de experiencia en el ramo.","breadcrumb":{"@id":"http:\/\/segurosgam.com\/seguros-gam\/#breadcrumb"},"inLanguage":"en-US","potentialAction":[{"@type":"ReadAction","target":["http:\/\/segurosgam.com\/seguros-gam\/"]}]},{"@type":"ImageObject","inLanguage":"en-US","@id":"http:\/\/segurosgam.com\/seguros-gam\/#primaryimage","url":"https:\/\/segurosgam.com\/wp-content\/uploads\/2020\/07\/PORTADA-WEB.jpg","contentUrl":"https:\/\/segurosgam.com\/wp-content\/uploads\/2020\/07\/PORTADA-WEB.jpg","width":760,"height":457,"caption":"SALUD Y BIENESTAR"},{"@type":"BreadcrumbList","@id":"http:\/\/segurosgam.com\/seguros-gam\/#breadcrumb","itemListElement":[{"@type":"ListItem","position":1,"name":"Portada","item":"http:\/\/segurosgam.com\/"},{"@type":"ListItem","position":2,"name":"SEGUROS GAM"}]},{"@type":"WebSite","@id":"http:\/\/segurosgam.com\/#website","url":"http:\/\/segurosgam.com\/","name":"GAM INSURANCES","description":"SEGUROS A TU MEDIDA","publisher":{"@id":"http:\/\/segurosgam.com\/#organization"},"potentialAction":[{"@type":"SearchAction","target":{"@type":"EntryPoint","urlTemplate":"http:\/\/segurosgam.com\/?s={search_term_string}"},"query-input":{"@type":"PropertyValueSpecification","valueRequired":true,"valueName":"search_term_string"}}],"inLanguage":"en-US"},{"@type":"Organization","@id":"http:\/\/segurosgam.com\/#organization","name":"GAM ASESORES","url":"http:\/\/segurosgam.com\/","logo":{"@type":"ImageObject","inLanguage":"en-US","@id":"http:\/\/segurosgam.com\/#\/schema\/logo\/image\/","url":"https:\/\/segurosgam.com\/wp-content\/uploads\/2020\/07\/logo-gera-3.jpg","contentUrl":"https:\/\/segurosgam.com\/wp-content\/uploads\/2020\/07\/logo-gera-3.jpg","width":205,"height":154,"caption":"GAM ASESORES"},"image":{"@id":"http:\/\/segurosgam.com\/#\/schema\/logo\/image\/"}}]}},"_links":{"self":[{"href":"https:\/\/segurosgam.com\/en\/wp-json\/wp\/v2\/pages\/189","targetHints":{"allow":["GET"]}}],"collection":[{"href":"https:\/\/segurosgam.com\/en\/wp-json\/wp\/v2\/pages"}],"about":[{"href":"https:\/\/segurosgam.com\/en\/wp-json\/wp\/v2\/types\/page"}],"author":[{"embeddable":true,"href":"https:\/\/segurosgam.com\/en\/wp-json\/wp\/v2\/users\/1"}],"replies":[{"embeddable":true,"href":"https:\/\/segurosgam.com\/en\/wp-json\/wp\/v2\/comments?post=189"}],"version-history":[{"count":33,"href":"https:\/\/segurosgam.com\/en\/wp-json\/wp\/v2\/pages\/189\/revisions"}],"predecessor-version":[{"id":1216,"href":"https:\/\/segurosgam.com\/en\/wp-json\/wp\/v2\/pages\/189\/revisions\/1216"}],"wp:featuredmedia":[{"embeddable":true,"href":"https:\/\/segurosgam.com\/en\/wp-json\/wp\/v2\/media\/184"}],"wp:attachment":[{"href":"https:\/\/segurosgam.com\/en\/wp-json\/wp\/v2\/media?parent=189"}],"curies":[{"name":"wp","href":"https:\/\/api.w.org\/{rel}","templated":true}]}}