{"id":129,"date":"2020-07-07T15:06:11","date_gmt":"2020-07-07T21:06:11","guid":{"rendered":"http:\/\/segurosgam.com\/?page_id=129"},"modified":"2026-02-04T18:48:22","modified_gmt":"2026-02-05T00:48:22","slug":"pagina-acerca-de-nosotros-2","status":"publish","type":"page","link":"https:\/\/segurosgam.com\/en\/pagina-acerca-de-nosotros-2\/","title":{"rendered":"ACERCA DE NOSOTROS"},"content":{"rendered":"<p>En <strong>GAM Asesores<\/strong> llevamos m\u00e1s de una d\u00e9cada acompa\u00f1ando a <strong>personas y empresas<\/strong> a crecer con seguridad y visi\u00f3n.<br><br>Desde 2012, nuestro <strong>equipo de expertos<\/strong> te respalda en tres pilares clave: <br><br>\u2705 Vivienda Vertical; <br>\u2705 Seguros para cada etapa de la vida, o de tu empresa y; <br>\u2705 Desarrollo Empresarial.<\/p>\n\n\n\n\n\n\n\n<h3>Con nosotros, no solo encuentras soluciones\u2026 encuentras aliados.<\/h3>\n\n\n\n\n\n\n\n<p>En <strong>GAM Asesores<\/strong> trabajamos de la mano con <strong>Vertical New Living Bienes Ra\u00edces<\/strong>, parte de la red de iViviendas, una firma con m\u00e1s de 25 a\u00f1os de experiencia en el mundo inmobiliario y <strong>especializada en Vivienda Vertical desde 2018<\/strong>.<br><br>Hoy estamos presentes en los <strong>destinos m\u00e1s atractivos<\/strong> de M\u00e9xico, colaborando con los desarrolladores m\u00e1s reconocidos del pa\u00eds para ofrecerte <strong>oportunidades \u00fanicas de inversi\u00f3n y estilo de vida.<\/strong><br><br><img decoding=\"async\" draggable=\"true\" role=\"img\" class=\"emoji lazyload\" data-src=\"https:\/\/s.w.org\/images\/core\/emoji\/16.0.1\/svg\/1f4a5.svg\" alt=\"\ud83d\udca5\" src=\"data:image\/svg+xml;base64,PHN2ZyB3aWR0aD0iMSIgaGVpZ2h0PSIxIiB4bWxucz0iaHR0cDovL3d3dy53My5vcmcvMjAwMC9zdmciPjwvc3ZnPg==\"> Chihuahua <img decoding=\"async\" draggable=\"true\" role=\"img\" class=\"emoji lazyload\" data-src=\"https:\/\/s.w.org\/images\/core\/emoji\/16.0.1\/svg\/1f4a5.svg\" alt=\"\ud83d\udca5\" src=\"data:image\/svg+xml;base64,PHN2ZyB3aWR0aD0iMSIgaGVpZ2h0PSIxIiB4bWxucz0iaHR0cDovL3d3dy53My5vcmcvMjAwMC9zdmciPjwvc3ZnPg==\"> Mazatl\u00e1n <img decoding=\"async\" draggable=\"true\" role=\"img\" class=\"emoji lazyload\" data-src=\"https:\/\/s.w.org\/images\/core\/emoji\/16.0.1\/svg\/1f4a5.svg\" alt=\"\ud83d\udca5\" src=\"data:image\/svg+xml;base64,PHN2ZyB3aWR0aD0iMSIgaGVpZ2h0PSIxIiB4bWxucz0iaHR0cDovL3d3dy53My5vcmcvMjAwMC9zdmciPjwvc3ZnPg==\"> Canc\u00fan <img decoding=\"async\" draggable=\"true\" role=\"img\" class=\"emoji lazyload\" data-src=\"https:\/\/s.w.org\/images\/core\/emoji\/16.0.1\/svg\/1f4a5.svg\" alt=\"\ud83d\udca5\" src=\"data:image\/svg+xml;base64,PHN2ZyB3aWR0aD0iMSIgaGVpZ2h0PSIxIiB4bWxucz0iaHR0cDovL3d3dy53My5vcmcvMjAwMC9zdmciPjwvc3ZnPg==\"> Playa del Carmen <img decoding=\"async\" draggable=\"true\" role=\"img\" class=\"emoji lazyload\" data-src=\"https:\/\/s.w.org\/images\/core\/emoji\/16.0.1\/svg\/1f4a5.svg\" alt=\"\ud83d\udca5\" src=\"data:image\/svg+xml;base64,PHN2ZyB3aWR0aD0iMSIgaGVpZ2h0PSIxIiB4bWxucz0iaHR0cDovL3d3dy53My5vcmcvMjAwMC9zdmciPjwvc3ZnPg==\"> Tul\u00fam <img decoding=\"async\" draggable=\"true\" role=\"img\" class=\"emoji lazyload\" data-src=\"https:\/\/s.w.org\/images\/core\/emoji\/16.0.1\/svg\/1f4a5.svg\" alt=\"\ud83d\udca5\" src=\"data:image\/svg+xml;base64,PHN2ZyB3aWR0aD0iMSIgaGVpZ2h0PSIxIiB4bWxucz0iaHR0cDovL3d3dy53My5vcmcvMjAwMC9zdmciPjwvc3ZnPg==\"> Mahahual <img decoding=\"async\" draggable=\"true\" role=\"img\" class=\"emoji lazyload\" data-src=\"https:\/\/s.w.org\/images\/core\/emoji\/16.0.1\/svg\/1f4a5.svg\" alt=\"\ud83d\udca5\" src=\"data:image\/svg+xml;base64,PHN2ZyB3aWR0aD0iMSIgaGVpZ2h0PSIxIiB4bWxucz0iaHR0cDovL3d3dy53My5vcmcvMjAwMC9zdmciPjwvc3ZnPg==\"> M\u00e9rida <img decoding=\"async\" draggable=\"true\" role=\"img\" class=\"emoji lazyload\" data-src=\"https:\/\/s.w.org\/images\/core\/emoji\/16.0.1\/svg\/1f4a5.svg\" alt=\"\ud83d\udca5\" src=\"data:image\/svg+xml;base64,PHN2ZyB3aWR0aD0iMSIgaGVpZ2h0PSIxIiB4bWxucz0iaHR0cDovL3d3dy53My5vcmcvMjAwMC9zdmciPjwvc3ZnPg==\"> Guadalajara <img decoding=\"async\" draggable=\"true\" role=\"img\" class=\"emoji lazyload\" data-src=\"https:\/\/s.w.org\/images\/core\/emoji\/16.0.1\/svg\/1f4a5.svg\" alt=\"\ud83d\udca5\" src=\"data:image\/svg+xml;base64,PHN2ZyB3aWR0aD0iMSIgaGVpZ2h0PSIxIiB4bWxucz0iaHR0cDovL3d3dy53My5vcmcvMjAwMC9zdmciPjwvc3ZnPg==\"> Ciudad de M\u00e9xico <img decoding=\"async\" draggable=\"true\" role=\"img\" class=\"emoji lazyload\" data-src=\"https:\/\/s.w.org\/images\/core\/emoji\/16.0.1\/svg\/1f4a5.svg\" alt=\"\ud83d\udca5\" src=\"data:image\/svg+xml;base64,PHN2ZyB3aWR0aD0iMSIgaGVpZ2h0PSIxIiB4bWxucz0iaHR0cDovL3d3dy53My5vcmcvMjAwMC9zdmciPjwvc3ZnPg==\"> Miami <img decoding=\"async\" draggable=\"true\" role=\"img\" class=\"emoji lazyload\" data-src=\"https:\/\/s.w.org\/images\/core\/emoji\/16.0.1\/svg\/1f4a5.svg\" alt=\"\ud83d\udca5\" src=\"data:image\/svg+xml;base64,PHN2ZyB3aWR0aD0iMSIgaGVpZ2h0PSIxIiB4bWxucz0iaHR0cDovL3d3dy53My5vcmcvMjAwMC9zdmciPjwvc3ZnPg==\"> Punta Cana<br><br>Todos nuestros proyectos est\u00e1n verificados y respaldados con su<strong> Carpeta Legal<\/strong>. <br><br>\u00bfQuieres revisarla? \u00a1<strong>P\u00eddela con toda confianza<\/strong> en el desarrollo que te interese!<br><br><br><br><\/p>\n\n\n\n\n\n<p>En <strong>GAM Asesores<\/strong> te respaldamos con <strong>el poder de 10 de las mejores aseguradoras<\/strong> del pa\u00eds, para ayudarte a <strong>elegir la soluci\u00f3n ideal<\/strong> que proteja lo que m\u00e1s valoras: tu familia, tu empresa y tu tranquilidad.<br><br>Como <strong>agente certificado<\/strong> por la COMISI\u00d3N NACIONAL DE SEGUROS Y FIANZAS, en\u00a0<strong>GAM Asesores\u00a0<\/strong>estamos comprometidos en ofrecerte un <strong>servicio cercano y de excelencia<\/strong>, para que dise\u00f1es tu plan de seguros a la medida y cuides tu patrimonio, sin importar lo que venga.<br><br>Contamos con seguros pensados <strong>para cada etapa de tu vida<\/strong>:<br><br><img decoding=\"async\" draggable=\"true\" role=\"img\" class=\"emoji lazyload\" data-src=\"https:\/\/s.w.org\/images\/core\/emoji\/16.0.1\/svg\/1f300.svg\" alt=\"\ud83c\udf00\" src=\"data:image\/svg+xml;base64,PHN2ZyB3aWR0aD0iMSIgaGVpZ2h0PSIxIiB4bWxucz0iaHR0cDovL3d3dy53My5vcmcvMjAwMC9zdmciPjwvc3ZnPg==\"> <strong>Vida:<\/strong> Prep\u00e1rate desde hoy para un retiro tranquilo y disfruta los frutos de tu esfuerzo.<br><img decoding=\"async\" draggable=\"true\" role=\"img\" class=\"emoji lazyload\" data-src=\"https:\/\/s.w.org\/images\/core\/emoji\/16.0.1\/svg\/1f300.svg\" alt=\"\ud83c\udf00\" src=\"data:image\/svg+xml;base64,PHN2ZyB3aWR0aD0iMSIgaGVpZ2h0PSIxIiB4bWxucz0iaHR0cDovL3d3dy53My5vcmcvMjAwMC9zdmciPjwvc3ZnPg==\"> <strong>Gastos M\u00e9dicos:<\/strong> Cuidar tu salud no deber\u00eda poner en riesgo tus finanzas.<br>\u00a1Aqu\u00ed protegemos ambas!<br><img decoding=\"async\" draggable=\"true\" role=\"img\" class=\"emoji lazyload\" data-src=\"https:\/\/s.w.org\/images\/core\/emoji\/16.0.1\/svg\/1f300.svg\" alt=\"\ud83c\udf00\" src=\"data:image\/svg+xml;base64,PHN2ZyB3aWR0aD0iMSIgaGVpZ2h0PSIxIiB4bWxucz0iaHR0cDovL3d3dy53My5vcmcvMjAwMC9zdmciPjwvc3ZnPg==\"> <strong>Autos y Da\u00f1os:<\/strong> Tu patrimonio merece estar bien protegido.<br><br>Ante cualquier imprevisto, aqu\u00ed <strong>estamos para respaldarte<\/strong>.<\/p>\n\n\n\n\n\n<p>En <strong>GAM Asesores<\/strong> impulsamos el crecimiento de tu empresa con el respaldo de un equipo de consultores profesionales con <strong>m\u00e1s de 12 a\u00f1os de experiencia<\/strong>.<br><br>Hemos trabajado de la mano con <strong>organizaciones del sector p\u00fablico y privado<\/strong>, ayud\u00e1ndoles a ser <strong>m\u00e1s eficientes, productivas y estrat\u00e9gicas en sus procesos<\/strong>.<br><br><img decoding=\"async\" draggable=\"true\" role=\"img\" class=\"emoji lazyload\" data-src=\"https:\/\/s.w.org\/images\/core\/emoji\/16.0.1\/svg\/1f50d.svg\" alt=\"\ud83d\udd0d\" src=\"data:image\/svg+xml;base64,PHN2ZyB3aWR0aD0iMSIgaGVpZ2h0PSIxIiB4bWxucz0iaHR0cDovL3d3dy53My5vcmcvMjAwMC9zdmciPjwvc3ZnPg==\"> Dise\u00f1o de Programas mediante la Metodolog\u00eda de Marco L\u00f3gico (Logical Framework Approach);\u00a0\u00a0<img decoding=\"async\" draggable=\"true\" role=\"img\" class=\"emoji lazyload\" data-src=\"https:\/\/s.w.org\/images\/core\/emoji\/16.0.1\/svg\/1f50d.svg\" alt=\"\ud83d\udd0d\" src=\"data:image\/svg+xml;base64,PHN2ZyB3aWR0aD0iMSIgaGVpZ2h0PSIxIiB4bWxucz0iaHR0cDovL3d3dy53My5vcmcvMjAwMC9zdmciPjwvc3ZnPg==\"> Evaluaci\u00f3n de Pol\u00edticas P\u00fablicas;\u00a0\u00a0<img decoding=\"async\" draggable=\"true\" role=\"img\" class=\"emoji lazyload\" data-src=\"https:\/\/s.w.org\/images\/core\/emoji\/16.0.1\/svg\/1f50d.svg\" alt=\"\ud83d\udd0d\" src=\"data:image\/svg+xml;base64,PHN2ZyB3aWR0aD0iMSIgaGVpZ2h0PSIxIiB4bWxucz0iaHR0cDovL3d3dy53My5vcmcvMjAwMC9zdmciPjwvc3ZnPg==\"> Dise\u00f1o de Planes de negocios;\u00a0\u00a0<img decoding=\"async\" draggable=\"true\" role=\"img\" class=\"emoji lazyload\" data-src=\"https:\/\/s.w.org\/images\/core\/emoji\/16.0.1\/svg\/1f50d.svg\" alt=\"\ud83d\udd0d\" src=\"data:image\/svg+xml;base64,PHN2ZyB3aWR0aD0iMSIgaGVpZ2h0PSIxIiB4bWxucz0iaHR0cDovL3d3dy53My5vcmcvMjAwMC9zdmciPjwvc3ZnPg==\"> An\u00e1lisis financieros y de factibilidad de proyectos.\u00a0\u00a0<img decoding=\"async\" draggable=\"true\" role=\"img\" class=\"emoji lazyload\" data-src=\"https:\/\/s.w.org\/images\/core\/emoji\/16.0.1\/svg\/1f50d.svg\" alt=\"\ud83d\udd0d\" src=\"data:image\/svg+xml;base64,PHN2ZyB3aWR0aD0iMSIgaGVpZ2h0PSIxIiB4bWxucz0iaHR0cDovL3d3dy53My5vcmcvMjAwMC9zdmciPjwvc3ZnPg==\"> Diagn\u00f3sticos empresariales y de aceleraci\u00f3n de empresas;\u00a0\u00a0<img decoding=\"async\" draggable=\"true\" role=\"img\" class=\"emoji lazyload\" data-src=\"https:\/\/s.w.org\/images\/core\/emoji\/16.0.1\/svg\/1f50d.svg\" alt=\"\ud83d\udd0d\" src=\"data:image\/svg+xml;base64,PHN2ZyB3aWR0aD0iMSIgaGVpZ2h0PSIxIiB4bWxucz0iaHR0cDovL3d3dy53My5vcmcvMjAwMC9zdmciPjwvc3ZnPg==\"> Capacitaci\u00f3n empresarial.<br><strong><br>\u00bfNuestro sello?<\/strong> Un servicio \u00e1gil, <strong>profesional<\/strong> y siempre con <strong>trato c\u00e1lido<\/strong>.<br><br><br><br><br><br><br><\/p>\n\n\n\n\n\n\n\n\n\n\n\n\n\n\n\n\n\n<p><\/p>","protected":false},"excerpt":{"rendered":"","protected":false},"author":1,"featured_media":188,"parent":0,"menu_order":0,"comment_status":"closed","ping_status":"closed","template":"page-templates\/template-fullwidth.php","meta":{"pagelayer_contact_templates":[],"_pagelayer_content":"","ngg_post_thumbnail":0,"footnotes":""},"class_list":["post-129","page","type-page","status-publish","has-post-thumbnail","hentry"],"yoast_head":"<!-- This site is optimized with the Yoast SEO plugin v27.1.1 - https:\/\/yoast.com\/product\/yoast-seo-wordpress\/ -->\n<title>ACERCA DE NOSOTROS | SEGUROS GAM<\/title>\n<meta name=\"description\" content=\"Asesoramiento profesional a personas y empresas en Seguros Competitivos y Vivienda Vertical. M\u00e1s de 15 a\u00f1os de experiencia en el ramo.\" \/>\n<meta name=\"robots\" content=\"index, follow, max-snippet:-1, max-image-preview:large, max-video-preview:-1\" \/>\n<link rel=\"canonical\" href=\"https:\/\/segurosgam.com\/en\/pagina-acerca-de-nosotros-2\/\" \/>\n<meta property=\"og:locale\" content=\"en_US\" \/>\n<meta property=\"og:type\" content=\"article\" \/>\n<meta property=\"og:title\" content=\"ACERCA DE NOSOTROS | SEGUROS GAM\" \/>\n<meta property=\"og:description\" content=\"Asesoramiento profesional a personas y empresas en Seguros Competitivos y Vivienda Vertical. M\u00e1s de 15 a\u00f1os de experiencia en el ramo.\" \/>\n<meta property=\"og:url\" content=\"https:\/\/segurosgam.com\/en\/pagina-acerca-de-nosotros-2\/\" \/>\n<meta property=\"og:site_name\" content=\"SEGUROS GAM\" \/>\n<meta property=\"article:modified_time\" content=\"2026-02-05T00:48:22+00:00\" \/>\n<meta property=\"og:image\" content=\"https:\/\/segurosgam.com\/wp-content\/uploads\/2020\/07\/logo-gera-3.jpg\" \/>\n\t<meta property=\"og:image:width\" content=\"205\" \/>\n\t<meta property=\"og:image:height\" content=\"154\" \/>\n\t<meta property=\"og:image:type\" content=\"image\/jpeg\" \/>\n<meta name=\"twitter:card\" content=\"summary_large_image\" \/>\n<meta name=\"twitter:label1\" content=\"Est. reading time\" \/>\n\t<meta name=\"twitter:data1\" content=\"7 minutes\" \/>\n<script type=\"application\/ld+json\" class=\"yoast-schema-graph\">{\"@context\":\"https:\/\/schema.org\",\"@graph\":[{\"@type\":\"WebPage\",\"@id\":\"https:\/\/segurosgam.com\/pagina-acerca-de-nosotros-2\/\",\"url\":\"https:\/\/segurosgam.com\/pagina-acerca-de-nosotros-2\/\",\"name\":\"ACERCA DE NOSOTROS | SEGUROS GAM\",\"isPartOf\":{\"@id\":\"http:\/\/segurosgam.com\/#website\"},\"primaryImageOfPage\":{\"@id\":\"https:\/\/segurosgam.com\/pagina-acerca-de-nosotros-2\/#primaryimage\"},\"image\":{\"@id\":\"https:\/\/segurosgam.com\/pagina-acerca-de-nosotros-2\/#primaryimage\"},\"thumbnailUrl\":\"https:\/\/segurosgam.com\/wp-content\/uploads\/2020\/07\/logo-gera-3.jpg\",\"datePublished\":\"2020-07-07T21:06:11+00:00\",\"dateModified\":\"2026-02-05T00:48:22+00:00\",\"description\":\"Asesoramiento profesional a personas y empresas en Seguros Competitivos y Vivienda Vertical. M\u00e1s de 15 a\u00f1os de experiencia en el ramo.\",\"breadcrumb\":{\"@id\":\"https:\/\/segurosgam.com\/pagina-acerca-de-nosotros-2\/#breadcrumb\"},\"inLanguage\":\"en-US\",\"potentialAction\":[{\"@type\":\"ReadAction\",\"target\":[\"https:\/\/segurosgam.com\/pagina-acerca-de-nosotros-2\/\"]}]},{\"@type\":\"ImageObject\",\"inLanguage\":\"en-US\",\"@id\":\"https:\/\/segurosgam.com\/pagina-acerca-de-nosotros-2\/#primaryimage\",\"url\":\"https:\/\/segurosgam.com\/wp-content\/uploads\/2020\/07\/logo-gera-3.jpg\",\"contentUrl\":\"https:\/\/segurosgam.com\/wp-content\/uploads\/2020\/07\/logo-gera-3.jpg\",\"width\":205,\"height\":154,\"caption\":\"GAM ASESORES\"},{\"@type\":\"BreadcrumbList\",\"@id\":\"https:\/\/segurosgam.com\/pagina-acerca-de-nosotros-2\/#breadcrumb\",\"itemListElement\":[{\"@type\":\"ListItem\",\"position\":1,\"name\":\"Portada\",\"item\":\"http:\/\/segurosgam.com\/\"},{\"@type\":\"ListItem\",\"position\":2,\"name\":\"ACERCA DE NOSOTROS\"}]},{\"@type\":\"WebSite\",\"@id\":\"http:\/\/segurosgam.com\/#website\",\"url\":\"http:\/\/segurosgam.com\/\",\"name\":\"SEGUROS GAM\",\"description\":\"SEGUROS A TU MEDIDA\",\"publisher\":{\"@id\":\"http:\/\/segurosgam.com\/#organization\"},\"potentialAction\":[{\"@type\":\"SearchAction\",\"target\":{\"@type\":\"EntryPoint\",\"urlTemplate\":\"http:\/\/segurosgam.com\/?s={search_term_string}\"},\"query-input\":{\"@type\":\"PropertyValueSpecification\",\"valueRequired\":true,\"valueName\":\"search_term_string\"}}],\"inLanguage\":\"en-US\"},{\"@type\":\"Organization\",\"@id\":\"http:\/\/segurosgam.com\/#organization\",\"name\":\"GAM ASESORES\",\"url\":\"http:\/\/segurosgam.com\/\",\"logo\":{\"@type\":\"ImageObject\",\"inLanguage\":\"en-US\",\"@id\":\"http:\/\/segurosgam.com\/#\/schema\/logo\/image\/\",\"url\":\"https:\/\/segurosgam.com\/wp-content\/uploads\/2020\/07\/logo-gera-3.jpg\",\"contentUrl\":\"https:\/\/segurosgam.com\/wp-content\/uploads\/2020\/07\/logo-gera-3.jpg\",\"width\":205,\"height\":154,\"caption\":\"GAM ASESORES\"},\"image\":{\"@id\":\"http:\/\/segurosgam.com\/#\/schema\/logo\/image\/\"}}]}<\/script>\n<!-- \/ Yoast SEO plugin. -->","yoast_head_json":{"title":"ACERCA DE NOSOTROS | SEGUROS GAM","description":"Asesoramiento profesional a personas y empresas en Seguros Competitivos y Vivienda Vertical. M\u00e1s de 15 a\u00f1os de experiencia en el ramo.","robots":{"index":"index","follow":"follow","max-snippet":"max-snippet:-1","max-image-preview":"max-image-preview:large","max-video-preview":"max-video-preview:-1"},"canonical":"https:\/\/segurosgam.com\/en\/pagina-acerca-de-nosotros-2\/","og_locale":"en_US","og_type":"article","og_title":"ACERCA DE NOSOTROS | SEGUROS GAM","og_description":"Asesoramiento profesional a personas y empresas en Seguros Competitivos y Vivienda Vertical. M\u00e1s de 15 a\u00f1os de experiencia en el ramo.","og_url":"https:\/\/segurosgam.com\/en\/pagina-acerca-de-nosotros-2\/","og_site_name":"SEGUROS GAM","article_modified_time":"2026-02-05T00:48:22+00:00","og_image":[{"width":205,"height":154,"url":"https:\/\/segurosgam.com\/wp-content\/uploads\/2020\/07\/logo-gera-3.jpg","type":"image\/jpeg"}],"twitter_card":"summary_large_image","twitter_misc":{"Est. reading time":"7 minutes"},"schema":{"@context":"https:\/\/schema.org","@graph":[{"@type":"WebPage","@id":"https:\/\/segurosgam.com\/pagina-acerca-de-nosotros-2\/","url":"https:\/\/segurosgam.com\/pagina-acerca-de-nosotros-2\/","name":"ACERCA DE NOSOTROS | SEGUROS GAM","isPartOf":{"@id":"http:\/\/segurosgam.com\/#website"},"primaryImageOfPage":{"@id":"https:\/\/segurosgam.com\/pagina-acerca-de-nosotros-2\/#primaryimage"},"image":{"@id":"https:\/\/segurosgam.com\/pagina-acerca-de-nosotros-2\/#primaryimage"},"thumbnailUrl":"https:\/\/segurosgam.com\/wp-content\/uploads\/2020\/07\/logo-gera-3.jpg","datePublished":"2020-07-07T21:06:11+00:00","dateModified":"2026-02-05T00:48:22+00:00","description":"Asesoramiento profesional a personas y empresas en Seguros Competitivos y Vivienda Vertical. M\u00e1s de 15 a\u00f1os de experiencia en el ramo.","breadcrumb":{"@id":"https:\/\/segurosgam.com\/pagina-acerca-de-nosotros-2\/#breadcrumb"},"inLanguage":"en-US","potentialAction":[{"@type":"ReadAction","target":["https:\/\/segurosgam.com\/pagina-acerca-de-nosotros-2\/"]}]},{"@type":"ImageObject","inLanguage":"en-US","@id":"https:\/\/segurosgam.com\/pagina-acerca-de-nosotros-2\/#primaryimage","url":"https:\/\/segurosgam.com\/wp-content\/uploads\/2020\/07\/logo-gera-3.jpg","contentUrl":"https:\/\/segurosgam.com\/wp-content\/uploads\/2020\/07\/logo-gera-3.jpg","width":205,"height":154,"caption":"GAM ASESORES"},{"@type":"BreadcrumbList","@id":"https:\/\/segurosgam.com\/pagina-acerca-de-nosotros-2\/#breadcrumb","itemListElement":[{"@type":"ListItem","position":1,"name":"Portada","item":"http:\/\/segurosgam.com\/"},{"@type":"ListItem","position":2,"name":"ACERCA DE NOSOTROS"}]},{"@type":"WebSite","@id":"http:\/\/segurosgam.com\/#website","url":"http:\/\/segurosgam.com\/","name":"GAM INSURANCES","description":"SEGUROS A TU MEDIDA","publisher":{"@id":"http:\/\/segurosgam.com\/#organization"},"potentialAction":[{"@type":"SearchAction","target":{"@type":"EntryPoint","urlTemplate":"http:\/\/segurosgam.com\/?s={search_term_string}"},"query-input":{"@type":"PropertyValueSpecification","valueRequired":true,"valueName":"search_term_string"}}],"inLanguage":"en-US"},{"@type":"Organization","@id":"http:\/\/segurosgam.com\/#organization","name":"GAM ASESORES","url":"http:\/\/segurosgam.com\/","logo":{"@type":"ImageObject","inLanguage":"en-US","@id":"http:\/\/segurosgam.com\/#\/schema\/logo\/image\/","url":"https:\/\/segurosgam.com\/wp-content\/uploads\/2020\/07\/logo-gera-3.jpg","contentUrl":"https:\/\/segurosgam.com\/wp-content\/uploads\/2020\/07\/logo-gera-3.jpg","width":205,"height":154,"caption":"GAM ASESORES"},"image":{"@id":"http:\/\/segurosgam.com\/#\/schema\/logo\/image\/"}}]}},"_links":{"self":[{"href":"https:\/\/segurosgam.com\/en\/wp-json\/wp\/v2\/pages\/129","targetHints":{"allow":["GET"]}}],"collection":[{"href":"https:\/\/segurosgam.com\/en\/wp-json\/wp\/v2\/pages"}],"about":[{"href":"https:\/\/segurosgam.com\/en\/wp-json\/wp\/v2\/types\/page"}],"author":[{"embeddable":true,"href":"https:\/\/segurosgam.com\/en\/wp-json\/wp\/v2\/users\/1"}],"replies":[{"embeddable":true,"href":"https:\/\/segurosgam.com\/en\/wp-json\/wp\/v2\/comments?post=129"}],"version-history":[{"count":20,"href":"https:\/\/segurosgam.com\/en\/wp-json\/wp\/v2\/pages\/129\/revisions"}],"predecessor-version":[{"id":1196,"href":"https:\/\/segurosgam.com\/en\/wp-json\/wp\/v2\/pages\/129\/revisions\/1196"}],"wp:featuredmedia":[{"embeddable":true,"href":"https:\/\/segurosgam.com\/en\/wp-json\/wp\/v2\/media\/188"}],"wp:attachment":[{"href":"https:\/\/segurosgam.com\/en\/wp-json\/wp\/v2\/media?parent=129"}],"curies":[{"name":"wp","href":"https:\/\/api.w.org\/{rel}","templated":true}]}}