{"id":1111,"date":"2025-07-22T23:45:07","date_gmt":"2025-07-23T05:45:07","guid":{"rendered":"https:\/\/segurosgam.com\/?page_id=1111"},"modified":"2026-02-04T19:25:00","modified_gmt":"2026-02-05T01:25:00","slug":"vivienda-propia-de-entrega-inmediata","status":"publish","type":"page","link":"https:\/\/segurosgam.com\/en\/vivienda-propia-de-entrega-inmediata\/","title":{"rendered":"VIVIENDA PROPIA DE ENTREGA INMEDIATA"},"content":{"rendered":"<h2>\u00a1\u00a1TOMAR DECISIONES QUE TE ACERCAN A TU FUTURO IDEAL NO ES F\u00c1CIL!!\u2026 <br>NO OBSTANTE, HOY TIENES UNA GRAN OPORTUNIDAD<\/h2>\n\n\n\n\n\n\n\n\n\n\n\n<p>Lorem Ipsum has been the industry&#8217;s standard dummy text ever since the 1500s.<\/p>\n\n\n\n\n\n\n\n<p>Tienes <strong>dos esquemas<\/strong> para hacerlo realidad:<br><br><br><img decoding=\"async\" draggable=\"true\" role=\"img\" class=\"emoji lazyload\" data-src=\"https:\/\/s.w.org\/images\/core\/emoji\/16.0.1\/svg\/2705.svg\" alt=\"\u2705\" src=\"data:image\/svg+xml;base64,PHN2ZyB3aWR0aD0iMSIgaGVpZ2h0PSIxIiB4bWxucz0iaHR0cDovL3d3dy53My5vcmcvMjAwMC9zdmciPjwvc3ZnPg==\"> <strong>Recurso Propio:<\/strong> Compra directa y acceso inmediato. Ideal si tienes liquidez o vas a vender otro bien.<br><br><br><img decoding=\"async\" draggable=\"true\" role=\"img\" class=\"emoji lazyload\" data-src=\"https:\/\/s.w.org\/images\/core\/emoji\/16.0.1\/svg\/2705.svg\" alt=\"\u2705\" src=\"data:image\/svg+xml;base64,PHN2ZyB3aWR0aD0iMSIgaGVpZ2h0PSIxIiB4bWxucz0iaHR0cDovL3d3dy53My5vcmcvMjAwMC9zdmciPjwvc3ZnPg==\"> <strong>Cr\u00e9dito Hipotecario:<\/strong> Aprovecha el apalancamiento financiero para obtener un departamento de alto nivel y en una zona estrat\u00e9gica.<\/p>\n\n\n\n\n\n\n\n<p>Lorem Ipsum has been the industry&#8217;s standard dummy text ever since the 1500s.<\/p>\n\n\n\n\n\n\n\n<h3>\u00a1\u00a1PREP\u00c1RATE PARA LO MEJOR\u2026!!<\/h3>\n\n\n\n\n\n\n\n<p>Desde el primer momento:<br>\n\n<br>Empieza a disfrutar de vivir en una <strong>ubicaci\u00f3n privilegiada<\/strong>, en las mejores zonas, con <strong>Alta Plusval\u00eda<\/strong>.<br>\n\n<br>Desde ya&nbsp;<strong>relajarte y divertirte<\/strong> con las <strong>mejores amenidades<\/strong>\u2026 Gimnasio, Fire Pit, Roof Garden, \u00c1rea de estar, Co Working, etc.<\/p><p>\n\n<br>Cercano a las <strong>principales zonas de inter\u00e9s<\/strong>: diversi\u00f3n, trabajo, estudio, salud, etc.\n<\/p>\n\n\n\n\n\n\n\n<p>Lorem Ipsum has been the industry&#8217;s standard dummy text ever since the 1500s.<\/p>\n\n\n\n\n\n\n\n<h3>\u00a1TU PR\u00d3XIMA INVERSI\u00d3N EST\u00c1 M\u00c1S CERCA DE LO QUE CREES!\u2026<\/h3>\n\n\n\n\n\n\n\n<p>Te mostraremos <strong>opciones exclusivas<\/strong> sobre departamentos seg\u00fan tu presupuesto, <strong>zona preferida y objetivos de inversi\u00f3n<\/strong>.<\/p>\n\n\n\n\n\n\n\n\n\n\n\n\n\n<h3>\u00bfNecesitas asesor\u00eda para tu cr\u00e9dito?<br> Tenemos la respuesta. F\u00e1cil, claro y a tu medida.<\/h3>\n\n\n\n\n\n\n\n<p>Lorem Ipsum has been the industry&#8217;s standard dummy text ever since the 1500s.<\/p>\n\n\n\n\n\n\n\n<h3>Invertir no tiene que doler. <br>Por eso tenemos planes que s\u00ed encajan contigo.<br><\/h3>\n\n\n\n\n\n\n\n<p>\u00a1\u00a1Tenemos la <strong>soluci\u00f3n perfecta<\/strong> de financiamiento para que empieces a disfrutar de <strong>tu nuevo depa<\/strong> de inmediato!!<\/p>\n\n\n\n\n\n\n\n<h2>Cont\u00e1ctanos y te explicamos c\u00f3mo.<\/h2>\n\n\n\n\n\n\n\n\n<div class=\"wpcf7 no-js\" id=\"wpcf7-f1117-o1\" lang=\"es-ES\" dir=\"ltr\" data-wpcf7-id=\"1117\">\n<div class=\"screen-reader-response\"><p role=\"status\" aria-live=\"polite\" aria-atomic=\"true\"><\/p> <ul><\/ul><\/div>\n<form action=\"\/en\/wp-json\/wp\/v2\/pages\/1111#wpcf7-f1117-o1\" method=\"post\" class=\"wpcf7-form init\" aria-label=\"Formulario de contacto\" novalidate=\"novalidate\" data-status=\"init\" data-trp-original-action=\"\/en\/wp-json\/wp\/v2\/pages\/1111#wpcf7-f1117-o1\">\n<fieldset class=\"hidden-fields-container\"><input type=\"hidden\" name=\"_wpcf7\" value=\"1117\" \/><input type=\"hidden\" name=\"_wpcf7_version\" value=\"6.1.5\" \/><input type=\"hidden\" name=\"_wpcf7_locale\" value=\"es_ES\" \/><input type=\"hidden\" name=\"_wpcf7_unit_tag\" value=\"wpcf7-f1117-o1\" \/><input type=\"hidden\" name=\"_wpcf7_container_post\" value=\"0\" \/><input type=\"hidden\" name=\"_wpcf7_posted_data_hash\" value=\"\" \/>\n<\/fieldset>\n<p><label> Nombre (obligatorio)<br \/>\n<span class=\"wpcf7-form-control-wrap\" data-name=\"your-name\"><input size=\"40\" maxlength=\"400\" class=\"wpcf7-form-control wpcf7-text wpcf7-validates-as-required\" aria-required=\"true\" aria-invalid=\"false\" value=\"\" type=\"text\" name=\"your-name\" \/><\/span> <\/label>\n<\/p>\n<p><label> Correo electr\u00f3nico (obligatorio)<br \/>\n<span class=\"wpcf7-form-control-wrap\" data-name=\"your-email\"><input size=\"40\" maxlength=\"400\" class=\"wpcf7-form-control wpcf7-email wpcf7-validates-as-required wpcf7-text wpcf7-validates-as-email\" aria-required=\"true\" aria-invalid=\"false\" value=\"\" type=\"email\" name=\"your-email\" \/><\/span> <\/label>\n<\/p>\n<p><label> mensaje (Opcional)<br \/>\n<span class=\"wpcf7-form-control-wrap\" data-name=\"your-message\"><textarea cols=\"40\" rows=\"10\" maxlength=\"2000\" class=\"wpcf7-form-control wpcf7-textarea\" aria-invalid=\"false\" name=\"your-message\"><\/textarea><\/span> <\/label>\n<\/p>\n<p><label> WhatsApp (Obligatorio)<br \/>\n<span class=\"wpcf7-form-control-wrap\" data-name=\"tlf-cod\"><input size=\"40\" class=\"wpcf7-form-control wpcf7-phonetext wpcf7-validates-as-required wpcf7-text wpcf7-validates-as-phonetext\" data-numberonly=\"true\" aria-required=\"true\" aria-invalid=\"false\" value=\"\" type=\"text\" name=\"tlf-cod\" \/><input type=\"hidden\" name=\"tlf-cod-country-code\" class=\"wpcf7-phonetext-country-code\" \/><\/span> <\/label>\n<\/p>\n<p><label> ENGANCHE DISPONIBLE:<br \/>\n<span class=\"wpcf7-form-control-wrap\" data-name=\"radio-642\"><span class=\"wpcf7-form-control wpcf7-radio ENGANCHE DISPONIBLE\"><span class=\"wpcf7-list-item first\"><label><input type=\"radio\" name=\"radio-642\" value=\"ENTRE 0.3 Y 1.0 MDP\" \/><span class=\"wpcf7-list-item-label\">ENTRE 0.3 Y 1.0 MDP<\/span><\/label><\/span><span class=\"wpcf7-list-item\"><label><input type=\"radio\" name=\"radio-642\" value=\"ENTRE 1.0 Y 2.0 MDP\" \/><span class=\"wpcf7-list-item-label\">ENTRE 1.0 Y 2.0 MDP<\/span><\/label><\/span><span class=\"wpcf7-list-item last\"><label><input type=\"radio\" name=\"radio-642\" value=\"MAYOR A 2 MDP\" \/><span class=\"wpcf7-list-item-label\">MAYOR A 2 MDP<\/span><\/label><\/span><\/span><\/span><br \/>\n<input class=\"wpcf7-form-control wpcf7-submit has-spinner\" type=\"submit\" value=\"ENVIAR\" \/><\/label>\n<\/p><p style=\"display: none !important;\" class=\"akismet-fields-container\" data-prefix=\"_wpcf7_ak_\"><label>&#916;<textarea name=\"_wpcf7_ak_hp_textarea\" cols=\"45\" rows=\"8\" maxlength=\"100\"><\/textarea><\/label><input type=\"hidden\" id=\"ak_js_1\" name=\"_wpcf7_ak_js\" value=\"15\"\/><script>document.getElementById( \"ak_js_1\" ).setAttribute( \"value\", ( new Date() ).getTime() );<\/script><\/p><div class=\"wpcf7-response-output\" aria-hidden=\"true\"><\/div>\n<input type=\"hidden\" name=\"trp-form-language\" value=\"en\"\/><\/form>\n<\/div>\n\n\n\n\n\n\n\n\n<h2>\u00bfNo deseas esperar?&#8230; Te respondemos en menos de 10 mins.<\/h2>\n\n\n\n\n\n\n\n\n\n\n\n<p>Lorem Ipsum has been the industry&#8217;s standard dummy text ever since the 1500s.<\/p>","protected":false},"excerpt":{"rendered":"","protected":false},"author":1,"featured_media":825,"parent":0,"menu_order":0,"comment_status":"closed","ping_status":"closed","template":"","meta":{"pagelayer_contact_templates":[],"_pagelayer_content":"","ngg_post_thumbnail":0,"footnotes":""},"class_list":["post-1111","page","type-page","status-publish","has-post-thumbnail","hentry"],"yoast_head":"<!-- This site is optimized with the Yoast SEO plugin v27.1.1 - https:\/\/yoast.com\/product\/yoast-seo-wordpress\/ -->\n<title>VIVIENDA PROPIA DE ENTREGA INMEDIATA | SEGUROS GAM<\/title>\n<meta name=\"description\" content=\"Asesoramiento profesional en Vivienda Vertical como inversi\u00f3n y capitalizaci\u00f3n. Tenemos m\u00e1s de 15 a\u00f1os de experiencia en el ramo.\" \/>\n<meta name=\"robots\" content=\"index, follow, max-snippet:-1, max-image-preview:large, max-video-preview:-1\" \/>\n<link rel=\"canonical\" href=\"http:\/\/segurosgam.com\/en\/vivienda-propia-de-entrega-inmediata\/\" \/>\n<meta property=\"og:locale\" content=\"en_US\" \/>\n<meta property=\"og:type\" content=\"article\" \/>\n<meta property=\"og:title\" content=\"VIVIENDA PROPIA DE ENTREGA INMEDIATA | SEGUROS GAM\" \/>\n<meta property=\"og:description\" content=\"Asesoramiento profesional en Vivienda Vertical como inversi\u00f3n y capitalizaci\u00f3n. Tenemos m\u00e1s de 15 a\u00f1os de experiencia en el ramo.\" \/>\n<meta property=\"og:url\" content=\"http:\/\/segurosgam.com\/en\/vivienda-propia-de-entrega-inmediata\/\" \/>\n<meta property=\"og:site_name\" content=\"SEGUROS GAM\" \/>\n<meta property=\"article:modified_time\" content=\"2026-02-05T01:25:00+00:00\" \/>\n<meta property=\"og:image\" content=\"http:\/\/segurosgam.com\/wp-content\/uploads\/2025\/07\/face-fan-page.jpg\" \/>\n\t<meta property=\"og:image:width\" content=\"851\" \/>\n\t<meta property=\"og:image:height\" content=\"315\" \/>\n\t<meta property=\"og:image:type\" content=\"image\/jpeg\" \/>\n<meta name=\"twitter:card\" content=\"summary_large_image\" \/>\n<meta name=\"twitter:label1\" content=\"Est. reading time\" \/>\n\t<meta name=\"twitter:data1\" content=\"2 minutes\" \/>\n<script type=\"application\/ld+json\" class=\"yoast-schema-graph\">{\"@context\":\"https:\/\/schema.org\",\"@graph\":[{\"@type\":\"WebPage\",\"@id\":\"http:\/\/segurosgam.com\/vivienda-propia-de-entrega-inmediata\/\",\"url\":\"http:\/\/segurosgam.com\/vivienda-propia-de-entrega-inmediata\/\",\"name\":\"VIVIENDA PROPIA DE ENTREGA INMEDIATA | SEGUROS GAM\",\"isPartOf\":{\"@id\":\"http:\/\/segurosgam.com\/#website\"},\"primaryImageOfPage\":{\"@id\":\"http:\/\/segurosgam.com\/vivienda-propia-de-entrega-inmediata\/#primaryimage\"},\"image\":{\"@id\":\"http:\/\/segurosgam.com\/vivienda-propia-de-entrega-inmediata\/#primaryimage\"},\"thumbnailUrl\":\"https:\/\/segurosgam.com\/wp-content\/uploads\/2025\/07\/face-fan-page.jpg\",\"datePublished\":\"2025-07-23T05:45:07+00:00\",\"dateModified\":\"2026-02-05T01:25:00+00:00\",\"description\":\"Asesoramiento profesional en Vivienda Vertical como inversi\u00f3n y capitalizaci\u00f3n. Tenemos m\u00e1s de 15 a\u00f1os de experiencia en el ramo.\",\"breadcrumb\":{\"@id\":\"http:\/\/segurosgam.com\/vivienda-propia-de-entrega-inmediata\/#breadcrumb\"},\"inLanguage\":\"en-US\",\"potentialAction\":[{\"@type\":\"ReadAction\",\"target\":[\"http:\/\/segurosgam.com\/vivienda-propia-de-entrega-inmediata\/\"]}]},{\"@type\":\"ImageObject\",\"inLanguage\":\"en-US\",\"@id\":\"http:\/\/segurosgam.com\/vivienda-propia-de-entrega-inmediata\/#primaryimage\",\"url\":\"https:\/\/segurosgam.com\/wp-content\/uploads\/2025\/07\/face-fan-page.jpg\",\"contentUrl\":\"https:\/\/segurosgam.com\/wp-content\/uploads\/2025\/07\/face-fan-page.jpg\",\"width\":851,\"height\":315},{\"@type\":\"BreadcrumbList\",\"@id\":\"http:\/\/segurosgam.com\/vivienda-propia-de-entrega-inmediata\/#breadcrumb\",\"itemListElement\":[{\"@type\":\"ListItem\",\"position\":1,\"name\":\"Portada\",\"item\":\"http:\/\/segurosgam.com\/\"},{\"@type\":\"ListItem\",\"position\":2,\"name\":\"VIVIENDA PROPIA DE ENTREGA INMEDIATA\"}]},{\"@type\":\"WebSite\",\"@id\":\"http:\/\/segurosgam.com\/#website\",\"url\":\"http:\/\/segurosgam.com\/\",\"name\":\"SEGUROS GAM\",\"description\":\"SEGUROS A TU MEDIDA\",\"publisher\":{\"@id\":\"http:\/\/segurosgam.com\/#organization\"},\"potentialAction\":[{\"@type\":\"SearchAction\",\"target\":{\"@type\":\"EntryPoint\",\"urlTemplate\":\"http:\/\/segurosgam.com\/?s={search_term_string}\"},\"query-input\":{\"@type\":\"PropertyValueSpecification\",\"valueRequired\":true,\"valueName\":\"search_term_string\"}}],\"inLanguage\":\"en-US\"},{\"@type\":\"Organization\",\"@id\":\"http:\/\/segurosgam.com\/#organization\",\"name\":\"GAM ASESORES\",\"url\":\"http:\/\/segurosgam.com\/\",\"logo\":{\"@type\":\"ImageObject\",\"inLanguage\":\"en-US\",\"@id\":\"http:\/\/segurosgam.com\/#\/schema\/logo\/image\/\",\"url\":\"https:\/\/segurosgam.com\/wp-content\/uploads\/2020\/07\/logo-gera-3.jpg\",\"contentUrl\":\"https:\/\/segurosgam.com\/wp-content\/uploads\/2020\/07\/logo-gera-3.jpg\",\"width\":205,\"height\":154,\"caption\":\"GAM ASESORES\"},\"image\":{\"@id\":\"http:\/\/segurosgam.com\/#\/schema\/logo\/image\/\"}}]}<\/script>\n<!-- \/ Yoast SEO plugin. -->","yoast_head_json":{"title":"VIVIENDA PROPIA DE ENTREGA INMEDIATA | SEGUROS GAM","description":"Asesoramiento profesional en Vivienda Vertical como inversi\u00f3n y capitalizaci\u00f3n. Tenemos m\u00e1s de 15 a\u00f1os de experiencia en el ramo.","robots":{"index":"index","follow":"follow","max-snippet":"max-snippet:-1","max-image-preview":"max-image-preview:large","max-video-preview":"max-video-preview:-1"},"canonical":"http:\/\/segurosgam.com\/en\/vivienda-propia-de-entrega-inmediata\/","og_locale":"en_US","og_type":"article","og_title":"VIVIENDA PROPIA DE ENTREGA INMEDIATA | SEGUROS GAM","og_description":"Asesoramiento profesional en Vivienda Vertical como inversi\u00f3n y capitalizaci\u00f3n. Tenemos m\u00e1s de 15 a\u00f1os de experiencia en el ramo.","og_url":"http:\/\/segurosgam.com\/en\/vivienda-propia-de-entrega-inmediata\/","og_site_name":"SEGUROS GAM","article_modified_time":"2026-02-05T01:25:00+00:00","og_image":[{"width":851,"height":315,"url":"http:\/\/segurosgam.com\/wp-content\/uploads\/2025\/07\/face-fan-page.jpg","type":"image\/jpeg"}],"twitter_card":"summary_large_image","twitter_misc":{"Est. reading time":"2 minutes"},"schema":{"@context":"https:\/\/schema.org","@graph":[{"@type":"WebPage","@id":"http:\/\/segurosgam.com\/vivienda-propia-de-entrega-inmediata\/","url":"http:\/\/segurosgam.com\/vivienda-propia-de-entrega-inmediata\/","name":"VIVIENDA PROPIA DE ENTREGA INMEDIATA | SEGUROS GAM","isPartOf":{"@id":"http:\/\/segurosgam.com\/#website"},"primaryImageOfPage":{"@id":"http:\/\/segurosgam.com\/vivienda-propia-de-entrega-inmediata\/#primaryimage"},"image":{"@id":"http:\/\/segurosgam.com\/vivienda-propia-de-entrega-inmediata\/#primaryimage"},"thumbnailUrl":"https:\/\/segurosgam.com\/wp-content\/uploads\/2025\/07\/face-fan-page.jpg","datePublished":"2025-07-23T05:45:07+00:00","dateModified":"2026-02-05T01:25:00+00:00","description":"Asesoramiento profesional en Vivienda Vertical como inversi\u00f3n y capitalizaci\u00f3n. Tenemos m\u00e1s de 15 a\u00f1os de experiencia en el ramo.","breadcrumb":{"@id":"http:\/\/segurosgam.com\/vivienda-propia-de-entrega-inmediata\/#breadcrumb"},"inLanguage":"en-US","potentialAction":[{"@type":"ReadAction","target":["http:\/\/segurosgam.com\/vivienda-propia-de-entrega-inmediata\/"]}]},{"@type":"ImageObject","inLanguage":"en-US","@id":"http:\/\/segurosgam.com\/vivienda-propia-de-entrega-inmediata\/#primaryimage","url":"https:\/\/segurosgam.com\/wp-content\/uploads\/2025\/07\/face-fan-page.jpg","contentUrl":"https:\/\/segurosgam.com\/wp-content\/uploads\/2025\/07\/face-fan-page.jpg","width":851,"height":315},{"@type":"BreadcrumbList","@id":"http:\/\/segurosgam.com\/vivienda-propia-de-entrega-inmediata\/#breadcrumb","itemListElement":[{"@type":"ListItem","position":1,"name":"Portada","item":"http:\/\/segurosgam.com\/"},{"@type":"ListItem","position":2,"name":"VIVIENDA PROPIA DE ENTREGA INMEDIATA"}]},{"@type":"WebSite","@id":"http:\/\/segurosgam.com\/#website","url":"http:\/\/segurosgam.com\/","name":"GAM INSURANCES","description":"SEGUROS A TU MEDIDA","publisher":{"@id":"http:\/\/segurosgam.com\/#organization"},"potentialAction":[{"@type":"SearchAction","target":{"@type":"EntryPoint","urlTemplate":"http:\/\/segurosgam.com\/?s={search_term_string}"},"query-input":{"@type":"PropertyValueSpecification","valueRequired":true,"valueName":"search_term_string"}}],"inLanguage":"en-US"},{"@type":"Organization","@id":"http:\/\/segurosgam.com\/#organization","name":"GAM ASESORES","url":"http:\/\/segurosgam.com\/","logo":{"@type":"ImageObject","inLanguage":"en-US","@id":"http:\/\/segurosgam.com\/#\/schema\/logo\/image\/","url":"https:\/\/segurosgam.com\/wp-content\/uploads\/2020\/07\/logo-gera-3.jpg","contentUrl":"https:\/\/segurosgam.com\/wp-content\/uploads\/2020\/07\/logo-gera-3.jpg","width":205,"height":154,"caption":"GAM ASESORES"},"image":{"@id":"http:\/\/segurosgam.com\/#\/schema\/logo\/image\/"}}]}},"_links":{"self":[{"href":"https:\/\/segurosgam.com\/en\/wp-json\/wp\/v2\/pages\/1111","targetHints":{"allow":["GET"]}}],"collection":[{"href":"https:\/\/segurosgam.com\/en\/wp-json\/wp\/v2\/pages"}],"about":[{"href":"https:\/\/segurosgam.com\/en\/wp-json\/wp\/v2\/types\/page"}],"author":[{"embeddable":true,"href":"https:\/\/segurosgam.com\/en\/wp-json\/wp\/v2\/users\/1"}],"replies":[{"embeddable":true,"href":"https:\/\/segurosgam.com\/en\/wp-json\/wp\/v2\/comments?post=1111"}],"version-history":[{"count":7,"href":"https:\/\/segurosgam.com\/en\/wp-json\/wp\/v2\/pages\/1111\/revisions"}],"predecessor-version":[{"id":1178,"href":"https:\/\/segurosgam.com\/en\/wp-json\/wp\/v2\/pages\/1111\/revisions\/1178"}],"wp:featuredmedia":[{"embeddable":true,"href":"https:\/\/segurosgam.com\/en\/wp-json\/wp\/v2\/media\/825"}],"wp:attachment":[{"href":"https:\/\/segurosgam.com\/en\/wp-json\/wp\/v2\/media?parent=1111"}],"curies":[{"name":"wp","href":"https:\/\/api.w.org\/{rel}","templated":true}]}}