{"id":1045,"date":"2025-07-17T18:50:39","date_gmt":"2025-07-18T00:50:39","guid":{"rendered":"https:\/\/segurosgam.com\/?page_id=1045"},"modified":"2026-02-04T19:14:00","modified_gmt":"2026-02-05T01:14:00","slug":"inversion-con-pre-venta-a-largo-plazo-para-incrementar-tu-capital","status":"publish","type":"page","link":"https:\/\/segurosgam.com\/en\/inversion-con-pre-venta-a-largo-plazo-para-incrementar-tu-capital\/","title":{"rendered":"INVERSI\u00d3N CON PRE-VENTA A LARGO PLAZO PARA INCREMENTAR TU CAPITAL"},"content":{"rendered":"<h2>\u00a1\u00a1UN \u00daLTIMO DETALLE Y LOGRAS ESA INVERSI\u00d3N INTELIGENTE!!<\/h2>\n\n\n\n\n\n<p>Lorem Ipsum has been the industry&#8217;s standard dummy text ever since the 1500s.<\/p>\n\n\n\n\n\n<p>Al comprar ahora, <strong>congelas el precio <\/strong>y te proteges contra subidas por plusval\u00eda, inflaci\u00f3n o cambios en el tipo de cambio.<br> <br><br>S\u00ed, <strong>est\u00e1s blindando tu inversi\u00f3n<\/strong> desde el d\u00eda uno.<\/p>\n\n\n\n\n\n\n<h3>\u00bfC\u00d3MO ENTRAS AL JUEGO?        <br>BUENO&#8230; DEPENDE DE TU PRESUPUESTO:<\/h3>\n\n\n\n\n\n<p>Lorem Ipsum has been the industry&#8217;s standard dummy text ever since the 1500s.<\/p>\n\n\n\n\n\n\n<strong>Con financiamiento directo:<\/strong>\n\n\nDesde <strong>5% de enganche<\/strong> y pagos a <strong>meses sin intereses<\/strong> hasta por 7 a\u00f1os.&nbsp;\n\n\nTu depa se <strong>entrega de 2 a m\u00e1ximo 3 a\u00f1os<\/strong> y ya lo puedes <strong>vender<\/strong>.\n\n\n<span style=\"color:#ffffff;\">..<\/span>\n\n\n<strong>Con enganche \u00fanico:<\/strong>\n\n\nDas el <strong>30-35%<\/strong>, y el resto hasta la entrega. <strong>\u00a1Simple!<\/strong>\n\n\n\n\n\n\n\n<h3>\u00bfY LO MEJOR?<\/h3>\n\n\n\n\n\n\n\n\n\n\n<p>Al recibir tu depa, puedes venderlo y <strong>ganar +20% en promedio<\/strong>.<br><strong><br>Tu dinero trabaja por ti<\/strong>, sin esfuerzo extra.<\/p>\n\n\n\n\n\n<p>Lorem Ipsum has been the industry&#8217;s standard dummy text ever since the 1500s.<\/p>\n\n\n\n\n<h3>Si el efectivo es un tema, tenemos la respuesta. <br>F\u00e1cil, claro y a tu medida.<\/h3>\n\n\n\n\n<p>Lorem Ipsum has been the industry&#8217;s standard dummy text ever since the 1500s.<\/p>\n\n\n\n\n\n<h3>\u00a1\u00a1Te entendemos: <br>Por eso dise\u00f1amos opciones que se adaptan a tu bolsillo!!<\/h3>\n\n\n\n\n\n\n<p>Tenemos la <strong>soluci\u00f3n perfecta<\/strong> de financiamiento y tu unidad puede <strong>pagarse sola<\/strong>.<\/p>\n\n\n\n\n\n\n<h2>Cont\u00e1ctanos y te explicamos c\u00f3mo.<\/h2>\n\n\n\n\n\n\n\n\n\n<div class=\"wpcf7 no-js\" id=\"wpcf7-f1052-o1\" lang=\"es-ES\" dir=\"ltr\" data-wpcf7-id=\"1052\">\n<div class=\"screen-reader-response\"><p role=\"status\" aria-live=\"polite\" aria-atomic=\"true\"><\/p> <ul><\/ul><\/div>\n<form action=\"\/en\/wp-json\/wp\/v2\/pages\/1045#wpcf7-f1052-o1\" method=\"post\" class=\"wpcf7-form init\" aria-label=\"Formulario de contacto\" novalidate=\"novalidate\" data-status=\"init\" data-trp-original-action=\"\/en\/wp-json\/wp\/v2\/pages\/1045#wpcf7-f1052-o1\">\n<fieldset class=\"hidden-fields-container\"><input type=\"hidden\" name=\"_wpcf7\" value=\"1052\" \/><input type=\"hidden\" name=\"_wpcf7_version\" value=\"6.1.5\" \/><input type=\"hidden\" name=\"_wpcf7_locale\" value=\"es_ES\" \/><input type=\"hidden\" name=\"_wpcf7_unit_tag\" value=\"wpcf7-f1052-o1\" \/><input type=\"hidden\" name=\"_wpcf7_container_post\" value=\"0\" \/><input type=\"hidden\" name=\"_wpcf7_posted_data_hash\" value=\"\" \/>\n<\/fieldset>\n<p><label> Nombre (obligatorio)<br \/>\n<span class=\"wpcf7-form-control-wrap\" data-name=\"your-name\"><input size=\"40\" maxlength=\"400\" class=\"wpcf7-form-control wpcf7-text wpcf7-validates-as-required\" aria-required=\"true\" aria-invalid=\"false\" value=\"\" type=\"text\" name=\"your-name\" \/><\/span> <\/label>\n<\/p>\n<p><label> Correo electr\u00f3nico (obligatorio)<br \/>\n<span class=\"wpcf7-form-control-wrap\" data-name=\"your-email\"><input size=\"40\" maxlength=\"400\" class=\"wpcf7-form-control wpcf7-email wpcf7-validates-as-required wpcf7-text wpcf7-validates-as-email\" aria-required=\"true\" aria-invalid=\"false\" value=\"\" type=\"email\" name=\"your-email\" \/><\/span> <\/label>\n<\/p>\n<p><label> mensaje (Opcional)<br \/>\n<span class=\"wpcf7-form-control-wrap\" data-name=\"your-message\"><textarea cols=\"40\" rows=\"10\" maxlength=\"2000\" class=\"wpcf7-form-control wpcf7-textarea\" aria-invalid=\"false\" name=\"your-message\"><\/textarea><\/span> <\/label>\n<\/p>\n<p><label> WhatsApp (Obligatorio)<br \/>\n<span class=\"wpcf7-form-control-wrap\" data-name=\"tlf-cod\"><input size=\"40\" class=\"wpcf7-form-control wpcf7-phonetext wpcf7-validates-as-required wpcf7-text wpcf7-validates-as-phonetext\" data-numberonly=\"true\" aria-required=\"true\" aria-invalid=\"false\" value=\"\" type=\"text\" name=\"tlf-cod\" \/><input type=\"hidden\" name=\"tlf-cod-country-code\" class=\"wpcf7-phonetext-country-code\" \/><\/span> <\/label>\n<\/p>\n<p><label> ENGANCHE DISPONIBLE:<br \/>\n<span class=\"wpcf7-form-control-wrap\" data-name=\"radio-642\"><span class=\"wpcf7-form-control wpcf7-radio ENGANCHE DISPONIBLE\"><span class=\"wpcf7-list-item first\"><label><input type=\"radio\" name=\"radio-642\" value=\"ENTRE 0.3 Y 1.0 MDP\" \/><span class=\"wpcf7-list-item-label\">ENTRE 0.3 Y 1.0 MDP<\/span><\/label><\/span><span class=\"wpcf7-list-item\"><label><input type=\"radio\" name=\"radio-642\" value=\"ENTRE 1.0 Y 2.0 MDP\" \/><span class=\"wpcf7-list-item-label\">ENTRE 1.0 Y 2.0 MDP<\/span><\/label><\/span><span class=\"wpcf7-list-item last\"><label><input type=\"radio\" name=\"radio-642\" value=\"MAYOR A 2 MDP\" \/><span class=\"wpcf7-list-item-label\">MAYOR A 2 MDP<\/span><\/label><\/span><\/span><\/span><br \/>\n<input class=\"wpcf7-form-control wpcf7-submit has-spinner\" type=\"submit\" value=\"ENVIAR\" \/><\/label>\n<\/p><p style=\"display: none !important;\" class=\"akismet-fields-container\" data-prefix=\"_wpcf7_ak_\"><label>&#916;<textarea name=\"_wpcf7_ak_hp_textarea\" cols=\"45\" rows=\"8\" maxlength=\"100\"><\/textarea><\/label><input type=\"hidden\" id=\"ak_js_1\" name=\"_wpcf7_ak_js\" value=\"143\"\/><script>document.getElementById( \"ak_js_1\" ).setAttribute( \"value\", ( new Date() ).getTime() );<\/script><\/p><div class=\"wpcf7-response-output\" aria-hidden=\"true\"><\/div>\n<input type=\"hidden\" name=\"trp-form-language\" value=\"en\"\/><\/form>\n<\/div>\n\n\n\n\n\n\n<h2>\u00bfNo deseas esperar?&#8230; Te respondemos en menos de 10 mins.<\/h2>\n\n\n\n\n\n\n\n\n\n<p>Lorem Ipsum has been the industry&#8217;s standard dummy text ever since the 1500s.<\/p>","protected":false},"excerpt":{"rendered":"","protected":false},"author":1,"featured_media":825,"parent":0,"menu_order":0,"comment_status":"closed","ping_status":"closed","template":"","meta":{"pagelayer_contact_templates":[],"_pagelayer_content":"","ngg_post_thumbnail":0,"footnotes":""},"class_list":["post-1045","page","type-page","status-publish","has-post-thumbnail","hentry"],"yoast_head":"<!-- This site is optimized with the Yoast SEO plugin v27.1.1 - https:\/\/yoast.com\/product\/yoast-seo-wordpress\/ -->\n<title>INVERSI\u00d3N CON PRE-VENTA A LARGO PLAZO PARA INCREMENTAR TU CAPITAL | SEGUROS GAM<\/title>\n<meta name=\"description\" content=\"Asesoramiento profesional en Vivienda Vertical como inversi\u00f3n y capitalizaci\u00f3n. Tenemos m\u00e1s de 15 a\u00f1os de experiencia en el ramo.\" \/>\n<meta name=\"robots\" content=\"index, follow, max-snippet:-1, max-image-preview:large, max-video-preview:-1\" \/>\n<link rel=\"canonical\" href=\"https:\/\/segurosgam.com\/en\/inversion-con-pre-venta-a-largo-plazo-para-incrementar-tu-capital\/\" \/>\n<meta property=\"og:locale\" content=\"en_US\" \/>\n<meta property=\"og:type\" content=\"article\" \/>\n<meta property=\"og:title\" content=\"INVERSI\u00d3N CON PRE-VENTA A LARGO PLAZO PARA INCREMENTAR TU CAPITAL | SEGUROS GAM\" \/>\n<meta property=\"og:description\" content=\"Asesoramiento profesional en Vivienda Vertical como inversi\u00f3n y capitalizaci\u00f3n. Tenemos m\u00e1s de 15 a\u00f1os de experiencia en el ramo.\" \/>\n<meta property=\"og:url\" content=\"https:\/\/segurosgam.com\/en\/inversion-con-pre-venta-a-largo-plazo-para-incrementar-tu-capital\/\" \/>\n<meta property=\"og:site_name\" content=\"SEGUROS GAM\" \/>\n<meta property=\"article:modified_time\" content=\"2026-02-05T01:14:00+00:00\" \/>\n<meta property=\"og:image\" content=\"https:\/\/segurosgam.com\/wp-content\/uploads\/2025\/07\/face-fan-page.jpg\" \/>\n\t<meta property=\"og:image:width\" content=\"851\" \/>\n\t<meta property=\"og:image:height\" content=\"315\" \/>\n\t<meta property=\"og:image:type\" content=\"image\/jpeg\" \/>\n<meta name=\"twitter:card\" content=\"summary_large_image\" \/>\n<meta name=\"twitter:label1\" content=\"Est. reading time\" \/>\n\t<meta name=\"twitter:data1\" content=\"2 minutes\" \/>\n<script type=\"application\/ld+json\" class=\"yoast-schema-graph\">{\"@context\":\"https:\/\/schema.org\",\"@graph\":[{\"@type\":\"WebPage\",\"@id\":\"https:\/\/segurosgam.com\/inversion-con-pre-venta-a-largo-plazo-para-incrementar-tu-capital\/\",\"url\":\"https:\/\/segurosgam.com\/inversion-con-pre-venta-a-largo-plazo-para-incrementar-tu-capital\/\",\"name\":\"INVERSI\u00d3N CON PRE-VENTA A LARGO PLAZO PARA INCREMENTAR TU CAPITAL | SEGUROS GAM\",\"isPartOf\":{\"@id\":\"http:\/\/segurosgam.com\/#website\"},\"primaryImageOfPage\":{\"@id\":\"https:\/\/segurosgam.com\/inversion-con-pre-venta-a-largo-plazo-para-incrementar-tu-capital\/#primaryimage\"},\"image\":{\"@id\":\"https:\/\/segurosgam.com\/inversion-con-pre-venta-a-largo-plazo-para-incrementar-tu-capital\/#primaryimage\"},\"thumbnailUrl\":\"https:\/\/segurosgam.com\/wp-content\/uploads\/2025\/07\/face-fan-page.jpg\",\"datePublished\":\"2025-07-18T00:50:39+00:00\",\"dateModified\":\"2026-02-05T01:14:00+00:00\",\"description\":\"Asesoramiento profesional en Vivienda Vertical como inversi\u00f3n y capitalizaci\u00f3n. Tenemos m\u00e1s de 15 a\u00f1os de experiencia en el ramo.\",\"breadcrumb\":{\"@id\":\"https:\/\/segurosgam.com\/inversion-con-pre-venta-a-largo-plazo-para-incrementar-tu-capital\/#breadcrumb\"},\"inLanguage\":\"en-US\",\"potentialAction\":[{\"@type\":\"ReadAction\",\"target\":[\"https:\/\/segurosgam.com\/inversion-con-pre-venta-a-largo-plazo-para-incrementar-tu-capital\/\"]}]},{\"@type\":\"ImageObject\",\"inLanguage\":\"en-US\",\"@id\":\"https:\/\/segurosgam.com\/inversion-con-pre-venta-a-largo-plazo-para-incrementar-tu-capital\/#primaryimage\",\"url\":\"https:\/\/segurosgam.com\/wp-content\/uploads\/2025\/07\/face-fan-page.jpg\",\"contentUrl\":\"https:\/\/segurosgam.com\/wp-content\/uploads\/2025\/07\/face-fan-page.jpg\",\"width\":851,\"height\":315},{\"@type\":\"BreadcrumbList\",\"@id\":\"https:\/\/segurosgam.com\/inversion-con-pre-venta-a-largo-plazo-para-incrementar-tu-capital\/#breadcrumb\",\"itemListElement\":[{\"@type\":\"ListItem\",\"position\":1,\"name\":\"Portada\",\"item\":\"http:\/\/segurosgam.com\/\"},{\"@type\":\"ListItem\",\"position\":2,\"name\":\"INVERSI\u00d3N CON PRE-VENTA A LARGO PLAZO PARA INCREMENTAR TU CAPITAL\"}]},{\"@type\":\"WebSite\",\"@id\":\"http:\/\/segurosgam.com\/#website\",\"url\":\"http:\/\/segurosgam.com\/\",\"name\":\"SEGUROS GAM\",\"description\":\"SEGUROS A TU MEDIDA\",\"publisher\":{\"@id\":\"http:\/\/segurosgam.com\/#organization\"},\"potentialAction\":[{\"@type\":\"SearchAction\",\"target\":{\"@type\":\"EntryPoint\",\"urlTemplate\":\"http:\/\/segurosgam.com\/?s={search_term_string}\"},\"query-input\":{\"@type\":\"PropertyValueSpecification\",\"valueRequired\":true,\"valueName\":\"search_term_string\"}}],\"inLanguage\":\"en-US\"},{\"@type\":\"Organization\",\"@id\":\"http:\/\/segurosgam.com\/#organization\",\"name\":\"GAM ASESORES\",\"url\":\"http:\/\/segurosgam.com\/\",\"logo\":{\"@type\":\"ImageObject\",\"inLanguage\":\"en-US\",\"@id\":\"http:\/\/segurosgam.com\/#\/schema\/logo\/image\/\",\"url\":\"https:\/\/segurosgam.com\/wp-content\/uploads\/2020\/07\/logo-gera-3.jpg\",\"contentUrl\":\"https:\/\/segurosgam.com\/wp-content\/uploads\/2020\/07\/logo-gera-3.jpg\",\"width\":205,\"height\":154,\"caption\":\"GAM ASESORES\"},\"image\":{\"@id\":\"http:\/\/segurosgam.com\/#\/schema\/logo\/image\/\"}}]}<\/script>\n<!-- \/ Yoast SEO plugin. -->","yoast_head_json":{"title":"INVERSI\u00d3N CON PRE-VENTA A LARGO PLAZO PARA INCREMENTAR TU CAPITAL | SEGUROS GAM","description":"Asesoramiento profesional en Vivienda Vertical como inversi\u00f3n y capitalizaci\u00f3n. Tenemos m\u00e1s de 15 a\u00f1os de experiencia en el ramo.","robots":{"index":"index","follow":"follow","max-snippet":"max-snippet:-1","max-image-preview":"max-image-preview:large","max-video-preview":"max-video-preview:-1"},"canonical":"https:\/\/segurosgam.com\/en\/inversion-con-pre-venta-a-largo-plazo-para-incrementar-tu-capital\/","og_locale":"en_US","og_type":"article","og_title":"INVERSI\u00d3N CON PRE-VENTA A LARGO PLAZO PARA INCREMENTAR TU CAPITAL | SEGUROS GAM","og_description":"Asesoramiento profesional en Vivienda Vertical como inversi\u00f3n y capitalizaci\u00f3n. Tenemos m\u00e1s de 15 a\u00f1os de experiencia en el ramo.","og_url":"https:\/\/segurosgam.com\/en\/inversion-con-pre-venta-a-largo-plazo-para-incrementar-tu-capital\/","og_site_name":"SEGUROS GAM","article_modified_time":"2026-02-05T01:14:00+00:00","og_image":[{"width":851,"height":315,"url":"https:\/\/segurosgam.com\/wp-content\/uploads\/2025\/07\/face-fan-page.jpg","type":"image\/jpeg"}],"twitter_card":"summary_large_image","twitter_misc":{"Est. reading time":"2 minutes"},"schema":{"@context":"https:\/\/schema.org","@graph":[{"@type":"WebPage","@id":"https:\/\/segurosgam.com\/inversion-con-pre-venta-a-largo-plazo-para-incrementar-tu-capital\/","url":"https:\/\/segurosgam.com\/inversion-con-pre-venta-a-largo-plazo-para-incrementar-tu-capital\/","name":"INVERSI\u00d3N CON PRE-VENTA A LARGO PLAZO PARA INCREMENTAR TU CAPITAL | SEGUROS GAM","isPartOf":{"@id":"http:\/\/segurosgam.com\/#website"},"primaryImageOfPage":{"@id":"https:\/\/segurosgam.com\/inversion-con-pre-venta-a-largo-plazo-para-incrementar-tu-capital\/#primaryimage"},"image":{"@id":"https:\/\/segurosgam.com\/inversion-con-pre-venta-a-largo-plazo-para-incrementar-tu-capital\/#primaryimage"},"thumbnailUrl":"https:\/\/segurosgam.com\/wp-content\/uploads\/2025\/07\/face-fan-page.jpg","datePublished":"2025-07-18T00:50:39+00:00","dateModified":"2026-02-05T01:14:00+00:00","description":"Asesoramiento profesional en Vivienda Vertical como inversi\u00f3n y capitalizaci\u00f3n. Tenemos m\u00e1s de 15 a\u00f1os de experiencia en el ramo.","breadcrumb":{"@id":"https:\/\/segurosgam.com\/inversion-con-pre-venta-a-largo-plazo-para-incrementar-tu-capital\/#breadcrumb"},"inLanguage":"en-US","potentialAction":[{"@type":"ReadAction","target":["https:\/\/segurosgam.com\/inversion-con-pre-venta-a-largo-plazo-para-incrementar-tu-capital\/"]}]},{"@type":"ImageObject","inLanguage":"en-US","@id":"https:\/\/segurosgam.com\/inversion-con-pre-venta-a-largo-plazo-para-incrementar-tu-capital\/#primaryimage","url":"https:\/\/segurosgam.com\/wp-content\/uploads\/2025\/07\/face-fan-page.jpg","contentUrl":"https:\/\/segurosgam.com\/wp-content\/uploads\/2025\/07\/face-fan-page.jpg","width":851,"height":315},{"@type":"BreadcrumbList","@id":"https:\/\/segurosgam.com\/inversion-con-pre-venta-a-largo-plazo-para-incrementar-tu-capital\/#breadcrumb","itemListElement":[{"@type":"ListItem","position":1,"name":"Portada","item":"http:\/\/segurosgam.com\/"},{"@type":"ListItem","position":2,"name":"INVERSI\u00d3N CON PRE-VENTA A LARGO PLAZO PARA INCREMENTAR TU CAPITAL"}]},{"@type":"WebSite","@id":"http:\/\/segurosgam.com\/#website","url":"http:\/\/segurosgam.com\/","name":"GAM INSURANCES","description":"SEGUROS A TU MEDIDA","publisher":{"@id":"http:\/\/segurosgam.com\/#organization"},"potentialAction":[{"@type":"SearchAction","target":{"@type":"EntryPoint","urlTemplate":"http:\/\/segurosgam.com\/?s={search_term_string}"},"query-input":{"@type":"PropertyValueSpecification","valueRequired":true,"valueName":"search_term_string"}}],"inLanguage":"en-US"},{"@type":"Organization","@id":"http:\/\/segurosgam.com\/#organization","name":"GAM ASESORES","url":"http:\/\/segurosgam.com\/","logo":{"@type":"ImageObject","inLanguage":"en-US","@id":"http:\/\/segurosgam.com\/#\/schema\/logo\/image\/","url":"https:\/\/segurosgam.com\/wp-content\/uploads\/2020\/07\/logo-gera-3.jpg","contentUrl":"https:\/\/segurosgam.com\/wp-content\/uploads\/2020\/07\/logo-gera-3.jpg","width":205,"height":154,"caption":"GAM ASESORES"},"image":{"@id":"http:\/\/segurosgam.com\/#\/schema\/logo\/image\/"}}]}},"_links":{"self":[{"href":"https:\/\/segurosgam.com\/en\/wp-json\/wp\/v2\/pages\/1045","targetHints":{"allow":["GET"]}}],"collection":[{"href":"https:\/\/segurosgam.com\/en\/wp-json\/wp\/v2\/pages"}],"about":[{"href":"https:\/\/segurosgam.com\/en\/wp-json\/wp\/v2\/types\/page"}],"author":[{"embeddable":true,"href":"https:\/\/segurosgam.com\/en\/wp-json\/wp\/v2\/users\/1"}],"replies":[{"embeddable":true,"href":"https:\/\/segurosgam.com\/en\/wp-json\/wp\/v2\/comments?post=1045"}],"version-history":[{"count":8,"href":"https:\/\/segurosgam.com\/en\/wp-json\/wp\/v2\/pages\/1045\/revisions"}],"predecessor-version":[{"id":1172,"href":"https:\/\/segurosgam.com\/en\/wp-json\/wp\/v2\/pages\/1045\/revisions\/1172"}],"wp:featuredmedia":[{"embeddable":true,"href":"https:\/\/segurosgam.com\/en\/wp-json\/wp\/v2\/media\/825"}],"wp:attachment":[{"href":"https:\/\/segurosgam.com\/en\/wp-json\/wp\/v2\/media?parent=1045"}],"curies":[{"name":"wp","href":"https:\/\/api.w.org\/{rel}","templated":true}]}}